{"id":553,"date":"2021-03-16T12:53:00","date_gmt":"2021-03-16T11:53:00","guid":{"rendered":"https:\/\/comtruck-karadut.savviihq.com\/contact\/"},"modified":"2021-06-21T13:00:16","modified_gmt":"2021-06-21T11:00:16","slug":"contact","status":"publish","type":"page","link":"https:\/\/www.truckparkingholland.com\/ro\/contact\/","title":{"rendered":"Contact"},"content":{"rendered":"<div class=\"wpb-content-wrapper\"><p>[vc_row css_animation=&#8221;&#8221; row_type=&#8221;row&#8221; use_row_as_full_screen_section=&#8221;no&#8221; type=&#8221;grid&#8221; angled_section=&#8221;no&#8221; text_align=&#8221;left&#8221; background_image_as_pattern=&#8221;without_pattern&#8221; z_index=&#8221;&#8221;][vc_column width=&#8221;7\/12&#8243; css=&#8221;.vc_custom_1615391332765{padding-top: 3em !important;padding-bottom: 5em !important;padding-left: 2vw !important;}&#8221; el_class=&#8221;vc_col-sm-push-5&#8243;][vc_column_text]<\/p>\n<h2>Adresa<\/h2>\n<p>Parcarea pentru camioane Borchwerf este localizat\u0103 \u00een partea de est a autostr\u0103zii A17, la ie\u015firea 20.<\/p>\n<p>Adresa este:<br \/>\nAanwas 4<br \/>\n4704 SC Roosendaal<br \/>\nOlanda<\/p>\n<p>Localizat\u0103 central \u00eentre Rotterdam \u015fi Antwerp!<\/p>\n<p>Autostrada A17 reprezint\u0103 unul dintre cele mai importante canale de trafic din re\u0163eaua de transport european dintre Rotterdam \u015fi Antwerp, cu leg\u0103tur\u0103 direct\u0103 c\u0103tre autostrada A58. Parcarea pentru camioane este localizat\u0103, de asemenea, chiar \u00een zona industrial\u0103 Borchwerf II.<\/p>\n<h2>Contact<\/h2>\n<p><a href=\"mailto:meldkamer@parkeerbeheer.nl\">meldkamer@parkeerbeheer.nl<\/a> \/ <a href=\"tel:+31165560275\">+31165560275<\/a>[\/vc_column_text][\/vc_column][vc_column width=&#8221;5\/12&#8243; el_class=&#8221;vc_col-sm-pull-7&#8243;]\n<div class=\"wpcf7 no-js\" id=\"wpcf7-f511-o1\" lang=\"ro-RO\" dir=\"ltr\" data-wpcf7-id=\"511\">\n<div class=\"screen-reader-response\"><p role=\"status\" aria-live=\"polite\" aria-atomic=\"true\"><\/p> <ul><\/ul><\/div>\n<form action=\"\/ro\/wp-json\/wp\/v2\/pages\/553#wpcf7-f511-o1\" method=\"post\" class=\"wpcf7-form init default wpcf7-acceptance-as-validation\" aria-label=\"Formular de contact\" novalidate=\"novalidate\" data-status=\"init\">\n<fieldset class=\"hidden-fields-container\"><input type=\"hidden\" name=\"_wpcf7\" value=\"511\" \/><input type=\"hidden\" name=\"_wpcf7_version\" value=\"6.1.5\" \/><input type=\"hidden\" name=\"_wpcf7_locale\" value=\"ro_RO\" \/><input type=\"hidden\" name=\"_wpcf7_unit_tag\" value=\"wpcf7-f511-o1\" \/><input type=\"hidden\" name=\"_wpcf7_container_post\" value=\"0\" \/><input type=\"hidden\" name=\"_wpcf7_posted_data_hash\" value=\"\" \/><input type=\"hidden\" name=\"_wpcf7_recaptcha_response\" value=\"\" \/>\n<\/fieldset>\n<div class=\"tph-form-container\">\n<div class=\"wpcf7-response-output\" aria-hidden=\"true\"><\/div>\n\t<h4>A rezerva\n\t<\/h4>\n\t<p>Rezerva\u021bi acum un loc de parcare securizat pentru camionul dvs.\n\t<\/p>\n\t<div>\n\t\t<p><span class=\"wpcf7-form-control-wrap\" data-name=\"naam-transportbedrijf\"><input size=\"40\" maxlength=\"400\" class=\"wpcf7-form-control wpcf7-text wpcf7-validates-as-required\" aria-required=\"true\" aria-invalid=\"false\" placeholder=\"Numele companiei de transport\" value=\"\" type=\"text\" name=\"naam-transportbedrijf\" \/><\/span>\n\t\t<\/p>\n\t<\/div>\n\t<div>\n\t\t<p><span class=\"wpcf7-form-control-wrap\" data-name=\"naam-chauffeur\"><input size=\"40\" maxlength=\"400\" class=\"wpcf7-form-control wpcf7-text wpcf7-validates-as-required\" aria-required=\"true\" aria-invalid=\"false\" placeholder=\"Numele \u015foferului\" value=\"\" type=\"text\" name=\"naam-chauffeur\" \/><\/span>\n\t\t<\/p>\n\t<\/div>\n\t<div>\n\t\t<p><span class=\"wpcf7-form-control-wrap\" data-name=\"kenteken\"><input size=\"40\" maxlength=\"400\" class=\"wpcf7-form-control wpcf7-text wpcf7-validates-as-required\" aria-required=\"true\" aria-invalid=\"false\" placeholder=\"Num\u0103r de \u00eenmatriculare vehicul\" value=\"\" type=\"text\" name=\"kenteken\" \/><\/span>\n\t\t<\/p>\n\t<\/div>\n\t<div>\n\t\t<p><span class=\"wpcf7-form-control-wrap\" data-name=\"e-mailadres\"><input size=\"40\" maxlength=\"400\" class=\"wpcf7-form-control wpcf7-email wpcf7-validates-as-required wpcf7-text wpcf7-validates-as-email\" aria-required=\"true\" aria-invalid=\"false\" placeholder=\"E-mail\" value=\"\" type=\"email\" name=\"e-mailadres\" \/><\/span>\n\t\t<\/p>\n\t<\/div>\n\t<div class=\"form-two-col\">\n\t\t<div>\n\t\t\t<p><label> \u00cenregistrare la sosire <span class=\"wpcf7-form-control-wrap\" data-name=\"check-in\"><input class=\"wpcf7-form-control wpcf7-date wpcf7-validates-as-required wpcf7-validates-as-date\" aria-required=\"true\" aria-invalid=\"false\" placeholder=\"\u00cenregistrare la sosire\" value=\"\" type=\"date\" name=\"check-in\" \/><\/span><\/label>\n\t\t\t<\/p>\n\t\t<\/div>\n\t\t<div>\n\t\t\t<p><label> \u00cenregistrare la plecare <span class=\"wpcf7-form-control-wrap\" data-name=\"check-out\"><input class=\"wpcf7-form-control wpcf7-date wpcf7-validates-as-required wpcf7-validates-as-date\" aria-required=\"true\" aria-invalid=\"false\" placeholder=\"\u00cenregistrare la plecare\" value=\"\" type=\"date\" name=\"check-out\" \/><\/span><\/label>\n\t\t\t<\/p>\n\t\t<\/div>\n\t<\/div>\n\t<p><label> Selectare \u0163ar\u0103<br \/>\n<span class=\"wpcf7-form-control-wrap\" data-name=\"landselectie\"><select class=\"wpcf7-form-control wpcf7-select wpcf7-validates-as-required\" aria-required=\"true\" aria-invalid=\"false\" name=\"landselectie\"><option value=\"\">- Te rog alege o op\u021biune -<\/option><option value=\"Albania\">Albania<\/option><option value=\"Andorra\">Andorra<\/option><option value=\"Austria\">Austria<\/option><option value=\"Belarus\">Belarus<\/option><option value=\"Belgium\">Belgium<\/option><option value=\"Bosnia and Herzegovina\">Bosnia and Herzegovina<\/option><option value=\"Bulgaria\">Bulgaria<\/option><option value=\"Croatia\">Croatia<\/option><option value=\"Czech Republic\">Czech Republic<\/option><option value=\"Denmark\">Denmark<\/option><option value=\"Estonia\">Estonia<\/option><option value=\"Faroe Islands (Denmark)\">Faroe Islands (Denmark)<\/option><option value=\"Finland\">Finland<\/option><option value=\"France\">France<\/option><option value=\"Germany\">Germany<\/option><option value=\"Greece\">Greece<\/option><option value=\"Guernsey (UK)\">Guernsey (UK)<\/option><option value=\"Hungary\">Hungary<\/option><option value=\"Iceland\">Iceland<\/option><option value=\"Ireland\">Ireland<\/option><option value=\"Isle of Man (UK)\">Isle of Man (UK)<\/option><option value=\"Italy\">Italy<\/option><option value=\"Jersey (UK)\">Jersey (UK)<\/option><option value=\"Kosovo\">Kosovo<\/option><option value=\"Latvia\">Latvia<\/option><option value=\"Liechtenstein\">Liechtenstein<\/option><option value=\"Lithuania\">Lithuania<\/option><option value=\"Luxembourg\">Luxembourg<\/option><option value=\"Macedonia\">Macedonia<\/option><option value=\"Malta\">Malta<\/option><option value=\"Moldova\">Moldova<\/option><option value=\"Monaco\">Monaco<\/option><option value=\"Montenegro\">Montenegro<\/option><option value=\"Netherlands\">Netherlands<\/option><option value=\"Norway\">Norway<\/option><option value=\"Poland\">Poland<\/option><option value=\"Portugal\">Portugal<\/option><option value=\"Romania\">Romania<\/option><option value=\"Russia\">Russia<\/option><option value=\"San Marino\">San Marino<\/option><option value=\"Serbia\">Serbia<\/option><option value=\"Slovakia\">Slovakia<\/option><option value=\"Slovenia\">Slovenia<\/option><option value=\"Spain\">Spain<\/option><option value=\"Sweden\">Sweden<\/option><option value=\"Switzerland\">Switzerland<\/option><option value=\"Ukraine\">Ukraine<\/option><option value=\"United Kingdom\">United Kingdom<\/option><\/select><\/span><\/label>\n\t<\/p>\n\t<div>\n\t\t<p><span class=\"wpcf7-form-control-wrap\" data-name=\"privacyverklaring\"><span class=\"wpcf7-form-control wpcf7-acceptance\"><span class=\"wpcf7-list-item\"><label><input type=\"checkbox\" name=\"privacyverklaring\" value=\"1\" aria-invalid=\"false\" \/><span class=\"wpcf7-list-item-label\">Sunt de acord cu <a href=\"https:\/\/truckparkingholland.com\/wp-content\/uploads\/2021\/06\/1Privacybeleid.pdf\" target=\"_blank\">Declara\u021bie de confiden\u021bialitate<\/a>.<\/span><\/label><\/span><\/span><\/span>\n\t\t<\/p>\n\t<\/div>\n\t<div>\n\t\t<p><input class=\"wpcf7-form-control wpcf7-submit has-spinner\" type=\"submit\" value=\"Trimite\" \/>\n\t\t<\/p>\n\t<\/div>\n<\/div><input type='hidden' class='wpcf7-pum' value='{\"closepopup\":false,\"closedelay\":0,\"openpopup\":false,\"openpopup_id\":0}' \/>\n<\/form>\n<\/div>\n[\/vc_column][\/vc_row][vc_row css_animation=&#8221;&#8221; row_type=&#8221;row&#8221; use_row_as_full_screen_section=&#8221;no&#8221; type=&#8221;full_width&#8221; angled_section=&#8221;no&#8221; text_align=&#8221;left&#8221; background_image_as_pattern=&#8221;without_pattern&#8221; z_index=&#8221;&#8221; css=&#8221;.vc_custom_1615448552104{margin-top: 2em !important;}&#8221;][vc_column][vc_raw_html]PGlmcmFtZSBzdHlsZT0iYm9yZGVyOiAwOyIgc3JjPSJodHRwczovL3d3dy5nb29nbGUuY29tL21hcHMvZW1iZWQ\/cGI9ITFtMTQhMW04ITFtMyExZDYzNTAyNS4xNDM5NDkwOTM0ITJkNC4wMzI2MDk5ODMzNDk2NjMhM2Q1MS41NTc4Mzg5OTk5OTk5OCEzbTIhMWkxMDI0ITJpNzY4ITRmMTMuMSEzbTMhMW0yITFzMHg0N2M0MTY1OGJjNzBmMThkJTNBMHhhNThhZGJmM2I3MjAzYmYhMnNBYW53YXMlMjA0JTJDJTIwNDcwNCUyMFNDJTIwUm9vc2VuZGFhbCE1ZTAhM20yITFzbmwhMnNubCE0djE2MjQyNzMwMjE3OTUhNW0yITFzbmwhMnNubCIgd2lkdGg9IjEwMCUiIGhlaWdodD0iNDUwIiBhbGxvd2Z1bGxzY3JlZW49ImFsbG93ZnVsbHNjcmVlbiI+PC9pZnJhbWU+[\/vc_raw_html][\/vc_column][\/vc_row]<\/p>\n<\/div>","protected":false},"excerpt":{"rendered":"<p>[vc_row css_animation=&#8221;&#8221; row_type=&#8221;row&#8221; use_row_as_full_screen_section=&#8221;no&#8221; type=&#8221;grid&#8221; angled_section=&#8221;no&#8221; text_align=&#8221;left&#8221; background_image_as_pattern=&#8221;without_pattern&#8221; z_index=&#8221;&#8221;][vc_column width=&#8221;7\/12&#8243; css=&#8221;.vc_custom_1615391332765{padding-top: 3em !important;padding-bottom: 5em !important;padding-left: 2vw !important;}&#8221; el_class=&#8221;vc_col-sm-push-5&#8243;][vc_column_text] Adresa Parcarea pentru camioane Borchwerf este localizat\u0103 \u00een partea de est a autostr\u0103zii A17, la ie\u015firea 20. Adresa este: Aanwas 4 4704 SC Roosendaal Olanda Localizat\u0103 central&#8230;<\/p>\n","protected":false},"author":1,"featured_media":0,"parent":0,"menu_order":0,"comment_status":"closed","ping_status":"closed","template":"full_width.php","meta":{"footnotes":""},"class_list":["post-553","page","type-page","status-publish","hentry"],"yoast_head":"<!-- This site is optimized with the Yoast SEO plugin v27.4 - https:\/\/yoast.com\/product\/yoast-seo-wordpress\/ -->\n<title>Contact - Truckparking Holland<\/title>\n<meta name=\"robots\" content=\"index, follow, max-snippet:-1, max-image-preview:large, max-video-preview:-1\" \/>\n<meta property=\"og:locale\" content=\"ro_RO\" \/>\n<meta property=\"og:type\" content=\"article\" \/>\n<meta property=\"og:title\" content=\"Contact - Truckparking Holland\" \/>\n<meta property=\"og:description\" content=\"[vc_row css_animation=&#8221;&#8221; row_type=&#8221;row&#8221; use_row_as_full_screen_section=&#8221;no&#8221; type=&#8221;grid&#8221; angled_section=&#8221;no&#8221; text_align=&#8221;left&#8221; background_image_as_pattern=&#8221;without_pattern&#8221; z_index=&#8221;&#8221;][vc_column width=&#8221;7\/12&#8243; css=&#8221;.vc_custom_1615391332765{padding-top: 3em !important;padding-bottom: 5em !important;padding-left: 2vw !important;}&#8221; el_class=&#8221;vc_col-sm-push-5&#8243;][vc_column_text] Adresa Parcarea pentru camioane Borchwerf este localizat\u0103 \u00een partea de est a autostr\u0103zii A17, la ie\u015firea 20. Adresa este: Aanwas 4 4704 SC Roosendaal Olanda Localizat\u0103 central...\" \/>\n<meta property=\"og:url\" content=\"https:\/\/www.truckparkingholland.com\/ro\/contact\/\" \/>\n<meta property=\"og:site_name\" content=\"Truckparking Holland\" \/>\n<meta property=\"article:modified_time\" content=\"2021-06-21T11:00:16+00:00\" \/>\n<meta name=\"twitter:card\" content=\"summary_large_image\" \/>\n<meta name=\"twitter:label1\" content=\"Timp estimat pentru citire\" \/>\n\t<meta name=\"twitter:data1\" content=\"1 minut\" \/>\n<script type=\"application\/ld+json\" class=\"yoast-schema-graph\">{\"@context\":\"https:\\\/\\\/schema.org\",\"@graph\":[{\"@type\":\"WebPage\",\"@id\":\"https:\\\/\\\/www.truckparkingholland.com\\\/ro\\\/contact\\\/\",\"url\":\"https:\\\/\\\/www.truckparkingholland.com\\\/ro\\\/contact\\\/\",\"name\":\"Contact - Truckparking Holland\",\"isPartOf\":{\"@id\":\"https:\\\/\\\/www.truckparkingholland.com\\\/ro\\\/#website\"},\"datePublished\":\"2021-03-16T11:53:00+00:00\",\"dateModified\":\"2021-06-21T11:00:16+00:00\",\"breadcrumb\":{\"@id\":\"https:\\\/\\\/www.truckparkingholland.com\\\/ro\\\/contact\\\/#breadcrumb\"},\"inLanguage\":\"ro-RO\",\"potentialAction\":[{\"@type\":\"ReadAction\",\"target\":[\"https:\\\/\\\/www.truckparkingholland.com\\\/ro\\\/contact\\\/\"]}]},{\"@type\":\"BreadcrumbList\",\"@id\":\"https:\\\/\\\/www.truckparkingholland.com\\\/ro\\\/contact\\\/#breadcrumb\",\"itemListElement\":[{\"@type\":\"ListItem\",\"position\":1,\"name\":\"Home\",\"item\":\"https:\\\/\\\/www.truckparkingholland.com\\\/ro\\\/\"},{\"@type\":\"ListItem\",\"position\":2,\"name\":\"Contact\"}]},{\"@type\":\"WebSite\",\"@id\":\"https:\\\/\\\/www.truckparkingholland.com\\\/ro\\\/#website\",\"url\":\"https:\\\/\\\/www.truckparkingholland.com\\\/ro\\\/\",\"name\":\"Truckparking Holland\",\"description\":\"Veilig parkeren voor uw transport\",\"publisher\":{\"@id\":\"https:\\\/\\\/www.truckparkingholland.com\\\/ro\\\/#organization\"},\"potentialAction\":[{\"@type\":\"SearchAction\",\"target\":{\"@type\":\"EntryPoint\",\"urlTemplate\":\"https:\\\/\\\/www.truckparkingholland.com\\\/ro\\\/?s={search_term_string}\"},\"query-input\":{\"@type\":\"PropertyValueSpecification\",\"valueRequired\":true,\"valueName\":\"search_term_string\"}}],\"inLanguage\":\"ro-RO\"},{\"@type\":\"Organization\",\"@id\":\"https:\\\/\\\/www.truckparkingholland.com\\\/ro\\\/#organization\",\"name\":\"Truckparking Holland\",\"url\":\"https:\\\/\\\/www.truckparkingholland.com\\\/ro\\\/\",\"logo\":{\"@type\":\"ImageObject\",\"inLanguage\":\"ro-RO\",\"@id\":\"https:\\\/\\\/www.truckparkingholland.com\\\/ro\\\/#\\\/schema\\\/logo\\\/image\\\/\",\"url\":\"https:\\\/\\\/truckparkingholland.com\\\/wp-content\\\/uploads\\\/2021\\\/09\\\/logo-truckparking-holland-1.png\",\"contentUrl\":\"https:\\\/\\\/truckparkingholland.com\\\/wp-content\\\/uploads\\\/2021\\\/09\\\/logo-truckparking-holland-1.png\",\"width\":275,\"height\":79,\"caption\":\"Truckparking Holland\"},\"image\":{\"@id\":\"https:\\\/\\\/www.truckparkingholland.com\\\/ro\\\/#\\\/schema\\\/logo\\\/image\\\/\"}}]}<\/script>\n<!-- \/ Yoast SEO plugin. -->","yoast_head_json":{"title":"Contact - Truckparking Holland","robots":{"index":"index","follow":"follow","max-snippet":"max-snippet:-1","max-image-preview":"max-image-preview:large","max-video-preview":"max-video-preview:-1"},"og_locale":"ro_RO","og_type":"article","og_title":"Contact - Truckparking Holland","og_description":"[vc_row css_animation=&#8221;&#8221; row_type=&#8221;row&#8221; use_row_as_full_screen_section=&#8221;no&#8221; type=&#8221;grid&#8221; angled_section=&#8221;no&#8221; text_align=&#8221;left&#8221; background_image_as_pattern=&#8221;without_pattern&#8221; z_index=&#8221;&#8221;][vc_column width=&#8221;7\/12&#8243; css=&#8221;.vc_custom_1615391332765{padding-top: 3em !important;padding-bottom: 5em !important;padding-left: 2vw !important;}&#8221; el_class=&#8221;vc_col-sm-push-5&#8243;][vc_column_text] Adresa Parcarea pentru camioane Borchwerf este localizat\u0103 \u00een partea de est a autostr\u0103zii A17, la ie\u015firea 20. Adresa este: Aanwas 4 4704 SC Roosendaal Olanda Localizat\u0103 central...","og_url":"https:\/\/www.truckparkingholland.com\/ro\/contact\/","og_site_name":"Truckparking Holland","article_modified_time":"2021-06-21T11:00:16+00:00","twitter_card":"summary_large_image","twitter_misc":{"Timp estimat pentru citire":"1 minut"},"schema":{"@context":"https:\/\/schema.org","@graph":[{"@type":"WebPage","@id":"https:\/\/www.truckparkingholland.com\/ro\/contact\/","url":"https:\/\/www.truckparkingholland.com\/ro\/contact\/","name":"Contact - Truckparking Holland","isPartOf":{"@id":"https:\/\/www.truckparkingholland.com\/ro\/#website"},"datePublished":"2021-03-16T11:53:00+00:00","dateModified":"2021-06-21T11:00:16+00:00","breadcrumb":{"@id":"https:\/\/www.truckparkingholland.com\/ro\/contact\/#breadcrumb"},"inLanguage":"ro-RO","potentialAction":[{"@type":"ReadAction","target":["https:\/\/www.truckparkingholland.com\/ro\/contact\/"]}]},{"@type":"BreadcrumbList","@id":"https:\/\/www.truckparkingholland.com\/ro\/contact\/#breadcrumb","itemListElement":[{"@type":"ListItem","position":1,"name":"Home","item":"https:\/\/www.truckparkingholland.com\/ro\/"},{"@type":"ListItem","position":2,"name":"Contact"}]},{"@type":"WebSite","@id":"https:\/\/www.truckparkingholland.com\/ro\/#website","url":"https:\/\/www.truckparkingholland.com\/ro\/","name":"Truckparking Holland","description":"Veilig parkeren voor uw transport","publisher":{"@id":"https:\/\/www.truckparkingholland.com\/ro\/#organization"},"potentialAction":[{"@type":"SearchAction","target":{"@type":"EntryPoint","urlTemplate":"https:\/\/www.truckparkingholland.com\/ro\/?s={search_term_string}"},"query-input":{"@type":"PropertyValueSpecification","valueRequired":true,"valueName":"search_term_string"}}],"inLanguage":"ro-RO"},{"@type":"Organization","@id":"https:\/\/www.truckparkingholland.com\/ro\/#organization","name":"Truckparking Holland","url":"https:\/\/www.truckparkingholland.com\/ro\/","logo":{"@type":"ImageObject","inLanguage":"ro-RO","@id":"https:\/\/www.truckparkingholland.com\/ro\/#\/schema\/logo\/image\/","url":"https:\/\/truckparkingholland.com\/wp-content\/uploads\/2021\/09\/logo-truckparking-holland-1.png","contentUrl":"https:\/\/truckparkingholland.com\/wp-content\/uploads\/2021\/09\/logo-truckparking-holland-1.png","width":275,"height":79,"caption":"Truckparking Holland"},"image":{"@id":"https:\/\/www.truckparkingholland.com\/ro\/#\/schema\/logo\/image\/"}}]}},"_links":{"self":[{"href":"https:\/\/www.truckparkingholland.com\/ro\/wp-json\/wp\/v2\/pages\/553","targetHints":{"allow":["GET"]}}],"collection":[{"href":"https:\/\/www.truckparkingholland.com\/ro\/wp-json\/wp\/v2\/pages"}],"about":[{"href":"https:\/\/www.truckparkingholland.com\/ro\/wp-json\/wp\/v2\/types\/page"}],"author":[{"embeddable":true,"href":"https:\/\/www.truckparkingholland.com\/ro\/wp-json\/wp\/v2\/users\/1"}],"replies":[{"embeddable":true,"href":"https:\/\/www.truckparkingholland.com\/ro\/wp-json\/wp\/v2\/comments?post=553"}],"version-history":[{"count":4,"href":"https:\/\/www.truckparkingholland.com\/ro\/wp-json\/wp\/v2\/pages\/553\/revisions"}],"predecessor-version":[{"id":2794,"href":"https:\/\/www.truckparkingholland.com\/ro\/wp-json\/wp\/v2\/pages\/553\/revisions\/2794"}],"wp:attachment":[{"href":"https:\/\/www.truckparkingholland.com\/ro\/wp-json\/wp\/v2\/media?parent=553"}],"curies":[{"name":"wp","href":"https:\/\/api.w.org\/{rel}","templated":true}]}}