{"id":1736,"date":"2021-04-01T14:52:08","date_gmt":"2021-04-01T12:52:08","guid":{"rendered":"https:\/\/comtruck-karadut.savviihq.com\/?page_id=1736"},"modified":"2021-08-02T20:39:17","modified_gmt":"2021-08-02T18:39:17","slug":"polityka-egzekwowania-przepisow-dotyczacych-parkowania","status":"publish","type":"page","link":"https:\/\/www.truckparkingholland.com\/pl\/polityka-egzekwowania-przepisow-dotyczacych-parkowania\/","title":{"rendered":"Polityka egzekwowania przepis\u00f3w dotycz\u0105cych parkowania"},"content":{"rendered":"<div class=\"wpb-content-wrapper\"><p>[vc_row css_animation=&#8221;&#8221; row_type=&#8221;row&#8221; use_row_as_full_screen_section=&#8221;no&#8221; type=&#8221;grid&#8221; angled_section=&#8221;no&#8221; text_align=&#8221;left&#8221; background_image_as_pattern=&#8221;without_pattern&#8221; z_index=&#8221;&#8221;][vc_column width=&#8221;7\/12&#8243; css=&#8221;.vc_custom_1615391332765{padding-top: 3em !important;padding-bottom: 5em !important;padding-left: 2vw !important;}&#8221; el_class=&#8221;vc_col-sm-push-5&#8243;][vc_column_text]<\/p>\n<h1>Polityka egzekwowania przepis\u00f3w dotycz\u0105cych parkowania<\/h1>\n<p>Na ca\u0142ym terenie strefy przemys\u0142owej Borchwerf obowi\u0105zuje zakaz parkowania. Nieprawid\u0142owo zaparkowane samochody ci\u0119\u017carowe, w tym r\u00f3wnie\u017c podwozia kontenerowe, stwarzaj\u0105 zagro\u017cenie dla wszystkich u\u017cytkownik\u00f3w dr\u00f3g. Dodatkowo powoduje to utrudnienia w doje\u017adzie do posesji prywatnych i teren\u00f3w firm. Dzia\u0142 nadzoru i egzekwowania przepis\u00f3w gminy Roosendaal prowadzi \u015bcis\u0142\u0105 kontrol\u0119 przestrzegania przepis\u00f3w i mo\u017ce nak\u0142ada\u0107 mandaty.<\/p>\n<p>[\/vc_column_text][\/vc_column][vc_column width=&#8221;5\/12&#8243; el_class=&#8221;vc_col-sm-pull-7&#8243;]\n<div class=\"wpcf7 no-js\" id=\"wpcf7-f510-o1\" lang=\"pl-PL\" dir=\"ltr\" data-wpcf7-id=\"510\">\n<div class=\"screen-reader-response\"><p role=\"status\" aria-live=\"polite\" aria-atomic=\"true\"><\/p> <ul><\/ul><\/div>\n<form action=\"\/pl\/wp-json\/wp\/v2\/pages\/1736#wpcf7-f510-o1\" method=\"post\" class=\"wpcf7-form init default wpcf7-acceptance-as-validation\" aria-label=\"Formularz kontaktowy\" novalidate=\"novalidate\" data-status=\"init\">\n<fieldset class=\"hidden-fields-container\"><input type=\"hidden\" name=\"_wpcf7\" value=\"510\" \/><input type=\"hidden\" name=\"_wpcf7_version\" value=\"6.1.5\" \/><input type=\"hidden\" name=\"_wpcf7_locale\" value=\"pl_PL\" \/><input type=\"hidden\" name=\"_wpcf7_unit_tag\" value=\"wpcf7-f510-o1\" \/><input type=\"hidden\" name=\"_wpcf7_container_post\" value=\"0\" \/><input type=\"hidden\" name=\"_wpcf7_posted_data_hash\" value=\"\" \/><input type=\"hidden\" name=\"_wpcf7_recaptcha_response\" value=\"\" \/>\n<\/fieldset>\n<div class=\"tph-form-container\">\n<div class=\"wpcf7-response-output\" aria-hidden=\"true\"><\/div>\n\t<h4>ZAREZERWUJ BEZPO\u015aREDNIO\n\t<\/h4>\n\t<p>Ju\u017c teraz zarezerwuj bezpieczne miejsce parkingowe dla swojej ci\u0119\u017car\u00f3wki.\n\t<\/p>\n\t<div>\n\t\t<p><span class=\"wpcf7-form-control-wrap\" data-name=\"naam-transportbedrijf\"><input size=\"40\" maxlength=\"400\" class=\"wpcf7-form-control wpcf7-text wpcf7-validates-as-required\" aria-required=\"true\" aria-invalid=\"false\" placeholder=\"Nazwa firmy transportowej\" value=\"\" type=\"text\" name=\"naam-transportbedrijf\" \/><\/span>\n\t\t<\/p>\n\t<\/div>\n\t<div>\n\t\t<p><span class=\"wpcf7-form-control-wrap\" data-name=\"naam-chauffeur\"><input size=\"40\" maxlength=\"400\" class=\"wpcf7-form-control wpcf7-text wpcf7-validates-as-required\" aria-required=\"true\" aria-invalid=\"false\" placeholder=\"Nazwisko kierowcy\" value=\"\" type=\"text\" name=\"naam-chauffeur\" \/><\/span>\n\t\t<\/p>\n\t<\/div>\n\t<div>\n\t\t<p><span class=\"wpcf7-form-control-wrap\" data-name=\"kenteken\"><input size=\"40\" maxlength=\"400\" class=\"wpcf7-form-control wpcf7-text wpcf7-validates-as-required\" aria-required=\"true\" aria-invalid=\"false\" placeholder=\"Numer rejestracyjny pojazdu\" value=\"\" type=\"text\" name=\"kenteken\" \/><\/span>\n\t\t<\/p>\n\t<\/div>\n\t<div>\n\t\t<p><span class=\"wpcf7-form-control-wrap\" data-name=\"e-mailadres\"><input size=\"40\" maxlength=\"400\" class=\"wpcf7-form-control wpcf7-email wpcf7-validates-as-required wpcf7-text wpcf7-validates-as-email\" aria-required=\"true\" aria-invalid=\"false\" placeholder=\"E-mail\" value=\"\" type=\"email\" name=\"e-mailadres\" \/><\/span>\n\t\t<\/p>\n\t<\/div>\n\t<div class=\"form-two-col\">\n\t\t<div>\n\t\t\t<p><label> Przyjazd <span class=\"wpcf7-form-control-wrap\" data-name=\"check-in\"><input class=\"wpcf7-form-control wpcf7-date wpcf7-validates-as-required wpcf7-validates-as-date\" aria-required=\"true\" aria-invalid=\"false\" placeholder=\"Przyjazd\" value=\"\" type=\"date\" name=\"check-in\" \/><\/span><\/label>\n\t\t\t<\/p>\n\t\t<\/div>\n\t\t<div>\n\t\t\t<p><label> Wyjazd <span class=\"wpcf7-form-control-wrap\" data-name=\"check-out\"><input class=\"wpcf7-form-control wpcf7-date wpcf7-validates-as-required wpcf7-validates-as-date\" aria-required=\"true\" aria-invalid=\"false\" placeholder=\"Wyjazd\" value=\"\" type=\"date\" name=\"check-out\" \/><\/span><\/label>\n\t\t\t<\/p>\n\t\t<\/div>\n\t<\/div>\n\t<p><label> Wybierz kraj<br \/>\n<span class=\"wpcf7-form-control-wrap\" data-name=\"landselectie\"><select class=\"wpcf7-form-control wpcf7-select wpcf7-validates-as-required\" aria-required=\"true\" aria-invalid=\"false\" name=\"landselectie\"><option value=\"\">&#8212;Prosz\u0119 wybra\u0107 opcj\u0119&#8212;<\/option><option value=\"Albania\">Albania<\/option><option value=\"Andorra\">Andorra<\/option><option value=\"Austria\">Austria<\/option><option value=\"Belarus\">Belarus<\/option><option value=\"Belgium\">Belgium<\/option><option value=\"Bosnia and Herzegovina\">Bosnia and Herzegovina<\/option><option value=\"Bulgaria\">Bulgaria<\/option><option value=\"Croatia\">Croatia<\/option><option value=\"Czech Republic\">Czech Republic<\/option><option value=\"Denmark\">Denmark<\/option><option value=\"Estonia\">Estonia<\/option><option value=\"Faroe Islands (Denmark)\">Faroe Islands (Denmark)<\/option><option value=\"Finland\">Finland<\/option><option value=\"France\">France<\/option><option value=\"Germany\">Germany<\/option><option value=\"Greece\">Greece<\/option><option value=\"Guernsey (UK)\">Guernsey (UK)<\/option><option value=\"Hungary\">Hungary<\/option><option value=\"Iceland\">Iceland<\/option><option value=\"Ireland\">Ireland<\/option><option value=\"Isle of Man (UK)\">Isle of Man (UK)<\/option><option value=\"Italy\">Italy<\/option><option value=\"Jersey (UK)\">Jersey (UK)<\/option><option value=\"Kosovo\">Kosovo<\/option><option value=\"Latvia\">Latvia<\/option><option value=\"Liechtenstein\">Liechtenstein<\/option><option value=\"Lithuania\">Lithuania<\/option><option value=\"Luxembourg\">Luxembourg<\/option><option value=\"Macedonia\">Macedonia<\/option><option value=\"Malta\">Malta<\/option><option value=\"Moldova\">Moldova<\/option><option value=\"Monaco\">Monaco<\/option><option value=\"Montenegro\">Montenegro<\/option><option value=\"Netherlands\">Netherlands<\/option><option value=\"Norway\">Norway<\/option><option value=\"Poland\">Poland<\/option><option value=\"Portugal\">Portugal<\/option><option value=\"Romania\">Romania<\/option><option value=\"Russia\">Russia<\/option><option value=\"San Marino\">San Marino<\/option><option value=\"Serbia\">Serbia<\/option><option value=\"Slovakia\">Slovakia<\/option><option value=\"Slovenia\">Slovenia<\/option><option value=\"Spain\">Spain<\/option><option value=\"Sweden\">Sweden<\/option><option value=\"Switzerland\">Switzerland<\/option><option value=\"Ukraine\">Ukraine<\/option><option value=\"United Kingdom\">United Kingdom<\/option><\/select><\/span><\/label>\n\t<\/p>\n\t<div>\n\t\t<p><span class=\"wpcf7-form-control-wrap\" data-name=\"privacyverklaring\"><span class=\"wpcf7-form-control wpcf7-acceptance\"><span class=\"wpcf7-list-item\"><label><input type=\"checkbox\" name=\"privacyverklaring\" value=\"1\" aria-invalid=\"false\" \/><span class=\"wpcf7-list-item-label\">Zgadzam si\u0119 z <a href=\"https:\/\/truckparkingholland.com\/wp-content\/uploads\/2021\/06\/1Privacybeleid.pdf\" target=\"_blank\">O\u015bwiadczeniem o ochronie prywatno\u015bci<\/a>.<\/span><\/label><\/span><\/span><\/span>\n\t\t<\/p>\n\t<\/div>\n\t<div>\n\t\t<p><input class=\"wpcf7-form-control wpcf7-submit has-spinner\" type=\"submit\" value=\"Wys\u0142a\u0107\" \/>\n\t\t<\/p>\n\t<\/div>\n<\/div><input type='hidden' class='wpcf7-pum' value='{\"closepopup\":false,\"closedelay\":0,\"openpopup\":false,\"openpopup_id\":0}' \/>\n<\/form>\n<\/div>\n[\/vc_column][\/vc_row]<\/p>\n<\/div>","protected":false},"excerpt":{"rendered":"<p>[vc_row css_animation=&#8221;&#8221; row_type=&#8221;row&#8221; use_row_as_full_screen_section=&#8221;no&#8221; type=&#8221;grid&#8221; angled_section=&#8221;no&#8221; text_align=&#8221;left&#8221; background_image_as_pattern=&#8221;without_pattern&#8221; z_index=&#8221;&#8221;][vc_column width=&#8221;7\/12&#8243; css=&#8221;.vc_custom_1615391332765{padding-top: 3em !important;padding-bottom: 5em !important;padding-left: 2vw !important;}&#8221; el_class=&#8221;vc_col-sm-push-5&#8243;][vc_column_text] Polityka egzekwowania przepis\u00f3w dotycz\u0105cych parkowania Na ca\u0142ym terenie strefy przemys\u0142owej Borchwerf obowi\u0105zuje zakaz parkowania. Nieprawid\u0142owo zaparkowane samochody ci\u0119\u017carowe, w tym r\u00f3wnie\u017c podwozia kontenerowe, stwarzaj\u0105 zagro\u017cenie dla wszystkich&#8230;<\/p>\n","protected":false},"author":1,"featured_media":0,"parent":0,"menu_order":0,"comment_status":"closed","ping_status":"closed","template":"full_width.php","meta":{"footnotes":""},"class_list":["post-1736","page","type-page","status-publish","hentry"],"yoast_head":"<!-- This site is optimized with the Yoast SEO plugin v27.4 - https:\/\/yoast.com\/product\/yoast-seo-wordpress\/ -->\n<title>Polityka egzekwowania przepis\u00f3w dotycz\u0105cych parkowania - Truckparking Holland<\/title>\n<meta name=\"robots\" content=\"index, follow, max-snippet:-1, max-image-preview:large, max-video-preview:-1\" \/>\n<meta property=\"og:locale\" content=\"pl_PL\" \/>\n<meta property=\"og:type\" content=\"article\" \/>\n<meta property=\"og:title\" content=\"Polityka egzekwowania przepis\u00f3w dotycz\u0105cych parkowania - Truckparking Holland\" \/>\n<meta property=\"og:description\" content=\"[vc_row css_animation=&#8221;&#8221; row_type=&#8221;row&#8221; use_row_as_full_screen_section=&#8221;no&#8221; type=&#8221;grid&#8221; angled_section=&#8221;no&#8221; text_align=&#8221;left&#8221; background_image_as_pattern=&#8221;without_pattern&#8221; z_index=&#8221;&#8221;][vc_column width=&#8221;7\/12&#8243; css=&#8221;.vc_custom_1615391332765{padding-top: 3em !important;padding-bottom: 5em !important;padding-left: 2vw !important;}&#8221; el_class=&#8221;vc_col-sm-push-5&#8243;][vc_column_text] Polityka egzekwowania przepis\u00f3w dotycz\u0105cych parkowania Na ca\u0142ym terenie strefy przemys\u0142owej Borchwerf obowi\u0105zuje zakaz parkowania. Nieprawid\u0142owo zaparkowane samochody ci\u0119\u017carowe, w tym r\u00f3wnie\u017c podwozia kontenerowe, stwarzaj\u0105 zagro\u017cenie dla wszystkich...\" \/>\n<meta property=\"og:url\" content=\"https:\/\/www.truckparkingholland.com\/pl\/polityka-egzekwowania-przepisow-dotyczacych-parkowania\/\" \/>\n<meta property=\"og:site_name\" content=\"Truckparking Holland\" \/>\n<meta property=\"article:modified_time\" content=\"2021-08-02T18:39:17+00:00\" \/>\n<meta name=\"twitter:card\" content=\"summary_large_image\" \/>\n<meta name=\"twitter:label1\" content=\"Szacowany czas czytania\" \/>\n\t<meta name=\"twitter:data1\" content=\"1 minuta\" \/>\n<script type=\"application\/ld+json\" class=\"yoast-schema-graph\">{\"@context\":\"https:\\\/\\\/schema.org\",\"@graph\":[{\"@type\":\"WebPage\",\"@id\":\"https:\\\/\\\/www.truckparkingholland.com\\\/pl\\\/polityka-egzekwowania-przepisow-dotyczacych-parkowania\\\/\",\"url\":\"https:\\\/\\\/www.truckparkingholland.com\\\/pl\\\/polityka-egzekwowania-przepisow-dotyczacych-parkowania\\\/\",\"name\":\"Polityka egzekwowania przepis\u00f3w dotycz\u0105cych parkowania - Truckparking Holland\",\"isPartOf\":{\"@id\":\"https:\\\/\\\/www.truckparkingholland.com\\\/pl\\\/#website\"},\"datePublished\":\"2021-04-01T12:52:08+00:00\",\"dateModified\":\"2021-08-02T18:39:17+00:00\",\"breadcrumb\":{\"@id\":\"https:\\\/\\\/www.truckparkingholland.com\\\/pl\\\/polityka-egzekwowania-przepisow-dotyczacych-parkowania\\\/#breadcrumb\"},\"inLanguage\":\"pl-PL\",\"potentialAction\":[{\"@type\":\"ReadAction\",\"target\":[\"https:\\\/\\\/www.truckparkingholland.com\\\/pl\\\/polityka-egzekwowania-przepisow-dotyczacych-parkowania\\\/\"]}]},{\"@type\":\"BreadcrumbList\",\"@id\":\"https:\\\/\\\/www.truckparkingholland.com\\\/pl\\\/polityka-egzekwowania-przepisow-dotyczacych-parkowania\\\/#breadcrumb\",\"itemListElement\":[{\"@type\":\"ListItem\",\"position\":1,\"name\":\"Home\",\"item\":\"https:\\\/\\\/www.truckparkingholland.com\\\/pl\\\/\"},{\"@type\":\"ListItem\",\"position\":2,\"name\":\"Polityka egzekwowania przepis\u00f3w dotycz\u0105cych parkowania\"}]},{\"@type\":\"WebSite\",\"@id\":\"https:\\\/\\\/www.truckparkingholland.com\\\/pl\\\/#website\",\"url\":\"https:\\\/\\\/www.truckparkingholland.com\\\/pl\\\/\",\"name\":\"Truckparking Holland\",\"description\":\"Veilig parkeren voor uw transport\",\"publisher\":{\"@id\":\"https:\\\/\\\/www.truckparkingholland.com\\\/pl\\\/#organization\"},\"potentialAction\":[{\"@type\":\"SearchAction\",\"target\":{\"@type\":\"EntryPoint\",\"urlTemplate\":\"https:\\\/\\\/www.truckparkingholland.com\\\/pl\\\/?s={search_term_string}\"},\"query-input\":{\"@type\":\"PropertyValueSpecification\",\"valueRequired\":true,\"valueName\":\"search_term_string\"}}],\"inLanguage\":\"pl-PL\"},{\"@type\":\"Organization\",\"@id\":\"https:\\\/\\\/www.truckparkingholland.com\\\/pl\\\/#organization\",\"name\":\"Truckparking Holland\",\"url\":\"https:\\\/\\\/www.truckparkingholland.com\\\/pl\\\/\",\"logo\":{\"@type\":\"ImageObject\",\"inLanguage\":\"pl-PL\",\"@id\":\"https:\\\/\\\/www.truckparkingholland.com\\\/pl\\\/#\\\/schema\\\/logo\\\/image\\\/\",\"url\":\"https:\\\/\\\/truckparkingholland.com\\\/wp-content\\\/uploads\\\/2021\\\/09\\\/logo-truckparking-holland-1.png\",\"contentUrl\":\"https:\\\/\\\/truckparkingholland.com\\\/wp-content\\\/uploads\\\/2021\\\/09\\\/logo-truckparking-holland-1.png\",\"width\":275,\"height\":79,\"caption\":\"Truckparking Holland\"},\"image\":{\"@id\":\"https:\\\/\\\/www.truckparkingholland.com\\\/pl\\\/#\\\/schema\\\/logo\\\/image\\\/\"}}]}<\/script>\n<!-- \/ Yoast SEO plugin. -->","yoast_head_json":{"title":"Polityka egzekwowania przepis\u00f3w dotycz\u0105cych parkowania - Truckparking Holland","robots":{"index":"index","follow":"follow","max-snippet":"max-snippet:-1","max-image-preview":"max-image-preview:large","max-video-preview":"max-video-preview:-1"},"og_locale":"pl_PL","og_type":"article","og_title":"Polityka egzekwowania przepis\u00f3w dotycz\u0105cych parkowania - Truckparking Holland","og_description":"[vc_row css_animation=&#8221;&#8221; row_type=&#8221;row&#8221; use_row_as_full_screen_section=&#8221;no&#8221; type=&#8221;grid&#8221; angled_section=&#8221;no&#8221; text_align=&#8221;left&#8221; background_image_as_pattern=&#8221;without_pattern&#8221; z_index=&#8221;&#8221;][vc_column width=&#8221;7\/12&#8243; css=&#8221;.vc_custom_1615391332765{padding-top: 3em !important;padding-bottom: 5em !important;padding-left: 2vw !important;}&#8221; el_class=&#8221;vc_col-sm-push-5&#8243;][vc_column_text] Polityka egzekwowania przepis\u00f3w dotycz\u0105cych parkowania Na ca\u0142ym terenie strefy przemys\u0142owej Borchwerf obowi\u0105zuje zakaz parkowania. Nieprawid\u0142owo zaparkowane samochody ci\u0119\u017carowe, w tym r\u00f3wnie\u017c podwozia kontenerowe, stwarzaj\u0105 zagro\u017cenie dla wszystkich...","og_url":"https:\/\/www.truckparkingholland.com\/pl\/polityka-egzekwowania-przepisow-dotyczacych-parkowania\/","og_site_name":"Truckparking Holland","article_modified_time":"2021-08-02T18:39:17+00:00","twitter_card":"summary_large_image","twitter_misc":{"Szacowany czas czytania":"1 minuta"},"schema":{"@context":"https:\/\/schema.org","@graph":[{"@type":"WebPage","@id":"https:\/\/www.truckparkingholland.com\/pl\/polityka-egzekwowania-przepisow-dotyczacych-parkowania\/","url":"https:\/\/www.truckparkingholland.com\/pl\/polityka-egzekwowania-przepisow-dotyczacych-parkowania\/","name":"Polityka egzekwowania przepis\u00f3w dotycz\u0105cych parkowania - Truckparking Holland","isPartOf":{"@id":"https:\/\/www.truckparkingholland.com\/pl\/#website"},"datePublished":"2021-04-01T12:52:08+00:00","dateModified":"2021-08-02T18:39:17+00:00","breadcrumb":{"@id":"https:\/\/www.truckparkingholland.com\/pl\/polityka-egzekwowania-przepisow-dotyczacych-parkowania\/#breadcrumb"},"inLanguage":"pl-PL","potentialAction":[{"@type":"ReadAction","target":["https:\/\/www.truckparkingholland.com\/pl\/polityka-egzekwowania-przepisow-dotyczacych-parkowania\/"]}]},{"@type":"BreadcrumbList","@id":"https:\/\/www.truckparkingholland.com\/pl\/polityka-egzekwowania-przepisow-dotyczacych-parkowania\/#breadcrumb","itemListElement":[{"@type":"ListItem","position":1,"name":"Home","item":"https:\/\/www.truckparkingholland.com\/pl\/"},{"@type":"ListItem","position":2,"name":"Polityka egzekwowania przepis\u00f3w dotycz\u0105cych parkowania"}]},{"@type":"WebSite","@id":"https:\/\/www.truckparkingholland.com\/pl\/#website","url":"https:\/\/www.truckparkingholland.com\/pl\/","name":"Truckparking Holland","description":"Veilig parkeren voor uw transport","publisher":{"@id":"https:\/\/www.truckparkingholland.com\/pl\/#organization"},"potentialAction":[{"@type":"SearchAction","target":{"@type":"EntryPoint","urlTemplate":"https:\/\/www.truckparkingholland.com\/pl\/?s={search_term_string}"},"query-input":{"@type":"PropertyValueSpecification","valueRequired":true,"valueName":"search_term_string"}}],"inLanguage":"pl-PL"},{"@type":"Organization","@id":"https:\/\/www.truckparkingholland.com\/pl\/#organization","name":"Truckparking Holland","url":"https:\/\/www.truckparkingholland.com\/pl\/","logo":{"@type":"ImageObject","inLanguage":"pl-PL","@id":"https:\/\/www.truckparkingholland.com\/pl\/#\/schema\/logo\/image\/","url":"https:\/\/truckparkingholland.com\/wp-content\/uploads\/2021\/09\/logo-truckparking-holland-1.png","contentUrl":"https:\/\/truckparkingholland.com\/wp-content\/uploads\/2021\/09\/logo-truckparking-holland-1.png","width":275,"height":79,"caption":"Truckparking Holland"},"image":{"@id":"https:\/\/www.truckparkingholland.com\/pl\/#\/schema\/logo\/image\/"}}]}},"_links":{"self":[{"href":"https:\/\/www.truckparkingholland.com\/pl\/wp-json\/wp\/v2\/pages\/1736","targetHints":{"allow":["GET"]}}],"collection":[{"href":"https:\/\/www.truckparkingholland.com\/pl\/wp-json\/wp\/v2\/pages"}],"about":[{"href":"https:\/\/www.truckparkingholland.com\/pl\/wp-json\/wp\/v2\/types\/page"}],"author":[{"embeddable":true,"href":"https:\/\/www.truckparkingholland.com\/pl\/wp-json\/wp\/v2\/users\/1"}],"replies":[{"embeddable":true,"href":"https:\/\/www.truckparkingholland.com\/pl\/wp-json\/wp\/v2\/comments?post=1736"}],"version-history":[{"count":5,"href":"https:\/\/www.truckparkingholland.com\/pl\/wp-json\/wp\/v2\/pages\/1736\/revisions"}],"predecessor-version":[{"id":3010,"href":"https:\/\/www.truckparkingholland.com\/pl\/wp-json\/wp\/v2\/pages\/1736\/revisions\/3010"}],"wp:attachment":[{"href":"https:\/\/www.truckparkingholland.com\/pl\/wp-json\/wp\/v2\/media?parent=1736"}],"curies":[{"name":"wp","href":"https:\/\/api.w.org\/{rel}","templated":true}]}}