{"id":540,"date":"2021-03-16T12:47:28","date_gmt":"2021-03-16T11:47:28","guid":{"rendered":"https:\/\/comtruck-karadut.savviihq.com\/kontaktai\/"},"modified":"2021-07-30T19:35:09","modified_gmt":"2021-07-30T17:35:09","slug":"kontaktai","status":"publish","type":"page","link":"https:\/\/www.truckparkingholland.com\/lt\/kontaktai\/","title":{"rendered":"Kontaktai"},"content":{"rendered":"<div class=\"wpb-content-wrapper\"><p>[vc_row css_animation=&#8221;&#8221; row_type=&#8221;row&#8221; use_row_as_full_screen_section=&#8221;no&#8221; type=&#8221;grid&#8221; angled_section=&#8221;no&#8221; text_align=&#8221;left&#8221; background_image_as_pattern=&#8221;without_pattern&#8221; z_index=&#8221;&#8221;][vc_column width=&#8221;7\/12&#8243; css=&#8221;.vc_custom_1615391332765{padding-top: 3em !important;padding-bottom: 5em !important;padding-left: 2vw !important;}&#8221; el_class=&#8221;vc_col-sm-push-5&#8243;][vc_column_text]<\/p>\n<h2><strong>Adresas<\/strong><\/h2>\n<p>\u201eBorchwerf Truck Parking\u201c yra rytin\u0117je A17 greitkelio pus\u0117je, i\u0161va\u017eiavimas Nr. 20 (Exit 20).<\/p>\n<p>Tikslus adresas:<br \/>\nAanwas 4<br \/>\n4704 SC Roosendaal<br \/>\nThe Netherlands<\/p>\n<p>Tarp Roterdamo ir Antverpeno!<\/p>\n<p>Greitkelis A17 yra vienas i\u0161 svarbiausi\u0173 Europos transporto tinkle, tarp Roterdamo ir Antverpeno, turintis tiesiogin\u0119 jungt\u012f su A58 greitkeliu. Vilkik\u0173 stov\u0117jimo aik\u0161tel\u0117 taip pat yra Borchwerf II pramoniniame rajone.<\/p>\n<h2>Kontaktai<\/h2>\n<p><a href=\"mailto:meldkamer@parkeerbeheer.nl\">meldkamer@parkeerbeheer.nl<\/a> \/ <a href=\"tel:+31165560275\">+31165560275<\/a>[\/vc_column_text][\/vc_column][vc_column width=&#8221;5\/12&#8243; el_class=&#8221;vc_col-sm-pull-7&#8243;]\n<div class=\"wpcf7 no-js\" id=\"wpcf7-f509-o1\" lang=\"lt-LT\" dir=\"ltr\" data-wpcf7-id=\"509\">\n<div class=\"screen-reader-response\"><p role=\"status\" aria-live=\"polite\" aria-atomic=\"true\"><\/p> <ul><\/ul><\/div>\n<form action=\"\/lt\/wp-json\/wp\/v2\/pages\/540#wpcf7-f509-o1\" method=\"post\" class=\"wpcf7-form init default wpcf7-acceptance-as-validation\" aria-label=\"Kontakt\u0173 forma\" novalidate=\"novalidate\" data-status=\"init\">\n<fieldset class=\"hidden-fields-container\"><input type=\"hidden\" name=\"_wpcf7\" value=\"509\" \/><input type=\"hidden\" name=\"_wpcf7_version\" value=\"6.1.5\" \/><input type=\"hidden\" name=\"_wpcf7_locale\" value=\"lt_LT\" \/><input type=\"hidden\" name=\"_wpcf7_unit_tag\" value=\"wpcf7-f509-o1\" \/><input type=\"hidden\" name=\"_wpcf7_container_post\" value=\"0\" \/><input type=\"hidden\" name=\"_wpcf7_posted_data_hash\" value=\"\" \/><input type=\"hidden\" name=\"_wpcf7_recaptcha_response\" value=\"\" \/>\n<\/fieldset>\n<div class=\"tph-form-container\">\n<div class=\"wpcf7-response-output\" aria-hidden=\"true\"><\/div>\n\t<h4>TIESIOGIN\u0116 REZERVACIJA\n\t<\/h4>\n\t<p>U\u017esisakykite saugi\u0105 viet\u0105 vilkikui dabar.\n\t<\/p>\n\t<div>\n\t\t<p><span class=\"wpcf7-form-control-wrap\" data-name=\"naam-transportbedrijf\"><input size=\"40\" maxlength=\"400\" class=\"wpcf7-form-control wpcf7-text wpcf7-validates-as-required\" aria-required=\"true\" aria-invalid=\"false\" placeholder=\"Vairuotojo vardas, pavard\u0117\" value=\"\" type=\"text\" name=\"naam-transportbedrijf\" \/><\/span>\n\t\t<\/p>\n\t<\/div>\n\t<div>\n\t\t<p><span class=\"wpcf7-form-control-wrap\" data-name=\"naam-chauffeur\"><input size=\"40\" maxlength=\"400\" class=\"wpcf7-form-control wpcf7-text wpcf7-validates-as-required\" aria-required=\"true\" aria-invalid=\"false\" placeholder=\"Vairuotojo vardas, pavard\u0117\" value=\"\" type=\"text\" name=\"naam-chauffeur\" \/><\/span>\n\t\t<\/p>\n\t<\/div>\n\t<div>\n\t\t<p><span class=\"wpcf7-form-control-wrap\" data-name=\"kenteken\"><input size=\"40\" maxlength=\"400\" class=\"wpcf7-form-control wpcf7-text wpcf7-validates-as-required\" aria-required=\"true\" aria-invalid=\"false\" placeholder=\"Transporto priemon\u0117s registracijos numeris\" value=\"\" type=\"text\" name=\"kenteken\" \/><\/span>\n\t\t<\/p>\n\t<\/div>\n\t<div>\n\t\t<p><span class=\"wpcf7-form-control-wrap\" data-name=\"e-mailadres\"><input size=\"40\" maxlength=\"400\" class=\"wpcf7-form-control wpcf7-email wpcf7-validates-as-required wpcf7-text wpcf7-validates-as-email\" aria-required=\"true\" aria-invalid=\"false\" placeholder=\"El. pa\u0161tas\" value=\"\" type=\"email\" name=\"e-mailadres\" \/><\/span>\n\t\t<\/p>\n\t<\/div>\n\t<div class=\"form-two-col\">\n\t\t<div>\n\t\t\t<p><label> \u012esiregistravimo data <span class=\"wpcf7-form-control-wrap\" data-name=\"check-in\"><input class=\"wpcf7-form-control wpcf7-date wpcf7-validates-as-required wpcf7-validates-as-date\" aria-required=\"true\" aria-invalid=\"false\" placeholder=\"\u012esiregistravimo data\" value=\"\" type=\"date\" name=\"check-in\" \/><\/span><\/label>\n\t\t\t<\/p>\n\t\t<\/div>\n\t\t<div>\n\t\t\t<p><label> I\u0161siregistravimo <span class=\"wpcf7-form-control-wrap\" data-name=\"check-out\"><input class=\"wpcf7-form-control wpcf7-date wpcf7-validates-as-required wpcf7-validates-as-date\" aria-required=\"true\" aria-invalid=\"false\" placeholder=\"I\u0161siregistravimo data\" value=\"\" type=\"date\" name=\"check-out\" \/><\/span><\/label>\n\t\t\t<\/p>\n\t\t<\/div>\n\t<\/div>\n\t<p><label> Pasirinkti savo \u0161al\u012f<br \/>\n<span class=\"wpcf7-form-control-wrap\" data-name=\"landselectie\"><select class=\"wpcf7-form-control wpcf7-select wpcf7-validates-as-required\" aria-required=\"true\" aria-invalid=\"false\" name=\"landselectie\"><option value=\"\">&#8212;Pra\u0161ome pasirinkti&#8212;<\/option><option value=\"Albania\">Albania<\/option><option value=\"Andorra\">Andorra<\/option><option value=\"Austria\">Austria<\/option><option value=\"Belarus\">Belarus<\/option><option value=\"Belgium\">Belgium<\/option><option value=\"Bosnia and Herzegovina\">Bosnia and Herzegovina<\/option><option value=\"Bulgaria\">Bulgaria<\/option><option value=\"Croatia\">Croatia<\/option><option value=\"Czech Republic\">Czech Republic<\/option><option value=\"Denmark\">Denmark<\/option><option value=\"Estonia\">Estonia<\/option><option value=\"Faroe Islands (Denmark)\">Faroe Islands (Denmark)<\/option><option value=\"Finland\">Finland<\/option><option value=\"France\">France<\/option><option value=\"Germany\">Germany<\/option><option value=\"Greece\">Greece<\/option><option value=\"Guernsey (UK)\">Guernsey (UK)<\/option><option value=\"Hungary\">Hungary<\/option><option value=\"Iceland\">Iceland<\/option><option value=\"Ireland\">Ireland<\/option><option value=\"Isle of Man (UK)\">Isle of Man (UK)<\/option><option value=\"Italy\">Italy<\/option><option value=\"Jersey (UK)\">Jersey (UK)<\/option><option value=\"Kosovo\">Kosovo<\/option><option value=\"Latvia\">Latvia<\/option><option value=\"Liechtenstein\">Liechtenstein<\/option><option value=\"Lithuania\">Lithuania<\/option><option value=\"Luxembourg\">Luxembourg<\/option><option value=\"Macedonia\">Macedonia<\/option><option value=\"Malta\">Malta<\/option><option value=\"Moldova\">Moldova<\/option><option value=\"Monaco\">Monaco<\/option><option value=\"Montenegro\">Montenegro<\/option><option value=\"Netherlands\">Netherlands<\/option><option value=\"Norway\">Norway<\/option><option value=\"Poland\">Poland<\/option><option value=\"Portugal\">Portugal<\/option><option value=\"Romania\">Romania<\/option><option value=\"Russia\">Russia<\/option><option value=\"San Marino\">San Marino<\/option><option value=\"Serbia\">Serbia<\/option><option value=\"Slovakia\">Slovakia<\/option><option value=\"Slovenia\">Slovenia<\/option><option value=\"Spain\">Spain<\/option><option value=\"Sweden\">Sweden<\/option><option value=\"Switzerland\">Switzerland<\/option><option value=\"Ukraine\">Ukraine<\/option><option value=\"United Kingdom\">United Kingdom<\/option><\/select><\/span><\/label>\n\t<\/p>\n\t<div>\n\t\t<p><span class=\"wpcf7-form-control-wrap\" data-name=\"privacyverklaring\"><span class=\"wpcf7-form-control wpcf7-acceptance\"><span class=\"wpcf7-list-item\"><label><input type=\"checkbox\" name=\"privacyverklaring\" value=\"1\" aria-invalid=\"false\" \/><span class=\"wpcf7-list-item-label\">A\u0161 sutinku su <a href=\"https:\/\/truckparkingholland.com\/wp-content\/uploads\/2021\/06\/1Privacybeleid.pdf\" target=\"_blank\">Privatumo politika<\/a>.<\/span><\/label><\/span><\/span><\/span>\n\t\t<\/p>\n\t<\/div>\n\t<div>\n\t\t<p><input class=\"wpcf7-form-control wpcf7-submit has-spinner\" type=\"submit\" value=\"I\u0161si\u0173sti\" \/>\n\t\t<\/p>\n\t<\/div>\n<\/div><input type='hidden' class='wpcf7-pum' value='{\"closepopup\":false,\"closedelay\":0,\"openpopup\":false,\"openpopup_id\":0}' \/>\n<\/form>\n<\/div>\n[\/vc_column][\/vc_row][vc_row css_animation=&#8221;&#8221; row_type=&#8221;row&#8221; use_row_as_full_screen_section=&#8221;no&#8221; type=&#8221;full_width&#8221; angled_section=&#8221;no&#8221; text_align=&#8221;left&#8221; background_image_as_pattern=&#8221;without_pattern&#8221; z_index=&#8221;&#8221; css=&#8221;.vc_custom_1615448552104{margin-top: 2em !important;}&#8221;][vc_column][vc_raw_html]PGlmcmFtZSBzcmM9Imh0dHBzOi8vd3d3Lmdvb2dsZS5jb20vbWFwcy9lbWJlZD9wYj0hMW0xNCExbTghMW0zITFkNjM1MDI1LjE0Mzk0OTA5MzQhMmQ0LjAzMjYwOTk4MzM0OTY2MyEzZDUxLjU1NzgzODk5OTk5OTk4ITNtMiExaTEwMjQhMmk3NjghNGYxMy4xITNtMyExbTIhMXMweDQ3YzQxNjU4YmM3MGYxOGQlM0EweGE1OGFkYmYzYjcyMDNiZiEyc0FhbndhcyUyMDQlMkMlMjA0NzA0JTIwU0MlMjBSb29zZW5kYWFsITVlMCEzbTIhMXNubCEyc25sITR2MTYyNDI3MzAyMTc5NSE1bTIhMXNubCEyc25sIiB3aWR0aD0iMTAwJSIgaGVpZ2h0PSI0NTAiIHN0eWxlPSJib3JkZXI6MDsiIGFsbG93ZnVsbHNjcmVlbj0iIiBsb2FkaW5nPSJsYXp5Ij48L2lmcmFtZT4=[\/vc_raw_html][\/vc_column][\/vc_row]<\/p>\n<\/div>","protected":false},"excerpt":{"rendered":"<p>[vc_row css_animation=&#8221;&#8221; row_type=&#8221;row&#8221; use_row_as_full_screen_section=&#8221;no&#8221; type=&#8221;grid&#8221; angled_section=&#8221;no&#8221; text_align=&#8221;left&#8221; background_image_as_pattern=&#8221;without_pattern&#8221; z_index=&#8221;&#8221;][vc_column width=&#8221;7\/12&#8243; css=&#8221;.vc_custom_1615391332765{padding-top: 3em !important;padding-bottom: 5em !important;padding-left: 2vw !important;}&#8221; el_class=&#8221;vc_col-sm-push-5&#8243;][vc_column_text] Adresas \u201eBorchwerf Truck Parking\u201c yra rytin\u0117je A17 greitkelio pus\u0117je, i\u0161va\u017eiavimas Nr. 20 (Exit 20). Tikslus adresas: Aanwas 4 4704 SC Roosendaal The Netherlands Tarp Roterdamo ir Antverpeno!&#8230;<\/p>\n","protected":false},"author":1,"featured_media":0,"parent":0,"menu_order":0,"comment_status":"closed","ping_status":"closed","template":"full_width.php","meta":{"footnotes":""},"class_list":["post-540","page","type-page","status-publish","hentry"],"yoast_head":"<!-- This site is optimized with the Yoast SEO plugin v27.4 - https:\/\/yoast.com\/product\/yoast-seo-wordpress\/ -->\n<title>Kontaktai - Truckparking Holland<\/title>\n<meta name=\"robots\" content=\"index, follow, max-snippet:-1, max-image-preview:large, max-video-preview:-1\" \/>\n<meta property=\"og:locale\" content=\"lt_LT\" \/>\n<meta property=\"og:type\" content=\"article\" \/>\n<meta property=\"og:title\" content=\"Kontaktai - Truckparking Holland\" \/>\n<meta property=\"og:description\" content=\"[vc_row css_animation=&#8221;&#8221; row_type=&#8221;row&#8221; use_row_as_full_screen_section=&#8221;no&#8221; type=&#8221;grid&#8221; angled_section=&#8221;no&#8221; text_align=&#8221;left&#8221; background_image_as_pattern=&#8221;without_pattern&#8221; z_index=&#8221;&#8221;][vc_column width=&#8221;7\/12&#8243; css=&#8221;.vc_custom_1615391332765{padding-top: 3em !important;padding-bottom: 5em !important;padding-left: 2vw !important;}&#8221; el_class=&#8221;vc_col-sm-push-5&#8243;][vc_column_text] Adresas \u201eBorchwerf Truck Parking\u201c yra rytin\u0117je A17 greitkelio pus\u0117je, i\u0161va\u017eiavimas Nr. 20 (Exit 20). Tikslus adresas: Aanwas 4 4704 SC Roosendaal The Netherlands Tarp Roterdamo ir Antverpeno!...\" \/>\n<meta property=\"og:url\" content=\"https:\/\/www.truckparkingholland.com\/lt\/kontaktai\/\" \/>\n<meta property=\"og:site_name\" content=\"Truckparking Holland\" \/>\n<meta property=\"article:modified_time\" content=\"2021-07-30T17:35:09+00:00\" \/>\n<meta name=\"twitter:card\" content=\"summary_large_image\" \/>\n<meta name=\"twitter:label1\" content=\"Est. reading time\" \/>\n\t<meta name=\"twitter:data1\" content=\"1 minut\u0117\" \/>\n<script type=\"application\/ld+json\" class=\"yoast-schema-graph\">{\"@context\":\"https:\\\/\\\/schema.org\",\"@graph\":[{\"@type\":\"WebPage\",\"@id\":\"https:\\\/\\\/www.truckparkingholland.com\\\/lt\\\/kontaktai\\\/\",\"url\":\"https:\\\/\\\/www.truckparkingholland.com\\\/lt\\\/kontaktai\\\/\",\"name\":\"Kontaktai - Truckparking Holland\",\"isPartOf\":{\"@id\":\"https:\\\/\\\/www.truckparkingholland.com\\\/lt\\\/#website\"},\"datePublished\":\"2021-03-16T11:47:28+00:00\",\"dateModified\":\"2021-07-30T17:35:09+00:00\",\"breadcrumb\":{\"@id\":\"https:\\\/\\\/www.truckparkingholland.com\\\/lt\\\/kontaktai\\\/#breadcrumb\"},\"inLanguage\":\"lt-LT\",\"potentialAction\":[{\"@type\":\"ReadAction\",\"target\":[\"https:\\\/\\\/www.truckparkingholland.com\\\/lt\\\/kontaktai\\\/\"]}]},{\"@type\":\"BreadcrumbList\",\"@id\":\"https:\\\/\\\/www.truckparkingholland.com\\\/lt\\\/kontaktai\\\/#breadcrumb\",\"itemListElement\":[{\"@type\":\"ListItem\",\"position\":1,\"name\":\"Home\",\"item\":\"https:\\\/\\\/www.truckparkingholland.com\\\/lt\\\/\"},{\"@type\":\"ListItem\",\"position\":2,\"name\":\"Kontaktai\"}]},{\"@type\":\"WebSite\",\"@id\":\"https:\\\/\\\/www.truckparkingholland.com\\\/lt\\\/#website\",\"url\":\"https:\\\/\\\/www.truckparkingholland.com\\\/lt\\\/\",\"name\":\"Truckparking Holland\",\"description\":\"Veilig parkeren voor uw transport\",\"publisher\":{\"@id\":\"https:\\\/\\\/www.truckparkingholland.com\\\/lt\\\/#organization\"},\"potentialAction\":[{\"@type\":\"SearchAction\",\"target\":{\"@type\":\"EntryPoint\",\"urlTemplate\":\"https:\\\/\\\/www.truckparkingholland.com\\\/lt\\\/?s={search_term_string}\"},\"query-input\":{\"@type\":\"PropertyValueSpecification\",\"valueRequired\":true,\"valueName\":\"search_term_string\"}}],\"inLanguage\":\"lt-LT\"},{\"@type\":\"Organization\",\"@id\":\"https:\\\/\\\/www.truckparkingholland.com\\\/lt\\\/#organization\",\"name\":\"Truckparking Holland\",\"url\":\"https:\\\/\\\/www.truckparkingholland.com\\\/lt\\\/\",\"logo\":{\"@type\":\"ImageObject\",\"inLanguage\":\"lt-LT\",\"@id\":\"https:\\\/\\\/www.truckparkingholland.com\\\/lt\\\/#\\\/schema\\\/logo\\\/image\\\/\",\"url\":\"https:\\\/\\\/truckparkingholland.com\\\/wp-content\\\/uploads\\\/2021\\\/09\\\/logo-truckparking-holland-1.png\",\"contentUrl\":\"https:\\\/\\\/truckparkingholland.com\\\/wp-content\\\/uploads\\\/2021\\\/09\\\/logo-truckparking-holland-1.png\",\"width\":275,\"height\":79,\"caption\":\"Truckparking Holland\"},\"image\":{\"@id\":\"https:\\\/\\\/www.truckparkingholland.com\\\/lt\\\/#\\\/schema\\\/logo\\\/image\\\/\"}}]}<\/script>\n<!-- \/ Yoast SEO plugin. -->","yoast_head_json":{"title":"Kontaktai - Truckparking Holland","robots":{"index":"index","follow":"follow","max-snippet":"max-snippet:-1","max-image-preview":"max-image-preview:large","max-video-preview":"max-video-preview:-1"},"og_locale":"lt_LT","og_type":"article","og_title":"Kontaktai - Truckparking Holland","og_description":"[vc_row css_animation=&#8221;&#8221; row_type=&#8221;row&#8221; use_row_as_full_screen_section=&#8221;no&#8221; type=&#8221;grid&#8221; angled_section=&#8221;no&#8221; text_align=&#8221;left&#8221; background_image_as_pattern=&#8221;without_pattern&#8221; z_index=&#8221;&#8221;][vc_column width=&#8221;7\/12&#8243; css=&#8221;.vc_custom_1615391332765{padding-top: 3em !important;padding-bottom: 5em !important;padding-left: 2vw !important;}&#8221; el_class=&#8221;vc_col-sm-push-5&#8243;][vc_column_text] Adresas \u201eBorchwerf Truck Parking\u201c yra rytin\u0117je A17 greitkelio pus\u0117je, i\u0161va\u017eiavimas Nr. 20 (Exit 20). Tikslus adresas: Aanwas 4 4704 SC Roosendaal The Netherlands Tarp Roterdamo ir Antverpeno!...","og_url":"https:\/\/www.truckparkingholland.com\/lt\/kontaktai\/","og_site_name":"Truckparking Holland","article_modified_time":"2021-07-30T17:35:09+00:00","twitter_card":"summary_large_image","twitter_misc":{"Est. reading time":"1 minut\u0117"},"schema":{"@context":"https:\/\/schema.org","@graph":[{"@type":"WebPage","@id":"https:\/\/www.truckparkingholland.com\/lt\/kontaktai\/","url":"https:\/\/www.truckparkingholland.com\/lt\/kontaktai\/","name":"Kontaktai - Truckparking Holland","isPartOf":{"@id":"https:\/\/www.truckparkingholland.com\/lt\/#website"},"datePublished":"2021-03-16T11:47:28+00:00","dateModified":"2021-07-30T17:35:09+00:00","breadcrumb":{"@id":"https:\/\/www.truckparkingholland.com\/lt\/kontaktai\/#breadcrumb"},"inLanguage":"lt-LT","potentialAction":[{"@type":"ReadAction","target":["https:\/\/www.truckparkingholland.com\/lt\/kontaktai\/"]}]},{"@type":"BreadcrumbList","@id":"https:\/\/www.truckparkingholland.com\/lt\/kontaktai\/#breadcrumb","itemListElement":[{"@type":"ListItem","position":1,"name":"Home","item":"https:\/\/www.truckparkingholland.com\/lt\/"},{"@type":"ListItem","position":2,"name":"Kontaktai"}]},{"@type":"WebSite","@id":"https:\/\/www.truckparkingholland.com\/lt\/#website","url":"https:\/\/www.truckparkingholland.com\/lt\/","name":"Truckparking Holland","description":"Veilig parkeren voor uw transport","publisher":{"@id":"https:\/\/www.truckparkingholland.com\/lt\/#organization"},"potentialAction":[{"@type":"SearchAction","target":{"@type":"EntryPoint","urlTemplate":"https:\/\/www.truckparkingholland.com\/lt\/?s={search_term_string}"},"query-input":{"@type":"PropertyValueSpecification","valueRequired":true,"valueName":"search_term_string"}}],"inLanguage":"lt-LT"},{"@type":"Organization","@id":"https:\/\/www.truckparkingholland.com\/lt\/#organization","name":"Truckparking Holland","url":"https:\/\/www.truckparkingholland.com\/lt\/","logo":{"@type":"ImageObject","inLanguage":"lt-LT","@id":"https:\/\/www.truckparkingholland.com\/lt\/#\/schema\/logo\/image\/","url":"https:\/\/truckparkingholland.com\/wp-content\/uploads\/2021\/09\/logo-truckparking-holland-1.png","contentUrl":"https:\/\/truckparkingholland.com\/wp-content\/uploads\/2021\/09\/logo-truckparking-holland-1.png","width":275,"height":79,"caption":"Truckparking Holland"},"image":{"@id":"https:\/\/www.truckparkingholland.com\/lt\/#\/schema\/logo\/image\/"}}]}},"_links":{"self":[{"href":"https:\/\/www.truckparkingholland.com\/lt\/wp-json\/wp\/v2\/pages\/540","targetHints":{"allow":["GET"]}}],"collection":[{"href":"https:\/\/www.truckparkingholland.com\/lt\/wp-json\/wp\/v2\/pages"}],"about":[{"href":"https:\/\/www.truckparkingholland.com\/lt\/wp-json\/wp\/v2\/types\/page"}],"author":[{"embeddable":true,"href":"https:\/\/www.truckparkingholland.com\/lt\/wp-json\/wp\/v2\/users\/1"}],"replies":[{"embeddable":true,"href":"https:\/\/www.truckparkingholland.com\/lt\/wp-json\/wp\/v2\/comments?post=540"}],"version-history":[{"count":5,"href":"https:\/\/www.truckparkingholland.com\/lt\/wp-json\/wp\/v2\/pages\/540\/revisions"}],"predecessor-version":[{"id":2991,"href":"https:\/\/www.truckparkingholland.com\/lt\/wp-json\/wp\/v2\/pages\/540\/revisions\/2991"}],"wp:attachment":[{"href":"https:\/\/www.truckparkingholland.com\/lt\/wp-json\/wp\/v2\/media?parent=540"}],"curies":[{"name":"wp","href":"https:\/\/api.w.org\/{rel}","templated":true}]}}