{"id":898,"date":"2021-03-22T14:53:44","date_gmt":"2021-03-22T13:53:44","guid":{"rendered":"https:\/\/comtruck-karadut.savviihq.com\/normas-del-aparcamiento\/"},"modified":"2021-08-02T22:44:47","modified_gmt":"2021-08-02T20:44:47","slug":"normas-del-aparcamiento","status":"publish","type":"page","link":"https:\/\/www.truckparkingholland.com\/es\/normas-del-aparcamiento\/","title":{"rendered":"Normas del aparcamiento"},"content":{"rendered":"<div class=\"wpb-content-wrapper\"><p>[vc_row css_animation=\u00bb\u00bb row_type=\u00bbrow\u00bb use_row_as_full_screen_section=\u00bbno\u00bb type=\u00bbgrid\u00bb angled_section=\u00bbno\u00bb text_align=\u00bbleft\u00bb background_image_as_pattern=\u00bbwithout_pattern\u00bb z_index=\u00bb\u00bb][vc_column width=\u00bb7\/12&#8243; css=\u00bb.vc_custom_1615391332765{padding-top: 3em !important;padding-bottom: 5em !important;padding-left: 2vw !important;}\u00bb el_class=\u00bbvc_col-sm-push-5&#8243;][vc_column_text]<\/p>\n<h1>Normas del aparcamiento<\/h1>\n<ol>\n<li>Los usuarios entran al aparcamiento para camiones de Borchwerf (\u00abAparcamiento para camiones\u00bb) bajo su propia responsabilidad.<\/li>\n<\/ol>\n<p>Los visitantes solo pueden acceder a los terrenos y edificios a los que es necesario acceder para visitas o para realizar actividades (para proveedores), etc.<\/p>\n<ol start=\"2\">\n<li>Todas las personas presentes en el Aparcamiento para camiones, tanto conductores como pasajeros, deben estar en posesi\u00f3n de una tarjeta de acceso v\u00e1lida.<\/li>\n<li>El estacionamiento en el Aparcamiento para camiones de Borchwerf se realiza bajo su propia responsabilidad.<\/li>\n<\/ol>\n<p>Parkeer Beheer Roosendaal B.V.<\/p>\n<p>(Parkeer Beheer) no asumir\u00e1 responsabilidad alguna por los da\u00f1os que se produzcan en el Aparcamiento para camiones a causa de accidentes, p\u00e9rdidas, robos u otras circunstancias.<\/p>\n<p>La \u00fanica excepci\u00f3n a lo anterior la constituyen los da\u00f1os derivados de una negligencia demostrable de la que se considere culpable a Parkeer Beheer o a uno de sus empleados.<\/p>\n<p>Todos los da\u00f1os se deben comunicar de inmediato a la Sala de control, llamando al +31(0)165 560275.<\/p>\n<p>Parkeer Beheer no asumir\u00e1 responsabilidad alguna por da\u00f1os en un veh\u00edculo que se hayan comunicado una vez que este haya salido del Aparcamiento para camiones.<\/p>\n<ol start=\"4\">\n<li>Los visitantes deben seguir en todo momento las instrucciones y las pautas indicadas por Parkeer Beheer o en nombre de esta.<\/li>\n<\/ol>\n<p>Dichas instrucciones y pautas se pueden dar, entre otras cosas, mediante se\u00f1ales, indicaciones de direcci\u00f3n o gestos del personal o de los empleados de empresas contratadas por Parkeer Beheer.<\/p>\n<p>{t1}5. Si un visitante no sigue las instrucciones o las pautas indicadas por Parkeer Beheer o en nombre de esta, Parkeer Beheer no asumir\u00e1 responsabilidad alguna {\/t1}{t2}por da\u00f1os o p\u00e9rdidas de cualquier \u00edndole (en teor\u00eda, si se siguen las instrucciones, no deber\u00edan producirse ni p\u00e9rdidas ni da\u00f1os).{\/t2}<\/p>\n<ol start=\"6\">\n<li>Parkeer Beheer no asumir\u00e1 en ning\u00fan caso responsabilidad alguna por da\u00f1os en neum\u00e1ticos pinchados en el terreno ni provocados por este en el Aparcamiento para camiones.<\/li>\n<li>El personal de Parkeer Beheer y las empresas contratadas por Parkeer Beheer est\u00e1n autorizados en todo momento a inspeccionar el equipaje (incluido el de mano), las taquillas, las cabinas y los compartimentos de almacenamiento de cualquier veh\u00edculo o usuario.<\/li>\n<li>Si Parkeer Beheer o las empresas contratadas por Parkeer Beheer sufren p\u00e9rdidas o da\u00f1os como consecuencia del incumplimiento de las presentes normas por parte de un visitante del Aparcamiento para camiones, este estar\u00e1 obligado a cubrir la totalidad de las p\u00e9rdidas o los da\u00f1os cuando se le solicite por primera vez, sin perjuicio de cualesquiera derechos que la ley conceda a Parkeer Beheer.<\/li>\n<li>Si un visitante incumple las normas, Parkeer Beheer puede denegar (de manera permanente) a dicho visitante el acceso al Aparcamiento para camiones.<\/li>\n<li>Se considera que, al entrar en el Aparcamiento para camiones, los visitantes aceptan las presentes normas.<\/li>\n<\/ol>\n<p>Instrucciones de seguridad para los visitantes<\/p>\n<ol>\n<li>No est\u00e1 permitida la entrada al aparcamiento sin una prueba de acceso v\u00e1lida.<\/li>\n<\/ol>\n<p>Debe conservar la prueba de acceso mientras permanezca en el Aparcamiento para camiones y deber\u00e1 mostrarla si as\u00ed se lo solicitan los empleados de Parkeer Beheer o las empresas contratadas por Parkeer Beheer.<\/p>\n<ol start=\"2\">\n<li>Debe aparcar el veh\u00edculo completo en las plazas habilitadas a tal efecto, entre las l\u00edneas.<\/li>\n<\/ol>\n<p>{t1}3. Si no sigue las instrucciones o las pautas de inmediato y correctamente, Parkeer Beheer estar\u00e1 autorizada a mover o retirar su veh\u00edculo, o a solicitar que {\/t1}{t2}otra empresa lo mueva o lo retire.<\/p>\n<p>Parkeer Beheer le cobrar\u00e1 el coste correspondiente.{\/t2}<\/p>\n<ol start=\"4\">\n<li>En el Aparcamiento para camiones rigen las mismas normas de comportamiento y tr\u00e1fico que se aplican en la v\u00eda p\u00fablica.<\/li>\n<\/ol>\n<p>Las se\u00f1ales de tr\u00e1fico tienen los mismos significados.<\/p>\n<ol start=\"5\">\n<li>Su comportamiento en el Aparcamiento para camiones no debe constituir ni un peligro ni una molestia para usted, el personal de Parkeer Beheer, las empresas contratadas por Parkeer Beheer ni otros usuarios del Aparcamiento para camiones.<\/li>\n<\/ol>\n<p>Debe respetar las normas de decoro y cortes\u00eda aplicables en los Pa\u00edses Bajos.<\/p>\n<p>Se considera que las conoce.<\/p>\n<ol start=\"6\">\n<li>El equipamiento de los veh\u00edculos a motor, los remolques y cualesquiera otros medios de transporte debe cumplir los requisitos legales.<\/li>\n<li>Los camiones o los remolques separados de la cabeza tractora estacionados siempre deben tener los frenos activados o estar inmovilizados de otro modo, para que el veh\u00edculo no pueda constituir un peligro para el resto del tr\u00e1fico.<\/li>\n<\/ol>\n<p>Solo los remolques pertenecientes a titulares de abonos de temporada se pueden estacionar separados de la cabeza tractora, siempre y cuando se utilice un calzo.<\/p>\n<p>El calzo debe estar posicionado de tal manera que impida que el remolque se incline hacia delante y da\u00f1e el asfalto.<\/p>\n<ol start=\"8\">\n<li>Las maniobras de entrada y salida del Aparcamiento para camiones y de conducci\u00f3n hacia delante o hacia atr\u00e1s en el interior del Aparcamiento para camiones solo se deber\u00e1n iniciar despu\u00e9s de que el conductor se haya asegurado de que es imposible ocasionar da\u00f1os o molestias al tr\u00e1fico existente.<\/li>\n<li>En el Aparcamiento para camiones no se pueden conducir veh\u00edculos a motor sin disponer de un permiso de conducci\u00f3n v\u00e1lido.<\/li>\n<\/ol>\n<p>Si as\u00ed lo solicitan el personal de Parkeer Beheer o las empresas contratadas por Parkeer Beheer, se deben presentar los documentos de matriculaci\u00f3n y los permisos de conducci\u00f3n.<\/p>\n<ol start=\"10\">\n<li>El l\u00edmite de velocidad aparece indicado en las se\u00f1ales.<\/li>\n<\/ol>\n<p>El l\u00edmite de velocidad en el Aparcamiento para camiones es de 10 km\/h.<\/p>\n<ol start=\"11\">\n<li>Est\u00e1 prohibido consumir y estar en posesi\u00f3n de bebidas alcoh\u00f3licas o drogas en el interior del Aparcamiento para camiones.<\/li>\n<li>Est\u00e1 prohibido encender fuego.<\/li>\n<li>Est\u00e1 prohibido hacer ruido excesivo.<\/li>\n<li>Est\u00e1 prohibido realizar tareas de reparaci\u00f3n o mantenimiento en camiones y veh\u00edculos comerciales en el interior del Aparcamiento para camiones (por ejemplo, cambios de aceite, etc.).<\/li>\n<li>Los residuos peque\u00f1os se deben depositar en los cubos de basura instalados en el Aparcamiento para camiones.<\/li>\n<\/ol>\n<p>No est\u00e1 permitida la eliminaci\u00f3n de residuos de gran tama\u00f1o (neum\u00e1ticos, pal\u00e9s, etc.),<\/p>\n<p>ni de residuos qu\u00edmicos dom\u00e9sticos (bater\u00edas).<\/p>\n<ol start=\"16\">\n<li>No se deben colocar objetos, obst\u00e1culos ni obstrucciones en la v\u00eda sin el consentimiento previo de la empresa de seguridad o de Parkeer Beheer.<\/li>\n<li>Los turismos y los veh\u00edculos de servicio solo pueden aparcar en las plazas de aparcamiento designadas del Aparcamiento para camiones.<\/li>\n<li>No est\u00e1 permitida la entrada de veh\u00edculos que transporten sustancias o mercanc\u00edas peligrosas (ADR) en el Aparcamiento para camiones.<\/li>\n<li>Los menores deben ir acompa\u00f1ados de un adulto al recorrer a pie el Aparcamiento para camiones o al entrar en el m\u00f3dulo de aseos y duchas.<\/li>\n<\/ol>\n<p>Servicios de asistencia para camiones de varias marcas<\/p>\n<p>Normas de acceso<\/p>\n<ol>\n<li>Solo se puede acceder al Aparcamiento para camiones con un pase de acceso v\u00e1lido.<\/li>\n<\/ol>\n<p>Est\u00e1 prohibido dejar su tarjeta de acceso a otras personas para que entren en el Aparcamiento para camiones.<\/p>\n<ol start=\"2\">\n<li>Parkeer Beheer y las empresas o los empleados contratados por Parkeer Beheer son responsables de velar por la aplicaci\u00f3n y el cumplimiento de las presentes normas.<\/li>\n<\/ol>\n<p>Parkeer Beheer y las empresas contratadas por Parkeer Beheer est\u00e1n autorizadas a desviarse temporalmente de las instrucciones indicadas en las presentes normas.<\/p>\n<ol start=\"3\">\n<li>Sin perjuicio de cualquier acci\u00f3n que se inicie respecto a aquella persona que incumpla las presentes normas o que act\u00fae de una manera contraria a las mismas, se le podr\u00e1 denegar el acceso al Aparcamiento para camiones con cualquier veh\u00edculo.<\/li>\n<\/ol>\n<p>Aparcamiento de portacontenedores (estos solo son, sin excepciones, titulares de abonos de temporada)<\/p>\n<ol>\n<li>Solo se pueden aparcar portacontenedores si est\u00e1n unidos a la cabeza tractora.<\/li>\n<li>No se permite el aparcamiento de portacontenedores separados de la cabeza tractora, ya que podr\u00edan da\u00f1ar el asfalto.<\/li>\n<\/ol>\n<p>Normas finales<\/p>\n<ol>\n<li>En los casos no cubiertos por esta normativa de aparcamiento, ser\u00e1 vinculante lo que decidan nuestro personal o el personal de la empresa de seguridad.<\/li>\n<li>La invalidez de cualquier disposici\u00f3n de las presentes normas del Aparcamiento para camiones no afectar\u00e1 a la validez de las estipulaciones restantes.<\/li>\n<li>Le deseamos una agradable estancia en nuestro Aparcamiento para camiones y estamos convencidos de que las normas del Aparcamiento para camiones contribuir\u00e1n a ello.<\/li>\n<\/ol>\n<p>N\u00famero de emergencias: + 31 (0) 165-560275[\/vc_column_text][\/vc_column][vc_column width=\u00bb5\/12&#8243; el_class=\u00bbvc_col-sm-pull-7&#8243;]\n<div class=\"wpcf7 no-js\" id=\"wpcf7-f513-o1\" lang=\"es-ES\" dir=\"ltr\" data-wpcf7-id=\"513\">\n<div class=\"screen-reader-response\"><p role=\"status\" aria-live=\"polite\" aria-atomic=\"true\"><\/p> <ul><\/ul><\/div>\n<form action=\"\/es\/wp-json\/wp\/v2\/pages\/898#wpcf7-f513-o1\" method=\"post\" class=\"wpcf7-form init default wpcf7-acceptance-as-validation\" aria-label=\"Formulario de contacto\" novalidate=\"novalidate\" data-status=\"init\">\n<fieldset class=\"hidden-fields-container\"><input type=\"hidden\" name=\"_wpcf7\" value=\"513\" \/><input type=\"hidden\" name=\"_wpcf7_version\" value=\"6.1.5\" \/><input type=\"hidden\" name=\"_wpcf7_locale\" value=\"es_ES\" \/><input type=\"hidden\" name=\"_wpcf7_unit_tag\" value=\"wpcf7-f513-o1\" \/><input type=\"hidden\" name=\"_wpcf7_container_post\" value=\"0\" \/><input type=\"hidden\" name=\"_wpcf7_posted_data_hash\" value=\"\" \/><input type=\"hidden\" name=\"_wpcf7_recaptcha_response\" value=\"\" \/>\n<\/fieldset>\n<div class=\"tph-form-container\">\n<div class=\"wpcf7-response-output\" aria-hidden=\"true\"><\/div>\n\t<h4>RESERVAR DIRECTAMENTE\n\t<\/h4>\n\t<p>Reserve ahora un espacio de estacionamiento seguro para su cami\u00f3n.\n\t<\/p>\n\t<div>\n\t\t<p><span class=\"wpcf7-form-control-wrap\" data-name=\"naam-transportbedrijf\"><input size=\"40\" maxlength=\"400\" class=\"wpcf7-form-control wpcf7-text wpcf7-validates-as-required\" aria-required=\"true\" aria-invalid=\"false\" placeholder=\"Nombre de la empresa de transporte\" value=\"\" type=\"text\" name=\"naam-transportbedrijf\" \/><\/span>\n\t\t<\/p>\n\t<\/div>\n\t<div>\n\t\t<p><span class=\"wpcf7-form-control-wrap\" data-name=\"naam-chauffeur\"><input size=\"40\" maxlength=\"400\" class=\"wpcf7-form-control wpcf7-text wpcf7-validates-as-required\" aria-required=\"true\" aria-invalid=\"false\" placeholder=\"Nombre del conductor\" value=\"\" type=\"text\" name=\"naam-chauffeur\" \/><\/span>\n\t\t<\/p>\n\t<\/div>\n\t<div>\n\t\t<p><span class=\"wpcf7-form-control-wrap\" data-name=\"kenteken\"><input size=\"40\" maxlength=\"400\" class=\"wpcf7-form-control wpcf7-text wpcf7-validates-as-required\" aria-required=\"true\" aria-invalid=\"false\" placeholder=\"Matr\u00edcula del veh\u00edculo\" value=\"\" type=\"text\" name=\"kenteken\" \/><\/span>\n\t\t<\/p>\n\t<\/div>\n\t<div>\n\t\t<p><span class=\"wpcf7-form-control-wrap\" data-name=\"e-mailadres\"><input size=\"40\" maxlength=\"400\" class=\"wpcf7-form-control wpcf7-email wpcf7-validates-as-required wpcf7-text wpcf7-validates-as-email\" aria-required=\"true\" aria-invalid=\"false\" placeholder=\"Correo electr\u00f3nico\" value=\"\" type=\"email\" name=\"e-mailadres\" \/><\/span>\n\t\t<\/p>\n\t<\/div>\n\t<div class=\"form-two-col\">\n\t\t<div>\n\t\t\t<p><label> Entrada <span class=\"wpcf7-form-control-wrap\" data-name=\"check-in\"><input class=\"wpcf7-form-control wpcf7-date wpcf7-validates-as-required wpcf7-validates-as-date\" aria-required=\"true\" aria-invalid=\"false\" placeholder=\"Entrada\" value=\"\" type=\"date\" name=\"check-in\" \/><\/span><\/label>\n\t\t\t<\/p>\n\t\t<\/div>\n\t\t<div>\n\t\t\t<p><label> Salida <span class=\"wpcf7-form-control-wrap\" data-name=\"check-out\"><input class=\"wpcf7-form-control wpcf7-date wpcf7-validates-as-required wpcf7-validates-as-date\" aria-required=\"true\" aria-invalid=\"false\" placeholder=\"Salida\" value=\"\" type=\"date\" name=\"check-out\" \/><\/span><\/label>\n\t\t\t<\/p>\n\t\t<\/div>\n\t<\/div>\n\t<p><label> Seleccione su pa\u00eds<br \/>\n<span class=\"wpcf7-form-control-wrap\" data-name=\"landselectie\"><select class=\"wpcf7-form-control wpcf7-select wpcf7-validates-as-required\" aria-required=\"true\" aria-invalid=\"false\" name=\"landselectie\"><option value=\"\">&#8212;Por favor, elige una opci\u00f3n&#8212;<\/option><option value=\"Albania\">Albania<\/option><option value=\"Andorra\">Andorra<\/option><option value=\"Austria\">Austria<\/option><option value=\"Belarus\">Belarus<\/option><option value=\"Belgium\">Belgium<\/option><option value=\"Bosnia and Herzegovina\">Bosnia and Herzegovina<\/option><option value=\"Bulgaria\">Bulgaria<\/option><option value=\"Croatia\">Croatia<\/option><option value=\"Czech Republic\">Czech Republic<\/option><option value=\"Denmark\">Denmark<\/option><option value=\"Estonia\">Estonia<\/option><option value=\"Faroe Islands (Denmark)\">Faroe Islands (Denmark)<\/option><option value=\"Finland\">Finland<\/option><option value=\"France\">France<\/option><option value=\"Germany\">Germany<\/option><option value=\"Greece\">Greece<\/option><option value=\"Guernsey (UK)\">Guernsey (UK)<\/option><option value=\"Hungary\">Hungary<\/option><option value=\"Iceland\">Iceland<\/option><option value=\"Ireland\">Ireland<\/option><option value=\"Isle of Man (UK)\">Isle of Man (UK)<\/option><option value=\"Italy\">Italy<\/option><option value=\"Jersey (UK)\">Jersey (UK)<\/option><option value=\"Kosovo\">Kosovo<\/option><option value=\"Latvia\">Latvia<\/option><option value=\"Liechtenstein\">Liechtenstein<\/option><option value=\"Lithuania\">Lithuania<\/option><option value=\"Luxembourg\">Luxembourg<\/option><option value=\"Macedonia\">Macedonia<\/option><option value=\"Malta\">Malta<\/option><option value=\"Moldova\">Moldova<\/option><option value=\"Monaco\">Monaco<\/option><option value=\"Montenegro\">Montenegro<\/option><option value=\"Netherlands\">Netherlands<\/option><option value=\"Norway\">Norway<\/option><option value=\"Poland\">Poland<\/option><option value=\"Portugal\">Portugal<\/option><option value=\"Romania\">Romania<\/option><option value=\"Russia\">Russia<\/option><option value=\"San Marino\">San Marino<\/option><option value=\"Serbia\">Serbia<\/option><option value=\"Slovakia\">Slovakia<\/option><option value=\"Slovenia\">Slovenia<\/option><option value=\"Spain\">Spain<\/option><option value=\"Sweden\">Sweden<\/option><option value=\"Switzerland\">Switzerland<\/option><option value=\"Ukraine\">Ukraine<\/option><option value=\"United Kingdom\">United Kingdom<\/option><\/select><\/span><\/label>\n\t<\/p>\n\t<div>\n\t\t<p><span class=\"wpcf7-form-control-wrap\" data-name=\"privacyverklaring\"><span class=\"wpcf7-form-control wpcf7-acceptance\"><span class=\"wpcf7-list-item\"><label><input type=\"checkbox\" name=\"privacyverklaring\" value=\"1\" aria-invalid=\"false\" \/><span class=\"wpcf7-list-item-label\">Estoy de acuerdo con el <a href=\"https:\/\/truckparkingholland.com\/wp-content\/uploads\/2021\/06\/1Privacybeleid.pdf\" target=\"_blank\">Declaraci\u00f3n de privacidad<\/a>.<\/span><\/label><\/span><\/span><\/span>\n\t\t<\/p>\n\t<\/div>\n\t<div>\n\t\t<p><input class=\"wpcf7-form-control wpcf7-submit has-spinner\" type=\"submit\" value=\"Enviar\" \/>\n\t\t<\/p>\n\t<\/div>\n<\/div><input type='hidden' class='wpcf7-pum' value='{\"closepopup\":false,\"closedelay\":0,\"openpopup\":false,\"openpopup_id\":0}' \/>\n<\/form>\n<\/div>\n[\/vc_column][\/vc_row]<\/p>\n<\/div>","protected":false},"excerpt":{"rendered":"<p>[vc_row css_animation=\u00bb\u00bb row_type=\u00bbrow\u00bb use_row_as_full_screen_section=\u00bbno\u00bb type=\u00bbgrid\u00bb angled_section=\u00bbno\u00bb text_align=\u00bbleft\u00bb background_image_as_pattern=\u00bbwithout_pattern\u00bb z_index=\u00bb\u00bb][vc_column width=\u00bb7\/12&#8243; css=\u00bb.vc_custom_1615391332765{padding-top: 3em !important;padding-bottom: 5em !important;padding-left: 2vw !important;}\u00bb el_class=\u00bbvc_col-sm-push-5&#8243;][vc_column_text] Normas del aparcamiento Los usuarios entran al aparcamiento para camiones de Borchwerf (\u00abAparcamiento para camiones\u00bb) bajo su propia responsabilidad. Los visitantes solo pueden acceder a los terrenos&#8230;<\/p>\n","protected":false},"author":1,"featured_media":0,"parent":0,"menu_order":0,"comment_status":"closed","ping_status":"closed","template":"full_width.php","meta":{"footnotes":""},"class_list":["post-898","page","type-page","status-publish","hentry"],"yoast_head":"<!-- This site is optimized with the Yoast SEO plugin v27.5 - https:\/\/yoast.com\/product\/yoast-seo-wordpress\/ -->\n<title>Normas del aparcamiento - Truckparking Holland<\/title>\n<meta name=\"robots\" content=\"index, follow, max-snippet:-1, max-image-preview:large, max-video-preview:-1\" \/>\n<meta property=\"og:locale\" content=\"es_ES\" \/>\n<meta property=\"og:type\" content=\"article\" \/>\n<meta property=\"og:title\" content=\"Normas del aparcamiento - Truckparking Holland\" \/>\n<meta property=\"og:description\" content=\"[vc_row css_animation=\u00bb\u00bb row_type=\u00bbrow\u00bb use_row_as_full_screen_section=\u00bbno\u00bb type=\u00bbgrid\u00bb angled_section=\u00bbno\u00bb text_align=\u00bbleft\u00bb background_image_as_pattern=\u00bbwithout_pattern\u00bb z_index=\u00bb\u00bb][vc_column width=\u00bb7\/12&#8243; css=\u00bb.vc_custom_1615391332765{padding-top: 3em !important;padding-bottom: 5em !important;padding-left: 2vw !important;}\u00bb el_class=\u00bbvc_col-sm-push-5&#8243;][vc_column_text] Normas del aparcamiento Los usuarios entran al aparcamiento para camiones de Borchwerf (\u00abAparcamiento para camiones\u00bb) bajo su propia responsabilidad. Los visitantes solo pueden acceder a los terrenos...\" \/>\n<meta property=\"og:url\" content=\"https:\/\/www.truckparkingholland.com\/es\/normas-del-aparcamiento\/\" \/>\n<meta property=\"og:site_name\" content=\"Truckparking Holland\" \/>\n<meta property=\"article:modified_time\" content=\"2021-08-02T20:44:47+00:00\" \/>\n<meta name=\"twitter:card\" content=\"summary_large_image\" \/>\n<meta name=\"twitter:label1\" content=\"Tiempo de lectura\" \/>\n\t<meta name=\"twitter:data1\" content=\"6 minutos\" \/>\n<script type=\"application\/ld+json\" class=\"yoast-schema-graph\">{\"@context\":\"https:\\\/\\\/schema.org\",\"@graph\":[{\"@type\":\"WebPage\",\"@id\":\"https:\\\/\\\/www.truckparkingholland.com\\\/es\\\/normas-del-aparcamiento\\\/\",\"url\":\"https:\\\/\\\/www.truckparkingholland.com\\\/es\\\/normas-del-aparcamiento\\\/\",\"name\":\"Normas del aparcamiento - Truckparking Holland\",\"isPartOf\":{\"@id\":\"https:\\\/\\\/www.truckparkingholland.com\\\/es\\\/#website\"},\"datePublished\":\"2021-03-22T13:53:44+00:00\",\"dateModified\":\"2021-08-02T20:44:47+00:00\",\"breadcrumb\":{\"@id\":\"https:\\\/\\\/www.truckparkingholland.com\\\/es\\\/normas-del-aparcamiento\\\/#breadcrumb\"},\"inLanguage\":\"es\",\"potentialAction\":[{\"@type\":\"ReadAction\",\"target\":[\"https:\\\/\\\/www.truckparkingholland.com\\\/es\\\/normas-del-aparcamiento\\\/\"]}]},{\"@type\":\"BreadcrumbList\",\"@id\":\"https:\\\/\\\/www.truckparkingholland.com\\\/es\\\/normas-del-aparcamiento\\\/#breadcrumb\",\"itemListElement\":[{\"@type\":\"ListItem\",\"position\":1,\"name\":\"Home\",\"item\":\"https:\\\/\\\/www.truckparkingholland.com\\\/es\\\/\"},{\"@type\":\"ListItem\",\"position\":2,\"name\":\"Normas del aparcamiento\"}]},{\"@type\":\"WebSite\",\"@id\":\"https:\\\/\\\/www.truckparkingholland.com\\\/es\\\/#website\",\"url\":\"https:\\\/\\\/www.truckparkingholland.com\\\/es\\\/\",\"name\":\"Truckparking Holland\",\"description\":\"Veilig parkeren voor uw transport\",\"publisher\":{\"@id\":\"https:\\\/\\\/www.truckparkingholland.com\\\/es\\\/#organization\"},\"potentialAction\":[{\"@type\":\"SearchAction\",\"target\":{\"@type\":\"EntryPoint\",\"urlTemplate\":\"https:\\\/\\\/www.truckparkingholland.com\\\/es\\\/?s={search_term_string}\"},\"query-input\":{\"@type\":\"PropertyValueSpecification\",\"valueRequired\":true,\"valueName\":\"search_term_string\"}}],\"inLanguage\":\"es\"},{\"@type\":\"Organization\",\"@id\":\"https:\\\/\\\/www.truckparkingholland.com\\\/es\\\/#organization\",\"name\":\"Truckparking Holland\",\"url\":\"https:\\\/\\\/www.truckparkingholland.com\\\/es\\\/\",\"logo\":{\"@type\":\"ImageObject\",\"inLanguage\":\"es\",\"@id\":\"https:\\\/\\\/www.truckparkingholland.com\\\/es\\\/#\\\/schema\\\/logo\\\/image\\\/\",\"url\":\"https:\\\/\\\/truckparkingholland.com\\\/wp-content\\\/uploads\\\/2021\\\/09\\\/logo-truckparking-holland-1.png\",\"contentUrl\":\"https:\\\/\\\/truckparkingholland.com\\\/wp-content\\\/uploads\\\/2021\\\/09\\\/logo-truckparking-holland-1.png\",\"width\":275,\"height\":79,\"caption\":\"Truckparking Holland\"},\"image\":{\"@id\":\"https:\\\/\\\/www.truckparkingholland.com\\\/es\\\/#\\\/schema\\\/logo\\\/image\\\/\"}}]}<\/script>\n<!-- \/ Yoast SEO plugin. -->","yoast_head_json":{"title":"Normas del aparcamiento - Truckparking Holland","robots":{"index":"index","follow":"follow","max-snippet":"max-snippet:-1","max-image-preview":"max-image-preview:large","max-video-preview":"max-video-preview:-1"},"og_locale":"es_ES","og_type":"article","og_title":"Normas del aparcamiento - Truckparking Holland","og_description":"[vc_row css_animation=\u00bb\u00bb row_type=\u00bbrow\u00bb use_row_as_full_screen_section=\u00bbno\u00bb type=\u00bbgrid\u00bb angled_section=\u00bbno\u00bb text_align=\u00bbleft\u00bb background_image_as_pattern=\u00bbwithout_pattern\u00bb z_index=\u00bb\u00bb][vc_column width=\u00bb7\/12&#8243; css=\u00bb.vc_custom_1615391332765{padding-top: 3em !important;padding-bottom: 5em !important;padding-left: 2vw !important;}\u00bb el_class=\u00bbvc_col-sm-push-5&#8243;][vc_column_text] Normas del aparcamiento Los usuarios entran al aparcamiento para camiones de Borchwerf (\u00abAparcamiento para camiones\u00bb) bajo su propia responsabilidad. Los visitantes solo pueden acceder a los terrenos...","og_url":"https:\/\/www.truckparkingholland.com\/es\/normas-del-aparcamiento\/","og_site_name":"Truckparking Holland","article_modified_time":"2021-08-02T20:44:47+00:00","twitter_card":"summary_large_image","twitter_misc":{"Tiempo de lectura":"6 minutos"},"schema":{"@context":"https:\/\/schema.org","@graph":[{"@type":"WebPage","@id":"https:\/\/www.truckparkingholland.com\/es\/normas-del-aparcamiento\/","url":"https:\/\/www.truckparkingholland.com\/es\/normas-del-aparcamiento\/","name":"Normas del aparcamiento - Truckparking Holland","isPartOf":{"@id":"https:\/\/www.truckparkingholland.com\/es\/#website"},"datePublished":"2021-03-22T13:53:44+00:00","dateModified":"2021-08-02T20:44:47+00:00","breadcrumb":{"@id":"https:\/\/www.truckparkingholland.com\/es\/normas-del-aparcamiento\/#breadcrumb"},"inLanguage":"es","potentialAction":[{"@type":"ReadAction","target":["https:\/\/www.truckparkingholland.com\/es\/normas-del-aparcamiento\/"]}]},{"@type":"BreadcrumbList","@id":"https:\/\/www.truckparkingholland.com\/es\/normas-del-aparcamiento\/#breadcrumb","itemListElement":[{"@type":"ListItem","position":1,"name":"Home","item":"https:\/\/www.truckparkingholland.com\/es\/"},{"@type":"ListItem","position":2,"name":"Normas del aparcamiento"}]},{"@type":"WebSite","@id":"https:\/\/www.truckparkingholland.com\/es\/#website","url":"https:\/\/www.truckparkingholland.com\/es\/","name":"Truckparking Holland","description":"Veilig parkeren voor uw transport","publisher":{"@id":"https:\/\/www.truckparkingholland.com\/es\/#organization"},"potentialAction":[{"@type":"SearchAction","target":{"@type":"EntryPoint","urlTemplate":"https:\/\/www.truckparkingholland.com\/es\/?s={search_term_string}"},"query-input":{"@type":"PropertyValueSpecification","valueRequired":true,"valueName":"search_term_string"}}],"inLanguage":"es"},{"@type":"Organization","@id":"https:\/\/www.truckparkingholland.com\/es\/#organization","name":"Truckparking Holland","url":"https:\/\/www.truckparkingholland.com\/es\/","logo":{"@type":"ImageObject","inLanguage":"es","@id":"https:\/\/www.truckparkingholland.com\/es\/#\/schema\/logo\/image\/","url":"https:\/\/truckparkingholland.com\/wp-content\/uploads\/2021\/09\/logo-truckparking-holland-1.png","contentUrl":"https:\/\/truckparkingholland.com\/wp-content\/uploads\/2021\/09\/logo-truckparking-holland-1.png","width":275,"height":79,"caption":"Truckparking Holland"},"image":{"@id":"https:\/\/www.truckparkingholland.com\/es\/#\/schema\/logo\/image\/"}}]}},"_links":{"self":[{"href":"https:\/\/www.truckparkingholland.com\/es\/wp-json\/wp\/v2\/pages\/898","targetHints":{"allow":["GET"]}}],"collection":[{"href":"https:\/\/www.truckparkingholland.com\/es\/wp-json\/wp\/v2\/pages"}],"about":[{"href":"https:\/\/www.truckparkingholland.com\/es\/wp-json\/wp\/v2\/types\/page"}],"author":[{"embeddable":true,"href":"https:\/\/www.truckparkingholland.com\/es\/wp-json\/wp\/v2\/users\/1"}],"replies":[{"embeddable":true,"href":"https:\/\/www.truckparkingholland.com\/es\/wp-json\/wp\/v2\/comments?post=898"}],"version-history":[{"count":3,"href":"https:\/\/www.truckparkingholland.com\/es\/wp-json\/wp\/v2\/pages\/898\/revisions"}],"predecessor-version":[{"id":3028,"href":"https:\/\/www.truckparkingholland.com\/es\/wp-json\/wp\/v2\/pages\/898\/revisions\/3028"}],"wp:attachment":[{"href":"https:\/\/www.truckparkingholland.com\/es\/wp-json\/wp\/v2\/media?parent=898"}],"curies":[{"name":"wp","href":"https:\/\/api.w.org\/{rel}","templated":true}]}}