{"id":1024,"date":"2021-03-25T12:07:47","date_gmt":"2021-03-25T11:07:47","guid":{"rendered":"https:\/\/comtruck-karadut.savviihq.com\/?page_id=1024"},"modified":"2025-01-20T11:10:38","modified_gmt":"2025-01-20T10:10:38","slug":"tarifas","status":"publish","type":"page","link":"https:\/\/www.truckparkingholland.com\/es\/tarifas\/","title":{"rendered":"Tarifas"},"content":{"rendered":"<div class=\"wpb-content-wrapper\"><p>[vc_row css_animation=\u00bb\u00bb row_type=\u00bbrow\u00bb use_row_as_full_screen_section=\u00bbno\u00bb type=\u00bbgrid\u00bb angled_section=\u00bbno\u00bb text_align=\u00bbleft\u00bb background_image_as_pattern=\u00bbwithout_pattern\u00bb css=\u00bb.vc_custom_1616774430975{padding-top: 4em !important;}\u00bb z_index=\u00bb\u00bb][vc_column][vc_column_text]<\/p>\n<h1>Tarifas<\/h1>\n<p>[\/vc_column_text][\/vc_column][\/vc_row][vc_row css_animation=\u00bb\u00bb row_type=\u00bbrow\u00bb use_row_as_full_screen_section=\u00bbno\u00bb type=\u00bbgrid\u00bb angled_section=\u00bbno\u00bb text_align=\u00bbleft\u00bb background_image_as_pattern=\u00bbwithout_pattern\u00bb css=\u00bb.vc_custom_1616775028978{padding-top: 4em !important;padding-bottom: 5em !important;}\u00bb z_index=\u00bb\u00bb el_class=\u00bbtruck-pricing\u00bb][vc_column width=\u00bb2\/3&#8243;][vc_row_inner row_type=\u00bbrow\u00bb type=\u00bbfull_width\u00bb text_align=\u00bbleft\u00bb css_animation=\u00bb\u00bb el_class=\u00bbtruck-pricing-heading\u00bb][vc_column_inner][vc_column_text css=\u00bb\u00bb]<\/p>\n<h3>sin suscripci\u00f3n<\/h3>\n<p>(Tarifas al 1 de enero de 2025)[\/vc_column_text][\/vc_column_inner][\/vc_row_inner][vc_row_inner row_type=\u00bbrow\u00bb type=\u00bbfull_width\u00bb text_align=\u00bbleft\u00bb css_animation=\u00bb\u00bb][vc_column_inner width=\u00bb7\/12&#8243;][vc_column_text]00:00 &#8211; 08:00[\/vc_column_text][\/vc_column_inner][vc_column_inner width=\u00bb5\/12&#8243;][vc_column_text css=\u00bb\u00bb]2,10 \u20ac por hora (IVA incluido)[\/vc_column_text][\/vc_column_inner][\/vc_row_inner][vc_row_inner row_type=\u00bbrow\u00bb type=\u00bbfull_width\u00bb text_align=\u00bbleft\u00bb css_animation=\u00bb\u00bb][vc_column_inner width=\u00bb7\/12&#8243;][vc_column_text]08:00 &#8211; 17:00[\/vc_column_text][\/vc_column_inner][vc_column_inner width=\u00bb5\/12&#8243;][vc_column_text css=\u00bb\u00bb]2,60 \u20ac por hora (IVA incluido)[\/vc_column_text][\/vc_column_inner][\/vc_row_inner][vc_row_inner row_type=\u00bbrow\u00bb type=\u00bbfull_width\u00bb text_align=\u00bbleft\u00bb css_animation=\u00bb\u00bb][vc_column_inner width=\u00bb7\/12&#8243;][vc_column_text]17:00 &#8211; 00:00[\/vc_column_text][\/vc_column_inner][vc_column_inner width=\u00bb5\/12&#8243;][vc_column_text css=\u00bb\u00bb]2,10 \u20ac por hora (IVA incluido)[\/vc_column_text][\/vc_column_inner][\/vc_row_inner][vc_row_inner row_type=\u00bbrow\u00bb type=\u00bbfull_width\u00bb text_align=\u00bbleft\u00bb css_animation=\u00bb\u00bb][vc_column_inner width=\u00bb7\/12&#8243;][vc_column_text]Tarifa diaria[\/vc_column_text][\/vc_column_inner][vc_column_inner width=\u00bb5\/12&#8243;][vc_column_text css=\u00bb\u00bb]23,00 \u20ac (IVA incluido)[\/vc_column_text][\/vc_column_inner][\/vc_row_inner][\/vc_column][vc_column width=\u00bb1\/3&#8243;][vc_row_inner row_type=\u00bbrow\u00bb type=\u00bbfull_width\u00bb text_align=\u00bbleft\u00bb css_animation=\u00bb\u00bb el_class=\u00bbtruck-pricing-heading\u00bb][vc_column_inner][vc_column_text]<\/p>\n<h3>Suscripci\u00f3n anual<\/h3>\n<p>[\/vc_column_text][\/vc_column_inner][\/vc_row_inner][vc_row_inner row_type=\u00bbrow\u00bb type=\u00bbfull_width\u00bb text_align=\u00bbleft\u00bb css_animation=\u00bb\u00bb][vc_column_inner][vc_column_text css=\u00bb\u00bb]La suscripci\u00f3n es muy limitada, ya que el estacionamiento de camiones est\u00e1 lleno. Para obtener m\u00e1s informaci\u00f3n, puede enviar un correo electr\u00f3nico a <a href=\"mailto:administratie@parkeerbeheer.nl\">administratie@parkeerbeheer.nl<\/a>[\/vc_column_text][\/vc_column_inner][\/vc_row_inner][\/vc_column][\/vc_row][vc_row css_animation=\u00bb\u00bb row_type=\u00bbrow\u00bb use_row_as_full_screen_section=\u00bbno\u00bb type=\u00bbfull_width\u00bb angled_section=\u00bbno\u00bb text_align=\u00bbleft\u00bb background_image_as_pattern=\u00bbwithout_pattern\u00bb css=\u00bb.vc_custom_1624448309781{padding-top: 15em !important;background-image: url(https:\/\/truckparkingholland.com\/wp-content\/uploads\/2021\/06\/truck-sunset.jpg?id=2481) !important;}\u00bb z_index=\u00bb\u00bb][vc_column width=\u00bb1\/3&#8243;][\/vc_column][vc_column width=\u00bb1\/3&#8243;]\n<div class=\"wpcf7 no-js\" id=\"wpcf7-f513-o1\" lang=\"es-ES\" dir=\"ltr\" data-wpcf7-id=\"513\">\n<div class=\"screen-reader-response\"><p role=\"status\" aria-live=\"polite\" aria-atomic=\"true\"><\/p> <ul><\/ul><\/div>\n<form action=\"\/es\/wp-json\/wp\/v2\/pages\/1024#wpcf7-f513-o1\" method=\"post\" class=\"wpcf7-form init default wpcf7-acceptance-as-validation\" aria-label=\"Formulario de contacto\" novalidate=\"novalidate\" data-status=\"init\">\n<fieldset class=\"hidden-fields-container\"><input type=\"hidden\" name=\"_wpcf7\" value=\"513\" \/><input type=\"hidden\" name=\"_wpcf7_version\" value=\"6.1.5\" \/><input type=\"hidden\" name=\"_wpcf7_locale\" value=\"es_ES\" \/><input type=\"hidden\" name=\"_wpcf7_unit_tag\" value=\"wpcf7-f513-o1\" \/><input type=\"hidden\" name=\"_wpcf7_container_post\" value=\"0\" \/><input type=\"hidden\" name=\"_wpcf7_posted_data_hash\" value=\"\" \/><input type=\"hidden\" name=\"_wpcf7_recaptcha_response\" value=\"\" \/>\n<\/fieldset>\n<div class=\"tph-form-container\">\n<div class=\"wpcf7-response-output\" aria-hidden=\"true\"><\/div>\n\t<h4>RESERVAR DIRECTAMENTE\n\t<\/h4>\n\t<p>Reserve ahora un espacio de estacionamiento seguro para su cami\u00f3n.\n\t<\/p>\n\t<div>\n\t\t<p><span class=\"wpcf7-form-control-wrap\" data-name=\"naam-transportbedrijf\"><input size=\"40\" maxlength=\"400\" class=\"wpcf7-form-control wpcf7-text wpcf7-validates-as-required\" aria-required=\"true\" aria-invalid=\"false\" placeholder=\"Nombre de la empresa de transporte\" value=\"\" type=\"text\" name=\"naam-transportbedrijf\" \/><\/span>\n\t\t<\/p>\n\t<\/div>\n\t<div>\n\t\t<p><span class=\"wpcf7-form-control-wrap\" data-name=\"naam-chauffeur\"><input size=\"40\" maxlength=\"400\" class=\"wpcf7-form-control wpcf7-text wpcf7-validates-as-required\" aria-required=\"true\" aria-invalid=\"false\" placeholder=\"Nombre del conductor\" value=\"\" type=\"text\" name=\"naam-chauffeur\" \/><\/span>\n\t\t<\/p>\n\t<\/div>\n\t<div>\n\t\t<p><span class=\"wpcf7-form-control-wrap\" data-name=\"kenteken\"><input size=\"40\" maxlength=\"400\" class=\"wpcf7-form-control wpcf7-text wpcf7-validates-as-required\" aria-required=\"true\" aria-invalid=\"false\" placeholder=\"Matr\u00edcula del veh\u00edculo\" value=\"\" type=\"text\" name=\"kenteken\" \/><\/span>\n\t\t<\/p>\n\t<\/div>\n\t<div>\n\t\t<p><span class=\"wpcf7-form-control-wrap\" data-name=\"e-mailadres\"><input size=\"40\" maxlength=\"400\" class=\"wpcf7-form-control wpcf7-email wpcf7-validates-as-required wpcf7-text wpcf7-validates-as-email\" aria-required=\"true\" aria-invalid=\"false\" placeholder=\"Correo electr\u00f3nico\" value=\"\" type=\"email\" name=\"e-mailadres\" \/><\/span>\n\t\t<\/p>\n\t<\/div>\n\t<div class=\"form-two-col\">\n\t\t<div>\n\t\t\t<p><label> Entrada <span class=\"wpcf7-form-control-wrap\" data-name=\"check-in\"><input class=\"wpcf7-form-control wpcf7-date wpcf7-validates-as-required wpcf7-validates-as-date\" aria-required=\"true\" aria-invalid=\"false\" placeholder=\"Entrada\" value=\"\" type=\"date\" name=\"check-in\" \/><\/span><\/label>\n\t\t\t<\/p>\n\t\t<\/div>\n\t\t<div>\n\t\t\t<p><label> Salida <span class=\"wpcf7-form-control-wrap\" data-name=\"check-out\"><input class=\"wpcf7-form-control wpcf7-date wpcf7-validates-as-required wpcf7-validates-as-date\" aria-required=\"true\" aria-invalid=\"false\" placeholder=\"Salida\" value=\"\" type=\"date\" name=\"check-out\" \/><\/span><\/label>\n\t\t\t<\/p>\n\t\t<\/div>\n\t<\/div>\n\t<p><label> Seleccione su pa\u00eds<br \/>\n<span class=\"wpcf7-form-control-wrap\" data-name=\"landselectie\"><select class=\"wpcf7-form-control wpcf7-select wpcf7-validates-as-required\" aria-required=\"true\" aria-invalid=\"false\" name=\"landselectie\"><option value=\"\">&#8212;Por favor, elige una opci\u00f3n&#8212;<\/option><option value=\"Albania\">Albania<\/option><option value=\"Andorra\">Andorra<\/option><option value=\"Austria\">Austria<\/option><option value=\"Belarus\">Belarus<\/option><option value=\"Belgium\">Belgium<\/option><option value=\"Bosnia and Herzegovina\">Bosnia and Herzegovina<\/option><option value=\"Bulgaria\">Bulgaria<\/option><option value=\"Croatia\">Croatia<\/option><option value=\"Czech Republic\">Czech Republic<\/option><option value=\"Denmark\">Denmark<\/option><option value=\"Estonia\">Estonia<\/option><option value=\"Faroe Islands (Denmark)\">Faroe Islands (Denmark)<\/option><option value=\"Finland\">Finland<\/option><option value=\"France\">France<\/option><option value=\"Germany\">Germany<\/option><option value=\"Greece\">Greece<\/option><option value=\"Guernsey (UK)\">Guernsey (UK)<\/option><option value=\"Hungary\">Hungary<\/option><option value=\"Iceland\">Iceland<\/option><option value=\"Ireland\">Ireland<\/option><option value=\"Isle of Man (UK)\">Isle of Man (UK)<\/option><option value=\"Italy\">Italy<\/option><option value=\"Jersey (UK)\">Jersey (UK)<\/option><option value=\"Kosovo\">Kosovo<\/option><option value=\"Latvia\">Latvia<\/option><option value=\"Liechtenstein\">Liechtenstein<\/option><option value=\"Lithuania\">Lithuania<\/option><option value=\"Luxembourg\">Luxembourg<\/option><option value=\"Macedonia\">Macedonia<\/option><option value=\"Malta\">Malta<\/option><option value=\"Moldova\">Moldova<\/option><option value=\"Monaco\">Monaco<\/option><option value=\"Montenegro\">Montenegro<\/option><option value=\"Netherlands\">Netherlands<\/option><option value=\"Norway\">Norway<\/option><option value=\"Poland\">Poland<\/option><option value=\"Portugal\">Portugal<\/option><option value=\"Romania\">Romania<\/option><option value=\"Russia\">Russia<\/option><option value=\"San Marino\">San Marino<\/option><option value=\"Serbia\">Serbia<\/option><option value=\"Slovakia\">Slovakia<\/option><option value=\"Slovenia\">Slovenia<\/option><option value=\"Spain\">Spain<\/option><option value=\"Sweden\">Sweden<\/option><option value=\"Switzerland\">Switzerland<\/option><option value=\"Ukraine\">Ukraine<\/option><option value=\"United Kingdom\">United Kingdom<\/option><\/select><\/span><\/label>\n\t<\/p>\n\t<div>\n\t\t<p><span class=\"wpcf7-form-control-wrap\" data-name=\"privacyverklaring\"><span class=\"wpcf7-form-control wpcf7-acceptance\"><span class=\"wpcf7-list-item\"><label><input type=\"checkbox\" name=\"privacyverklaring\" value=\"1\" aria-invalid=\"false\" \/><span class=\"wpcf7-list-item-label\">Estoy de acuerdo con el <a href=\"https:\/\/truckparkingholland.com\/wp-content\/uploads\/2021\/06\/1Privacybeleid.pdf\" target=\"_blank\">Declaraci\u00f3n de privacidad<\/a>.<\/span><\/label><\/span><\/span><\/span>\n\t\t<\/p>\n\t<\/div>\n\t<div>\n\t\t<p><input class=\"wpcf7-form-control wpcf7-submit has-spinner\" type=\"submit\" value=\"Enviar\" \/>\n\t\t<\/p>\n\t<\/div>\n<\/div><input type='hidden' class='wpcf7-pum' value='{\"closepopup\":false,\"closedelay\":0,\"openpopup\":false,\"openpopup_id\":0}' \/>\n<\/form>\n<\/div>\n[\/vc_column][vc_column width=\u00bb1\/3&#8243;][\/vc_column][\/vc_row]<\/p>\n<\/div>","protected":false},"excerpt":{"rendered":"<p>[vc_row css_animation=\u00bb\u00bb row_type=\u00bbrow\u00bb use_row_as_full_screen_section=\u00bbno\u00bb type=\u00bbgrid\u00bb angled_section=\u00bbno\u00bb text_align=\u00bbleft\u00bb background_image_as_pattern=\u00bbwithout_pattern\u00bb css=\u00bb.vc_custom_1616774430975{padding-top: 4em !important;}\u00bb z_index=\u00bb\u00bb][vc_column][vc_column_text] Tarifas [\/vc_column_text][\/vc_column][\/vc_row][vc_row css_animation=\u00bb\u00bb row_type=\u00bbrow\u00bb use_row_as_full_screen_section=\u00bbno\u00bb type=\u00bbgrid\u00bb angled_section=\u00bbno\u00bb text_align=\u00bbleft\u00bb background_image_as_pattern=\u00bbwithout_pattern\u00bb css=\u00bb.vc_custom_1616775028978{padding-top: 4em !important;padding-bottom: 5em !important;}\u00bb z_index=\u00bb\u00bb el_class=\u00bbtruck-pricing\u00bb][vc_column width=\u00bb2\/3&#8243;][vc_row_inner row_type=\u00bbrow\u00bb type=\u00bbfull_width\u00bb text_align=\u00bbleft\u00bb css_animation=\u00bb\u00bb el_class=\u00bbtruck-pricing-heading\u00bb][vc_column_inner][vc_column_text css=\u00bb\u00bb] sin suscripci\u00f3n (Tarifas al 1 de enero de 2025)[\/vc_column_text][\/vc_column_inner][\/vc_row_inner][vc_row_inner row_type=\u00bbrow\u00bb&#8230;<\/p>\n","protected":false},"author":1,"featured_media":0,"parent":0,"menu_order":0,"comment_status":"closed","ping_status":"closed","template":"full_width.php","meta":{"footnotes":""},"class_list":["post-1024","page","type-page","status-publish","hentry"],"yoast_head":"<!-- This site is optimized with the Yoast SEO plugin v27.4 - https:\/\/yoast.com\/product\/yoast-seo-wordpress\/ -->\n<title>Tarifas - Truckparking Holland<\/title>\n<meta name=\"robots\" content=\"index, follow, max-snippet:-1, max-image-preview:large, max-video-preview:-1\" \/>\n<meta property=\"og:locale\" content=\"es_ES\" \/>\n<meta property=\"og:type\" content=\"article\" \/>\n<meta property=\"og:title\" content=\"Tarifas - Truckparking Holland\" \/>\n<meta property=\"og:description\" content=\"[vc_row css_animation=\u00bb\u00bb row_type=\u00bbrow\u00bb use_row_as_full_screen_section=\u00bbno\u00bb type=\u00bbgrid\u00bb angled_section=\u00bbno\u00bb text_align=\u00bbleft\u00bb background_image_as_pattern=\u00bbwithout_pattern\u00bb css=\u00bb.vc_custom_1616774430975{padding-top: 4em !important;}\u00bb z_index=\u00bb\u00bb][vc_column][vc_column_text] Tarifas [\/vc_column_text][\/vc_column][\/vc_row][vc_row css_animation=\u00bb\u00bb row_type=\u00bbrow\u00bb use_row_as_full_screen_section=\u00bbno\u00bb type=\u00bbgrid\u00bb angled_section=\u00bbno\u00bb text_align=\u00bbleft\u00bb background_image_as_pattern=\u00bbwithout_pattern\u00bb css=\u00bb.vc_custom_1616775028978{padding-top: 4em !important;padding-bottom: 5em !important;}\u00bb z_index=\u00bb\u00bb el_class=\u00bbtruck-pricing\u00bb][vc_column width=\u00bb2\/3&#8243;][vc_row_inner row_type=\u00bbrow\u00bb type=\u00bbfull_width\u00bb text_align=\u00bbleft\u00bb css_animation=\u00bb\u00bb el_class=\u00bbtruck-pricing-heading\u00bb][vc_column_inner][vc_column_text css=\u00bb\u00bb] sin suscripci\u00f3n (Tarifas al 1 de enero de 2025)[\/vc_column_text][\/vc_column_inner][\/vc_row_inner][vc_row_inner row_type=\u00bbrow\u00bb...\" \/>\n<meta property=\"og:url\" content=\"https:\/\/www.truckparkingholland.com\/es\/tarifas\/\" \/>\n<meta property=\"og:site_name\" content=\"Truckparking Holland\" \/>\n<meta property=\"article:modified_time\" content=\"2025-01-20T10:10:38+00:00\" \/>\n<meta name=\"twitter:card\" content=\"summary_large_image\" \/>\n<meta name=\"twitter:label1\" content=\"Tiempo de lectura\" \/>\n\t<meta name=\"twitter:data1\" content=\"1 minuto\" \/>\n<script type=\"application\/ld+json\" class=\"yoast-schema-graph\">{\"@context\":\"https:\\\/\\\/schema.org\",\"@graph\":[{\"@type\":\"WebPage\",\"@id\":\"https:\\\/\\\/www.truckparkingholland.com\\\/es\\\/tarifas\\\/\",\"url\":\"https:\\\/\\\/www.truckparkingholland.com\\\/es\\\/tarifas\\\/\",\"name\":\"Tarifas - Truckparking Holland\",\"isPartOf\":{\"@id\":\"https:\\\/\\\/www.truckparkingholland.com\\\/es\\\/#website\"},\"datePublished\":\"2021-03-25T11:07:47+00:00\",\"dateModified\":\"2025-01-20T10:10:38+00:00\",\"breadcrumb\":{\"@id\":\"https:\\\/\\\/www.truckparkingholland.com\\\/es\\\/tarifas\\\/#breadcrumb\"},\"inLanguage\":\"es\",\"potentialAction\":[{\"@type\":\"ReadAction\",\"target\":[\"https:\\\/\\\/www.truckparkingholland.com\\\/es\\\/tarifas\\\/\"]}]},{\"@type\":\"BreadcrumbList\",\"@id\":\"https:\\\/\\\/www.truckparkingholland.com\\\/es\\\/tarifas\\\/#breadcrumb\",\"itemListElement\":[{\"@type\":\"ListItem\",\"position\":1,\"name\":\"Home\",\"item\":\"https:\\\/\\\/www.truckparkingholland.com\\\/es\\\/\"},{\"@type\":\"ListItem\",\"position\":2,\"name\":\"Tarifas\"}]},{\"@type\":\"WebSite\",\"@id\":\"https:\\\/\\\/www.truckparkingholland.com\\\/es\\\/#website\",\"url\":\"https:\\\/\\\/www.truckparkingholland.com\\\/es\\\/\",\"name\":\"Truckparking Holland\",\"description\":\"Veilig parkeren voor uw transport\",\"publisher\":{\"@id\":\"https:\\\/\\\/www.truckparkingholland.com\\\/es\\\/#organization\"},\"potentialAction\":[{\"@type\":\"SearchAction\",\"target\":{\"@type\":\"EntryPoint\",\"urlTemplate\":\"https:\\\/\\\/www.truckparkingholland.com\\\/es\\\/?s={search_term_string}\"},\"query-input\":{\"@type\":\"PropertyValueSpecification\",\"valueRequired\":true,\"valueName\":\"search_term_string\"}}],\"inLanguage\":\"es\"},{\"@type\":\"Organization\",\"@id\":\"https:\\\/\\\/www.truckparkingholland.com\\\/es\\\/#organization\",\"name\":\"Truckparking Holland\",\"url\":\"https:\\\/\\\/www.truckparkingholland.com\\\/es\\\/\",\"logo\":{\"@type\":\"ImageObject\",\"inLanguage\":\"es\",\"@id\":\"https:\\\/\\\/www.truckparkingholland.com\\\/es\\\/#\\\/schema\\\/logo\\\/image\\\/\",\"url\":\"https:\\\/\\\/truckparkingholland.com\\\/wp-content\\\/uploads\\\/2021\\\/09\\\/logo-truckparking-holland-1.png\",\"contentUrl\":\"https:\\\/\\\/truckparkingholland.com\\\/wp-content\\\/uploads\\\/2021\\\/09\\\/logo-truckparking-holland-1.png\",\"width\":275,\"height\":79,\"caption\":\"Truckparking Holland\"},\"image\":{\"@id\":\"https:\\\/\\\/www.truckparkingholland.com\\\/es\\\/#\\\/schema\\\/logo\\\/image\\\/\"}}]}<\/script>\n<!-- \/ Yoast SEO plugin. -->","yoast_head_json":{"title":"Tarifas - Truckparking Holland","robots":{"index":"index","follow":"follow","max-snippet":"max-snippet:-1","max-image-preview":"max-image-preview:large","max-video-preview":"max-video-preview:-1"},"og_locale":"es_ES","og_type":"article","og_title":"Tarifas - Truckparking Holland","og_description":"[vc_row css_animation=\u00bb\u00bb row_type=\u00bbrow\u00bb use_row_as_full_screen_section=\u00bbno\u00bb type=\u00bbgrid\u00bb angled_section=\u00bbno\u00bb text_align=\u00bbleft\u00bb background_image_as_pattern=\u00bbwithout_pattern\u00bb css=\u00bb.vc_custom_1616774430975{padding-top: 4em !important;}\u00bb z_index=\u00bb\u00bb][vc_column][vc_column_text] Tarifas [\/vc_column_text][\/vc_column][\/vc_row][vc_row css_animation=\u00bb\u00bb row_type=\u00bbrow\u00bb use_row_as_full_screen_section=\u00bbno\u00bb type=\u00bbgrid\u00bb angled_section=\u00bbno\u00bb text_align=\u00bbleft\u00bb background_image_as_pattern=\u00bbwithout_pattern\u00bb css=\u00bb.vc_custom_1616775028978{padding-top: 4em !important;padding-bottom: 5em !important;}\u00bb z_index=\u00bb\u00bb el_class=\u00bbtruck-pricing\u00bb][vc_column width=\u00bb2\/3&#8243;][vc_row_inner row_type=\u00bbrow\u00bb type=\u00bbfull_width\u00bb text_align=\u00bbleft\u00bb css_animation=\u00bb\u00bb el_class=\u00bbtruck-pricing-heading\u00bb][vc_column_inner][vc_column_text css=\u00bb\u00bb] sin suscripci\u00f3n (Tarifas al 1 de enero de 2025)[\/vc_column_text][\/vc_column_inner][\/vc_row_inner][vc_row_inner row_type=\u00bbrow\u00bb...","og_url":"https:\/\/www.truckparkingholland.com\/es\/tarifas\/","og_site_name":"Truckparking Holland","article_modified_time":"2025-01-20T10:10:38+00:00","twitter_card":"summary_large_image","twitter_misc":{"Tiempo de lectura":"1 minuto"},"schema":{"@context":"https:\/\/schema.org","@graph":[{"@type":"WebPage","@id":"https:\/\/www.truckparkingholland.com\/es\/tarifas\/","url":"https:\/\/www.truckparkingholland.com\/es\/tarifas\/","name":"Tarifas - Truckparking Holland","isPartOf":{"@id":"https:\/\/www.truckparkingholland.com\/es\/#website"},"datePublished":"2021-03-25T11:07:47+00:00","dateModified":"2025-01-20T10:10:38+00:00","breadcrumb":{"@id":"https:\/\/www.truckparkingholland.com\/es\/tarifas\/#breadcrumb"},"inLanguage":"es","potentialAction":[{"@type":"ReadAction","target":["https:\/\/www.truckparkingholland.com\/es\/tarifas\/"]}]},{"@type":"BreadcrumbList","@id":"https:\/\/www.truckparkingholland.com\/es\/tarifas\/#breadcrumb","itemListElement":[{"@type":"ListItem","position":1,"name":"Home","item":"https:\/\/www.truckparkingholland.com\/es\/"},{"@type":"ListItem","position":2,"name":"Tarifas"}]},{"@type":"WebSite","@id":"https:\/\/www.truckparkingholland.com\/es\/#website","url":"https:\/\/www.truckparkingholland.com\/es\/","name":"Truckparking Holland","description":"Veilig parkeren voor uw transport","publisher":{"@id":"https:\/\/www.truckparkingholland.com\/es\/#organization"},"potentialAction":[{"@type":"SearchAction","target":{"@type":"EntryPoint","urlTemplate":"https:\/\/www.truckparkingholland.com\/es\/?s={search_term_string}"},"query-input":{"@type":"PropertyValueSpecification","valueRequired":true,"valueName":"search_term_string"}}],"inLanguage":"es"},{"@type":"Organization","@id":"https:\/\/www.truckparkingholland.com\/es\/#organization","name":"Truckparking Holland","url":"https:\/\/www.truckparkingholland.com\/es\/","logo":{"@type":"ImageObject","inLanguage":"es","@id":"https:\/\/www.truckparkingholland.com\/es\/#\/schema\/logo\/image\/","url":"https:\/\/truckparkingholland.com\/wp-content\/uploads\/2021\/09\/logo-truckparking-holland-1.png","contentUrl":"https:\/\/truckparkingholland.com\/wp-content\/uploads\/2021\/09\/logo-truckparking-holland-1.png","width":275,"height":79,"caption":"Truckparking Holland"},"image":{"@id":"https:\/\/www.truckparkingholland.com\/es\/#\/schema\/logo\/image\/"}}]}},"_links":{"self":[{"href":"https:\/\/www.truckparkingholland.com\/es\/wp-json\/wp\/v2\/pages\/1024","targetHints":{"allow":["GET"]}}],"collection":[{"href":"https:\/\/www.truckparkingholland.com\/es\/wp-json\/wp\/v2\/pages"}],"about":[{"href":"https:\/\/www.truckparkingholland.com\/es\/wp-json\/wp\/v2\/types\/page"}],"author":[{"embeddable":true,"href":"https:\/\/www.truckparkingholland.com\/es\/wp-json\/wp\/v2\/users\/1"}],"replies":[{"embeddable":true,"href":"https:\/\/www.truckparkingholland.com\/es\/wp-json\/wp\/v2\/comments?post=1024"}],"version-history":[{"count":5,"href":"https:\/\/www.truckparkingholland.com\/es\/wp-json\/wp\/v2\/pages\/1024\/revisions"}],"predecessor-version":[{"id":7566,"href":"https:\/\/www.truckparkingholland.com\/es\/wp-json\/wp\/v2\/pages\/1024\/revisions\/7566"}],"wp:attachment":[{"href":"https:\/\/www.truckparkingholland.com\/es\/wp-json\/wp\/v2\/media?parent=1024"}],"curies":[{"name":"wp","href":"https:\/\/api.w.org\/{rel}","templated":true}]}}