{"id":905,"date":"2021-03-25T13:46:48","date_gmt":"2021-03-25T12:46:48","guid":{"rendered":"https:\/\/comtruck-karadut.savviihq.com\/?page_id=905"},"modified":"2023-01-25T11:18:02","modified_gmt":"2023-01-25T10:18:02","slug":"haeufig-gestellte-fragen","status":"publish","type":"page","link":"https:\/\/www.truckparkingholland.com\/de\/haeufig-gestellte-fragen\/","title":{"rendered":"H\u00e4ufig gestellte Fragen"},"content":{"rendered":"<div class=\"wpb-content-wrapper\"><p>[vc_row css_animation=&#8220;&#8220; row_type=&#8220;row&#8220; use_row_as_full_screen_section=&#8220;no&#8220; type=&#8220;grid&#8220; angled_section=&#8220;no&#8220; text_align=&#8220;left&#8220; background_image_as_pattern=&#8220;without_pattern&#8220; z_index=&#8220;&#8220;][vc_column width=&#8220;7\/12&#8243; css=&#8220;.vc_custom_1615391332765{padding-top: 3em !important;padding-bottom: 5em !important;padding-left: 2vw !important;}&#8220; el_class=&#8220;vc_col-sm-push-5&#8243;][vc_column_text]<\/p>\n<h1>H\u00e4ufig gestellte Fragen<\/h1>\n<p><strong>Was sind die Vorteile des Lkw-Parkplatzes?<\/strong><\/p>\n<ul>\n<li>Geringere Gefahr von Ladegutdiebstahl.<\/li>\n<li>Pers\u00f6nliche Sicherheit.<\/li>\n<li>Komfort dank hervorragender Einrichtungen.<\/li>\n<li>Voll ausgeruht unterwegs und damit weniger Risiko, Bu\u00dfgeld wegen Fahrzeit\u00fcberschreitung und zu wenig Ruhezeit bezahlen zu m\u00fcssen.<\/li>\n<li>Hervorragende Lage unweit von Rotterdam und Antwerpen.<\/li>\n<\/ul>\n<p><strong>\u00a0<\/strong><\/p>\n<p><strong>Wer kann den Lkw-Parkplatz benutzen?<\/strong><\/p>\n<p>Alle Lkw und Lang-Lkw sind auf dem Lkw-Parkplatz willkommen, mit Ausnahme von Lkw, die den ADR-Vorschriften unterliegen.<\/p>\n<p>&nbsp;<\/p>\n<p><strong>Wie sind die \u00d6ffnungszeiten?<\/strong><\/p>\n<p>Der Lkw-Parkplatz ist 365 Tage im Jahr, 24 Stunden am Tag ge\u00f6ffnet.<\/p>\n<p>&nbsp;<\/p>\n<p><strong>Wie hoch sind die Parkgeb\u00fchren?<\/strong><\/p>\n<p>2,50 \u20ac von 8 bis 17 Uhr, andere Stunden 2,00 \u20ac pro Stunde, Tagessatz 22,00 \u20ac (alles inkl. MwSt.)<\/p>\n<p>&nbsp;<\/p>\n<p><strong>Wie erhalten Sie Zugang?<\/strong><\/p>\n<p>Sie erhalten bei Ihrer Ankunft eine Zugangskarte, mit der Sie am Zahlautomaten mit Bargeld, Kreditkarte, EC-Karte oder der DKV\/UTA-Karte bezahlen k\u00f6nnen.<\/p>\n<p>&nbsp;<\/p>\n<p><strong>Welche Annehmlichkeiten bietet der Lkw-Parkplatz?<\/strong><\/p>\n<p>Auf dem sicheren Gel\u00e4nde des Lkw-Parkplatzes gibt es saubere Waschr\u00e4ume (Toiletten\/Duschen). W\u00e4sche kann KOSTENLOS gewaschen und getrocknet werden. WLAN steht kostenlos zur Verf\u00fcgung. Es gibt zwei Restaurants auf dem Lkw-Parkplatz.<\/p>\n<p>In unmittelbarer N\u00e4he gibt es eine Lkw-Waschanlage sowie Lkw-Service (VOLVO, Iveco, Scania, DAF, MAN, Mercedes-Benz).<\/p>\n<p>[\/vc_column_text][vc_empty_space height=&#8220;1em&#8220;][vc_column_text]<section id='' \n                class='helpie-faq accordions faq-toggle custom-styles' \n                data-collection='' \n                data-pagination='0' \n                data-search='0' \n                data-pagination-enabled='0'\n                role='region'\n                aria-label='FAQ Section'\n                aria-live='polite'><article class=\"accordion \"><div class='helpie-faq-row'><div class='helpie-faq-col helpie-faq-col-12' ><ul><li class=\"accordion__item \"><div class=\"accordion__header \" \r\n                id=\"accordion-header-post-1079\"\r\n                role=\"button\"\r\n                aria-expanded=\"false\"\r\n                aria-controls=\"accordion-content-post-1079\"\r\n                data-id=\"post-1079\" \r\n                data-item=\"hfaq-post-1079\" \r\n                style=\"background:#FFFFFF;\" \r\n                data-tags=\"\"\r\n                tabindex=\"0\"><div class=\"accordion__title\">Was sind die Vorteile des Lkw-Parkplatzes?<\/div><\/div><div id=\"accordion-content-post-1079\" \r\n                class=\"accordion__body\" \r\n                role=\"region\"\r\n                aria-labelledby=\"accordion-header-post-1079\"\r\n                style=\"background:#FCFCFC;\"><ul>\n<li>Geringere Gefahr von Ladegutdiebstahl<\/li>\n<li>Pers\u00f6nliche Sicherheit<\/li>\n<li>Komfortabel dank hervorragender Einrichtungen<\/li>\n<li>Voll ausgeruht unterwegs und damit weniger Risiko, Bu\u00dfgeld wegen Fahrzeit\u00fcberschreitung und zu wenig Ruhezeit bezahlen zu m\u00fcssen.<\/li>\n<li>Hervorragende Lage unweit von Rotterdam und Antwerpen<\/li>\n<\/ul>\n<\/div><\/li><li class=\"accordion__item \"><div class=\"accordion__header \" \r\n                id=\"accordion-header-post-1081\"\r\n                role=\"button\"\r\n                aria-expanded=\"false\"\r\n                aria-controls=\"accordion-content-post-1081\"\r\n                data-id=\"post-1081\" \r\n                data-item=\"hfaq-post-1081\" \r\n                style=\"background:#FFFFFF;\" \r\n                data-tags=\"\"\r\n                tabindex=\"0\"><div class=\"accordion__title\">Wer kann den Lkw-Parkplatz benutzen?<\/div><\/div><div id=\"accordion-content-post-1081\" \r\n                class=\"accordion__body\" \r\n                role=\"region\"\r\n                aria-labelledby=\"accordion-header-post-1081\"\r\n                style=\"background:#FCFCFC;\"><p>Alle Lkw und Lang-Lkw sind auf dem Lkw-Parkplatz willkommen, mit Ausnahme von Lkw, die den ADR-Vorschriften unterliegen.<\/p>\n<\/div><\/li><li class=\"accordion__item \"><div class=\"accordion__header \" \r\n                id=\"accordion-header-post-1083\"\r\n                role=\"button\"\r\n                aria-expanded=\"false\"\r\n                aria-controls=\"accordion-content-post-1083\"\r\n                data-id=\"post-1083\" \r\n                data-item=\"hfaq-post-1083\" \r\n                style=\"background:#FFFFFF;\" \r\n                data-tags=\"\"\r\n                tabindex=\"0\"><div class=\"accordion__title\">Wie sind die \u00d6ffnungszeiten?<\/div><\/div><div id=\"accordion-content-post-1083\" \r\n                class=\"accordion__body\" \r\n                role=\"region\"\r\n                aria-labelledby=\"accordion-header-post-1083\"\r\n                style=\"background:#FCFCFC;\"><p>Der Lkw-Parkplatz ist 365 Tage im Jahr, 24 Stunden am Tag ge\u00f6ffnet.<\/p>\n<\/div><\/li><li class=\"accordion__item \"><div class=\"accordion__header \" \r\n                id=\"accordion-header-post-1085\"\r\n                role=\"button\"\r\n                aria-expanded=\"false\"\r\n                aria-controls=\"accordion-content-post-1085\"\r\n                data-id=\"post-1085\" \r\n                data-item=\"hfaq-post-1085\" \r\n                style=\"background:#FFFFFF;\" \r\n                data-tags=\"\"\r\n                tabindex=\"0\"><div class=\"accordion__title\">Wie hoch sind die Parkgeb\u00fchren?<\/div><\/div><div id=\"accordion-content-post-1085\" \r\n                class=\"accordion__body\" \r\n                role=\"region\"\r\n                aria-labelledby=\"accordion-header-post-1085\"\r\n                style=\"background:#FCFCFC;\"><p>2,50 \u20ac von 8 bis 17 Uhr, andere Stunden 2,00 \u20ac pro Stunde, Tagessatz 22,00 \u20ac (alles inkl. MwSt.)<\/p>\n<\/div><\/li><li class=\"accordion__item \"><div class=\"accordion__header \" \r\n                id=\"accordion-header-post-1087\"\r\n                role=\"button\"\r\n                aria-expanded=\"false\"\r\n                aria-controls=\"accordion-content-post-1087\"\r\n                data-id=\"post-1087\" \r\n                data-item=\"hfaq-post-1087\" \r\n                style=\"background:#FFFFFF;\" \r\n                data-tags=\"\"\r\n                tabindex=\"0\"><div class=\"accordion__title\">Wie erhalten Sie Zugang?<\/div><\/div><div id=\"accordion-content-post-1087\" \r\n                class=\"accordion__body\" \r\n                role=\"region\"\r\n                aria-labelledby=\"accordion-header-post-1087\"\r\n                style=\"background:#FCFCFC;\"><p>Sie erhalten bei Ihrer Ankunft eine Zugangskarte, mit der Sie am Zahlautomaten mit Bargeld, Kreditkarte, EC-Karte oder der DKV\/UTA-Karte bezahlen k\u00f6nnen.<\/p>\n<\/div><\/li><li class=\"accordion__item \"><div class=\"accordion__header \" \r\n                id=\"accordion-header-post-1089\"\r\n                role=\"button\"\r\n                aria-expanded=\"false\"\r\n                aria-controls=\"accordion-content-post-1089\"\r\n                data-id=\"post-1089\" \r\n                data-item=\"hfaq-post-1089\" \r\n                style=\"background:#FFFFFF;\" \r\n                data-tags=\"\"\r\n                tabindex=\"0\"><div class=\"accordion__title\">Welche Annehmlichkeiten bietet der Lkw-Parkplatz?<\/div><\/div><div id=\"accordion-content-post-1089\" \r\n                class=\"accordion__body\" \r\n                role=\"region\"\r\n                aria-labelledby=\"accordion-header-post-1089\"\r\n                style=\"background:#FCFCFC;\"><div id=\"content-wrap\" class=\"content-center  group\">\n<div class=\"group\">\n<div id=\"content\">\n<p>Auf dem sicheren Gel\u00e4nde des Lkw-Parkplatzes gibt es saubere Waschr\u00e4ume (Toiletten\/Duschen). W\u00e4sche kann KOSTENLOS gewaschen und getrocknet werden. WLAN kann gratis genutzt werden. Es gibt zwei Restaurants auf dem Lkw-Parkplatz.<\/p>\n<p>In unmittelbarer N\u00e4he gibt es eine Lkw-Waschanlage sowie Lkw-Service (VOLVO, Iveco, Scania, DAF, MAN, Mercedes-Benz).<\/p><\/div>\n<\/div>\n<\/div>\n<\/div><\/li><\/ul><\/div><\/div><\/article><\/section>[\/vc_column_text][\/vc_column][vc_column width=&#8220;5\/12&#8243; el_class=&#8220;vc_col-sm-pull-7&#8243;]\n<div class=\"wpcf7 no-js\" id=\"wpcf7-f508-o1\" lang=\"de-DE\" dir=\"ltr\" data-wpcf7-id=\"508\">\n<div class=\"screen-reader-response\"><p role=\"status\" aria-live=\"polite\" aria-atomic=\"true\"><\/p> <ul><\/ul><\/div>\n<form action=\"\/de\/wp-json\/wp\/v2\/pages\/905#wpcf7-f508-o1\" method=\"post\" class=\"wpcf7-form init default wpcf7-acceptance-as-validation\" aria-label=\"Kontaktformular\" novalidate=\"novalidate\" data-status=\"init\">\n<fieldset class=\"hidden-fields-container\"><input type=\"hidden\" name=\"_wpcf7\" value=\"508\" \/><input type=\"hidden\" name=\"_wpcf7_version\" value=\"6.1.5\" \/><input type=\"hidden\" name=\"_wpcf7_locale\" value=\"de_DE\" \/><input type=\"hidden\" name=\"_wpcf7_unit_tag\" value=\"wpcf7-f508-o1\" \/><input type=\"hidden\" name=\"_wpcf7_container_post\" value=\"0\" \/><input type=\"hidden\" name=\"_wpcf7_posted_data_hash\" value=\"\" \/><input type=\"hidden\" name=\"_wpcf7_recaptcha_response\" value=\"\" \/>\n<\/fieldset>\n<div class=\"tph-form-container\">\n<div class=\"wpcf7-response-output\" aria-hidden=\"true\"><\/div>\n\t<h4>Direktreservierung\n\t<\/h4>\n\t<p>Buchen Sie jetzt einen sicheren Parkplatz f\u00fcr Ihren LKW.\n\t<\/p>\n\t<div>\n\t\t<p><span class=\"wpcf7-form-control-wrap\" data-name=\"naam-transportbedrijf\"><input size=\"40\" maxlength=\"400\" class=\"wpcf7-form-control wpcf7-text wpcf7-validates-as-required\" aria-required=\"true\" aria-invalid=\"false\" placeholder=\"Name des Transportunternehmens\" value=\"\" type=\"text\" name=\"naam-transportbedrijf\" \/><\/span>\n\t\t<\/p>\n\t<\/div>\n\t<div>\n\t\t<p><span class=\"wpcf7-form-control-wrap\" data-name=\"naam-chauffeur\"><input size=\"40\" maxlength=\"400\" class=\"wpcf7-form-control wpcf7-text wpcf7-validates-as-required\" aria-required=\"true\" aria-invalid=\"false\" placeholder=\"Name des Fahrers\" value=\"\" type=\"text\" name=\"naam-chauffeur\" \/><\/span>\n\t\t<\/p>\n\t<\/div>\n\t<div>\n\t\t<p><span class=\"wpcf7-form-control-wrap\" data-name=\"kenteken\"><input size=\"40\" maxlength=\"400\" class=\"wpcf7-form-control wpcf7-text wpcf7-validates-as-required\" aria-required=\"true\" aria-invalid=\"false\" placeholder=\"Kennzeichen des Fahrzeugs\" value=\"\" type=\"text\" name=\"kenteken\" \/><\/span>\n\t\t<\/p>\n\t<\/div>\n\t<div>\n\t\t<p><span class=\"wpcf7-form-control-wrap\" data-name=\"e-mailadres\"><input size=\"40\" maxlength=\"400\" class=\"wpcf7-form-control wpcf7-email wpcf7-validates-as-required wpcf7-text wpcf7-validates-as-email\" aria-required=\"true\" aria-invalid=\"false\" placeholder=\"E-mail\" value=\"\" type=\"email\" name=\"e-mailadres\" \/><\/span>\n\t\t<\/p>\n\t<\/div>\n\t<div class=\"form-two-col\">\n\t\t<div>\n\t\t\t<p><label> Check in <span class=\"wpcf7-form-control-wrap\" data-name=\"check-in\"><input class=\"wpcf7-form-control wpcf7-date wpcf7-validates-as-required wpcf7-validates-as-date\" aria-required=\"true\" aria-invalid=\"false\" placeholder=\"Check in\" value=\"\" type=\"date\" name=\"check-in\" \/><\/span><\/label>\n\t\t\t<\/p>\n\t\t<\/div>\n\t\t<div>\n\t\t\t<p><label> Check out <span class=\"wpcf7-form-control-wrap\" data-name=\"check-out\"><input class=\"wpcf7-form-control wpcf7-date wpcf7-validates-as-required wpcf7-validates-as-date\" aria-required=\"true\" aria-invalid=\"false\" placeholder=\"Check out\" value=\"\" type=\"date\" name=\"check-out\" \/><\/span><\/label>\n\t\t\t<\/p>\n\t\t<\/div>\n\t<\/div>\n\t<p><label> W\u00e4hlen Sie Ihr Land<br \/>\n<span class=\"wpcf7-form-control-wrap\" data-name=\"landselectie\"><select class=\"wpcf7-form-control wpcf7-select wpcf7-validates-as-required\" aria-required=\"true\" aria-invalid=\"false\" name=\"landselectie\"><option value=\"\">&#8211; Bitte ausw\u00e4hlen &#8211;<\/option><option value=\"Albania\">Albania<\/option><option value=\"Andorra\">Andorra<\/option><option value=\"Austria\">Austria<\/option><option value=\"Belarus\">Belarus<\/option><option value=\"Belgium\">Belgium<\/option><option value=\"Bosnia and Herzegovina\">Bosnia and Herzegovina<\/option><option value=\"Bulgaria\">Bulgaria<\/option><option value=\"Croatia\">Croatia<\/option><option value=\"Czech Republic\">Czech Republic<\/option><option value=\"Denmark\">Denmark<\/option><option value=\"Estonia\">Estonia<\/option><option value=\"Faroe Islands (Denmark)\">Faroe Islands (Denmark)<\/option><option value=\"Finland\">Finland<\/option><option value=\"France\">France<\/option><option value=\"Germany\">Germany<\/option><option value=\"Greece\">Greece<\/option><option value=\"Guernsey (UK)\">Guernsey (UK)<\/option><option value=\"Hungary\">Hungary<\/option><option value=\"Iceland\">Iceland<\/option><option value=\"Ireland\">Ireland<\/option><option value=\"Isle of Man (UK)\">Isle of Man (UK)<\/option><option value=\"Italy\">Italy<\/option><option value=\"Jersey (UK)\">Jersey (UK)<\/option><option value=\"Kosovo\">Kosovo<\/option><option value=\"Latvia\">Latvia<\/option><option value=\"Liechtenstein\">Liechtenstein<\/option><option value=\"Lithuania\">Lithuania<\/option><option value=\"Luxembourg\">Luxembourg<\/option><option value=\"Macedonia\">Macedonia<\/option><option value=\"Malta\">Malta<\/option><option value=\"Moldova\">Moldova<\/option><option value=\"Monaco\">Monaco<\/option><option value=\"Montenegro\">Montenegro<\/option><option value=\"Netherlands\">Netherlands<\/option><option value=\"Norway\">Norway<\/option><option value=\"Poland\">Poland<\/option><option value=\"Portugal\">Portugal<\/option><option value=\"Romania\">Romania<\/option><option value=\"Russia\">Russia<\/option><option value=\"San Marino\">San Marino<\/option><option value=\"Serbia\">Serbia<\/option><option value=\"Slovakia\">Slovakia<\/option><option value=\"Slovenia\">Slovenia<\/option><option value=\"Spain\">Spain<\/option><option value=\"Sweden\">Sweden<\/option><option value=\"Switzerland\">Switzerland<\/option><option value=\"Ukraine\">Ukraine<\/option><option value=\"United Kingdom\">United Kingdom<\/option><\/select><\/span><\/label>\n\t<\/p>\n\t<div>\n\t\t<p><span class=\"wpcf7-form-control-wrap\" data-name=\"privacyverklaring\"><span class=\"wpcf7-form-control wpcf7-acceptance\"><span class=\"wpcf7-list-item\"><label><input type=\"checkbox\" name=\"privacyverklaring\" value=\"1\" aria-invalid=\"false\" \/><span class=\"wpcf7-list-item-label\">Ich stimme der <a href=\"https:\/\/truckparkingholland.com\/wp-content\/uploads\/2021\/06\/1Privacybeleid.pdf\" target=\"_blank\">Datenschutzerkl\u00e4rung<\/a>.<\/span><\/label><\/span><\/span><\/span>\n\t\t<\/p>\n\t<\/div>\n\t<div>\n\t\t<p><input class=\"wpcf7-form-control wpcf7-submit has-spinner\" type=\"submit\" value=\"Senden\" \/>\n\t\t<\/p>\n\t<\/div>\n<\/div><input type='hidden' class='wpcf7-pum' value='{\"closepopup\":false,\"closedelay\":0,\"openpopup\":false,\"openpopup_id\":0}' \/>\n<\/form>\n<\/div>\n[\/vc_column][\/vc_row]<\/p>\n<\/div>","protected":false},"excerpt":{"rendered":"<p>[vc_row css_animation=&#8220;&#8220; row_type=&#8220;row&#8220; use_row_as_full_screen_section=&#8220;no&#8220; type=&#8220;grid&#8220; angled_section=&#8220;no&#8220; text_align=&#8220;left&#8220; background_image_as_pattern=&#8220;without_pattern&#8220; z_index=&#8220;&#8220;][vc_column width=&#8220;7\/12&#8243; css=&#8220;.vc_custom_1615391332765{padding-top: 3em !important;padding-bottom: 5em !important;padding-left: 2vw !important;}&#8220; el_class=&#8220;vc_col-sm-push-5&#8243;][vc_column_text] H\u00e4ufig gestellte Fragen Was sind die Vorteile des Lkw-Parkplatzes? Geringere Gefahr von Ladegutdiebstahl. Pers\u00f6nliche Sicherheit. Komfort dank hervorragender Einrichtungen. Voll ausgeruht unterwegs und damit weniger Risiko, Bu\u00dfgeld&#8230;<\/p>\n","protected":false},"author":1,"featured_media":0,"parent":0,"menu_order":0,"comment_status":"closed","ping_status":"closed","template":"full_width.php","meta":{"footnotes":""},"class_list":["post-905","page","type-page","status-publish","hentry"],"yoast_head":"<!-- This site is optimized with the Yoast SEO plugin v27.4 - https:\/\/yoast.com\/product\/yoast-seo-wordpress\/ -->\n<title>H\u00e4ufig gestellte Fragen - Truckparking Holland<\/title>\n<meta name=\"robots\" content=\"index, follow, max-snippet:-1, max-image-preview:large, max-video-preview:-1\" \/>\n<meta property=\"og:locale\" content=\"de_DE\" \/>\n<meta property=\"og:type\" content=\"article\" \/>\n<meta property=\"og:title\" content=\"H\u00e4ufig gestellte Fragen - Truckparking Holland\" \/>\n<meta property=\"og:description\" content=\"[vc_row css_animation=&#8220;&#8220; row_type=&#8220;row&#8220; use_row_as_full_screen_section=&#8220;no&#8220; type=&#8220;grid&#8220; angled_section=&#8220;no&#8220; text_align=&#8220;left&#8220; background_image_as_pattern=&#8220;without_pattern&#8220; z_index=&#8220;&#8220;][vc_column width=&#8220;7\/12&#8243; css=&#8220;.vc_custom_1615391332765{padding-top: 3em !important;padding-bottom: 5em !important;padding-left: 2vw !important;}&#8220; el_class=&#8220;vc_col-sm-push-5&#8243;][vc_column_text] H\u00e4ufig gestellte Fragen Was sind die Vorteile des Lkw-Parkplatzes? Geringere Gefahr von Ladegutdiebstahl. Pers\u00f6nliche Sicherheit. Komfort dank hervorragender Einrichtungen. Voll ausgeruht unterwegs und damit weniger Risiko, Bu\u00dfgeld...\" \/>\n<meta property=\"og:url\" content=\"https:\/\/www.truckparkingholland.com\/de\/haeufig-gestellte-fragen\/\" \/>\n<meta property=\"og:site_name\" content=\"Truckparking Holland\" \/>\n<meta property=\"article:modified_time\" content=\"2023-01-25T10:18:02+00:00\" \/>\n<meta name=\"twitter:card\" content=\"summary_large_image\" \/>\n<meta name=\"twitter:label1\" content=\"Gesch\u00e4tzte Lesezeit\" \/>\n\t<meta name=\"twitter:data1\" content=\"1\u00a0Minute\" \/>\n<script type=\"application\/ld+json\" class=\"yoast-schema-graph\">{\"@context\":\"https:\\\/\\\/schema.org\",\"@graph\":[{\"@type\":\"WebPage\",\"@id\":\"https:\\\/\\\/www.truckparkingholland.com\\\/de\\\/haeufig-gestellte-fragen\\\/\",\"url\":\"https:\\\/\\\/www.truckparkingholland.com\\\/de\\\/haeufig-gestellte-fragen\\\/\",\"name\":\"H\u00e4ufig gestellte Fragen - Truckparking Holland\",\"isPartOf\":{\"@id\":\"https:\\\/\\\/www.truckparkingholland.com\\\/de\\\/#website\"},\"datePublished\":\"2021-03-25T12:46:48+00:00\",\"dateModified\":\"2023-01-25T10:18:02+00:00\",\"breadcrumb\":{\"@id\":\"https:\\\/\\\/www.truckparkingholland.com\\\/de\\\/haeufig-gestellte-fragen\\\/#breadcrumb\"},\"inLanguage\":\"de\",\"potentialAction\":[{\"@type\":\"ReadAction\",\"target\":[\"https:\\\/\\\/www.truckparkingholland.com\\\/de\\\/haeufig-gestellte-fragen\\\/\"]}]},{\"@type\":\"BreadcrumbList\",\"@id\":\"https:\\\/\\\/www.truckparkingholland.com\\\/de\\\/haeufig-gestellte-fragen\\\/#breadcrumb\",\"itemListElement\":[{\"@type\":\"ListItem\",\"position\":1,\"name\":\"Home\",\"item\":\"https:\\\/\\\/www.truckparkingholland.com\\\/de\\\/\"},{\"@type\":\"ListItem\",\"position\":2,\"name\":\"H\u00e4ufig gestellte Fragen\"}]},{\"@type\":\"WebSite\",\"@id\":\"https:\\\/\\\/www.truckparkingholland.com\\\/de\\\/#website\",\"url\":\"https:\\\/\\\/www.truckparkingholland.com\\\/de\\\/\",\"name\":\"Truckparking Holland\",\"description\":\"Veilig parkeren voor uw transport\",\"publisher\":{\"@id\":\"https:\\\/\\\/www.truckparkingholland.com\\\/de\\\/#organization\"},\"potentialAction\":[{\"@type\":\"SearchAction\",\"target\":{\"@type\":\"EntryPoint\",\"urlTemplate\":\"https:\\\/\\\/www.truckparkingholland.com\\\/de\\\/?s={search_term_string}\"},\"query-input\":{\"@type\":\"PropertyValueSpecification\",\"valueRequired\":true,\"valueName\":\"search_term_string\"}}],\"inLanguage\":\"de\"},{\"@type\":\"Organization\",\"@id\":\"https:\\\/\\\/www.truckparkingholland.com\\\/de\\\/#organization\",\"name\":\"Truckparking Holland\",\"url\":\"https:\\\/\\\/www.truckparkingholland.com\\\/de\\\/\",\"logo\":{\"@type\":\"ImageObject\",\"inLanguage\":\"de\",\"@id\":\"https:\\\/\\\/www.truckparkingholland.com\\\/de\\\/#\\\/schema\\\/logo\\\/image\\\/\",\"url\":\"https:\\\/\\\/truckparkingholland.com\\\/wp-content\\\/uploads\\\/2021\\\/09\\\/logo-truckparking-holland-1.png\",\"contentUrl\":\"https:\\\/\\\/truckparkingholland.com\\\/wp-content\\\/uploads\\\/2021\\\/09\\\/logo-truckparking-holland-1.png\",\"width\":275,\"height\":79,\"caption\":\"Truckparking Holland\"},\"image\":{\"@id\":\"https:\\\/\\\/www.truckparkingholland.com\\\/de\\\/#\\\/schema\\\/logo\\\/image\\\/\"}}]}<\/script>\n<!-- \/ Yoast SEO plugin. -->","yoast_head_json":{"title":"H\u00e4ufig gestellte Fragen - Truckparking Holland","robots":{"index":"index","follow":"follow","max-snippet":"max-snippet:-1","max-image-preview":"max-image-preview:large","max-video-preview":"max-video-preview:-1"},"og_locale":"de_DE","og_type":"article","og_title":"H\u00e4ufig gestellte Fragen - Truckparking Holland","og_description":"[vc_row css_animation=&#8220;&#8220; row_type=&#8220;row&#8220; use_row_as_full_screen_section=&#8220;no&#8220; type=&#8220;grid&#8220; angled_section=&#8220;no&#8220; text_align=&#8220;left&#8220; background_image_as_pattern=&#8220;without_pattern&#8220; z_index=&#8220;&#8220;][vc_column width=&#8220;7\/12&#8243; css=&#8220;.vc_custom_1615391332765{padding-top: 3em !important;padding-bottom: 5em !important;padding-left: 2vw !important;}&#8220; el_class=&#8220;vc_col-sm-push-5&#8243;][vc_column_text] H\u00e4ufig gestellte Fragen Was sind die Vorteile des Lkw-Parkplatzes? Geringere Gefahr von Ladegutdiebstahl. Pers\u00f6nliche Sicherheit. Komfort dank hervorragender Einrichtungen. Voll ausgeruht unterwegs und damit weniger Risiko, Bu\u00dfgeld...","og_url":"https:\/\/www.truckparkingholland.com\/de\/haeufig-gestellte-fragen\/","og_site_name":"Truckparking Holland","article_modified_time":"2023-01-25T10:18:02+00:00","twitter_card":"summary_large_image","twitter_misc":{"Gesch\u00e4tzte Lesezeit":"1\u00a0Minute"},"schema":{"@context":"https:\/\/schema.org","@graph":[{"@type":"WebPage","@id":"https:\/\/www.truckparkingholland.com\/de\/haeufig-gestellte-fragen\/","url":"https:\/\/www.truckparkingholland.com\/de\/haeufig-gestellte-fragen\/","name":"H\u00e4ufig gestellte Fragen - Truckparking Holland","isPartOf":{"@id":"https:\/\/www.truckparkingholland.com\/de\/#website"},"datePublished":"2021-03-25T12:46:48+00:00","dateModified":"2023-01-25T10:18:02+00:00","breadcrumb":{"@id":"https:\/\/www.truckparkingholland.com\/de\/haeufig-gestellte-fragen\/#breadcrumb"},"inLanguage":"de","potentialAction":[{"@type":"ReadAction","target":["https:\/\/www.truckparkingholland.com\/de\/haeufig-gestellte-fragen\/"]}]},{"@type":"BreadcrumbList","@id":"https:\/\/www.truckparkingholland.com\/de\/haeufig-gestellte-fragen\/#breadcrumb","itemListElement":[{"@type":"ListItem","position":1,"name":"Home","item":"https:\/\/www.truckparkingholland.com\/de\/"},{"@type":"ListItem","position":2,"name":"H\u00e4ufig gestellte Fragen"}]},{"@type":"WebSite","@id":"https:\/\/www.truckparkingholland.com\/de\/#website","url":"https:\/\/www.truckparkingholland.com\/de\/","name":"Truckparking Holland","description":"Veilig parkeren voor uw transport","publisher":{"@id":"https:\/\/www.truckparkingholland.com\/de\/#organization"},"potentialAction":[{"@type":"SearchAction","target":{"@type":"EntryPoint","urlTemplate":"https:\/\/www.truckparkingholland.com\/de\/?s={search_term_string}"},"query-input":{"@type":"PropertyValueSpecification","valueRequired":true,"valueName":"search_term_string"}}],"inLanguage":"de"},{"@type":"Organization","@id":"https:\/\/www.truckparkingholland.com\/de\/#organization","name":"Truckparking Holland","url":"https:\/\/www.truckparkingholland.com\/de\/","logo":{"@type":"ImageObject","inLanguage":"de","@id":"https:\/\/www.truckparkingholland.com\/de\/#\/schema\/logo\/image\/","url":"https:\/\/truckparkingholland.com\/wp-content\/uploads\/2021\/09\/logo-truckparking-holland-1.png","contentUrl":"https:\/\/truckparkingholland.com\/wp-content\/uploads\/2021\/09\/logo-truckparking-holland-1.png","width":275,"height":79,"caption":"Truckparking Holland"},"image":{"@id":"https:\/\/www.truckparkingholland.com\/de\/#\/schema\/logo\/image\/"}}]}},"_links":{"self":[{"href":"https:\/\/www.truckparkingholland.com\/de\/wp-json\/wp\/v2\/pages\/905","targetHints":{"allow":["GET"]}}],"collection":[{"href":"https:\/\/www.truckparkingholland.com\/de\/wp-json\/wp\/v2\/pages"}],"about":[{"href":"https:\/\/www.truckparkingholland.com\/de\/wp-json\/wp\/v2\/types\/page"}],"author":[{"embeddable":true,"href":"https:\/\/www.truckparkingholland.com\/de\/wp-json\/wp\/v2\/users\/1"}],"replies":[{"embeddable":true,"href":"https:\/\/www.truckparkingholland.com\/de\/wp-json\/wp\/v2\/comments?post=905"}],"version-history":[{"count":5,"href":"https:\/\/www.truckparkingholland.com\/de\/wp-json\/wp\/v2\/pages\/905\/revisions"}],"predecessor-version":[{"id":4007,"href":"https:\/\/www.truckparkingholland.com\/de\/wp-json\/wp\/v2\/pages\/905\/revisions\/4007"}],"wp:attachment":[{"href":"https:\/\/www.truckparkingholland.com\/de\/wp-json\/wp\/v2\/media?parent=905"}],"curies":[{"name":"wp","href":"https:\/\/api.w.org\/{rel}","templated":true}]}}