{"id":883,"date":"2021-03-22T14:48:31","date_gmt":"2021-03-22T13:48:31","guid":{"rendered":"https:\/\/comtruck-karadut.savviihq.com\/park-regulations\/"},"modified":"2021-07-30T19:58:37","modified_gmt":"2021-07-30T17:58:37","slug":"park-regulations","status":"publish","type":"page","link":"https:\/\/www.truckparkingholland.com\/de\/park-regulations\/","title":{"rendered":"Parkvorschriften"},"content":{"rendered":"<div class=\"wpb-content-wrapper\"><p>[vc_row css_animation=&#8220;&#8220; row_type=&#8220;row&#8220; use_row_as_full_screen_section=&#8220;no&#8220; type=&#8220;grid&#8220; angled_section=&#8220;no&#8220; text_align=&#8220;left&#8220; background_image_as_pattern=&#8220;without_pattern&#8220; z_index=&#8220;&#8220;][vc_column width=&#8220;7\/12&#8243; css=&#8220;.vc_custom_1615391332765{padding-top: 3em !important;padding-bottom: 5em !important;padding-left: 2vw !important;}&#8220; el_class=&#8220;vc_col-sm-push-5&#8243;][vc_column_text]<\/p>\n<h1>Park regulations<\/h1>\n<p>Auf dem Gel\u00e4nde gelten Vorschriften, die von Ihnen als Benutzer einzuhalten sind.<\/p>\n<p><strong>Allgemeine Bestimmungen<\/strong><\/p>\n<ol>\n<li>Das Betreten des Lkw-Parkplatzes Borchwerf (<em>Lkw-Parkplatz<\/em>) erfolgt ausschlie\u00dflich auf eigene Gefahr. Besucher haben nur Zutritt zu den Fl\u00e4chen und Geb\u00e4uden, deren Betreten f\u00fcr den Besuch oder die Durchf\u00fchrung von T\u00e4tigkeiten (beispielsweise f\u00fcr Lieferanten) n\u00f6tig ist.<\/li>\n<li>Alle auf dem Lkw-Parkplatz Anwesenden, Fahrer und Beifahrer, m\u00fcssen im Besitz eines g\u00fcltigen Parktickets sein.<\/li>\n<li>Das Parken auf dem Lkw-Parkplatz Borchwerf erfolgt ausschlie\u00dflich auf eigene Gefahr. Parkeer Beheer Roosendaal B.V. (Parkeer Beheer) haftet nicht f\u00fcr auf dem Lkw-Parkplatz entstandene Sch\u00e4den infolge von Unfall, Verlust, Diebstahl oder anderer Ursachen. Die einzige Ausnahme zum Vorgesagten ist, wenn der Schaden auf eine schuldhafte und nachweisliche Unzul\u00e4nglichkeit durch Parkeer Beheer oder einen seiner Mitarbeiter zur\u00fcckzuf\u00fchren ist. Sch\u00e4den sind unverz\u00fcglich der Meldestelle +31(0)165 560275 zu melden. Parkeer Beheer haftet nicht f\u00fcr Fahrzeugsch\u00e4den, die nach Verlassen des Lkw-Parkplatzes gemeldet werden.<\/li>\n<li>Besucher haben den von Parkeer Beheer oder im Namen von Parkeer Beheer gegebenen Anweisungen und Anleitungen allzeit Folge zu leisten. Diese Anweisungen\/Anleitungen k\u00f6nnen u. a. in Form von Hinweistafeln oder durch Anweisungen oder Signale des Personals und\/oder der von Parkeer Beheer beauftragten Hilfspersonen gegeben werden.<\/li>\n<li>Wenn ein Besucher den von oder im Namen von Parkeer Beheer gegebenen Anweisungen\/Anleitungen nicht unverz\u00fcglich nachkommt, \u00fcbernimmt Parkeer Beheer keine Haftung f\u00fcr Sch\u00e4den ganz gleich welcher Art (wenn die Anweisungen befolgt werden, k\u00f6nnen im Prinzip keine Sch\u00e4den entstehen).<\/li>\n<li>Parkeer Beheer \u00fcbernimmt unter keinen Umst\u00e4nden die Haftung f\u00fcr Sch\u00e4den an Reifen oder infolge von aufgestochenen Reifen auf dem Gel\u00e4nde des Lkw-Parkplatzes.<\/li>\n<li>Die Mitarbeiter von Parkeer Beheer und\/oder von Parkeer Beheer beauftragte Hilfspersonen sind erm\u00e4chtigt, jederzeit Gep\u00e4ck bzw. Handgep\u00e4ck, Schr\u00e4nke, Kabinen und Stauraum von Fahrzeugen\/Benutzern zu kontrollieren.<\/li>\n<li>Wenn Parkeer Beheer oder von Parkeer Beheer beauftragte Hilfspersonen Schaden infolge einer Verletzung dieser Vorschriften durch einen Besucher des Truck Parking erleiden, muss der Besucher nach Aufforderung f\u00fcr den gesamten Verlust oder Schaden aufkommen, unbeschadet der Parkeer Beheer gesetzlich zustehenden Rechte.<\/li>\n<li>Wenn ein Besucher den Vorschriften nicht nachkommt, kann Parkeer Beheer dem Besucher den Zutritt zum Lkw-Parkplatz (auf Dauer) verwehren.<\/li>\n<li>Mit dem Zutritt zum Lkw-Parkplatz erkl\u00e4ren die Besucher ihr Einverst\u00e4ndnis mit den Vorschriften.<\/li>\n<\/ol>\n<p><strong>Sicherheitsvorschriften f\u00fcr Besucher<\/strong><\/p>\n<ol>\n<li>Es ist verboten, das Gel\u00e4nde ohne g\u00fcltige Zugangskarte zu betreten. Sie m\u00fcssen die Zugangskarte w\u00e4hrend des Aufenthalts auf dem Lkw-Parkplatz bei sich tragen und sie auf Ersuchen der Mitarbeiter von Parkeer Beheer oder der von Parkeer Beheer beauftragten Hilfspersonen vorweisen.<\/li>\n<li>Sie m\u00fcssen Ihr ganzes Fahrzeug auf den f\u00fcr diesen Zweck geschaffenen Platz zwischen den Bodenmarkierungen parken.<\/li>\n<li>Wenn Sie den Anweisungen\/Anleitungen nicht unverz\u00fcglich\/ordnungsgem\u00e4\u00df Folge leisten, kann Parkheer Beheer Ihr Fahrzeug versetzen bzw. entfernen oder versetzen bzw. entfernen lassen. Parkeer Beheer stellt Ihnen die dadurch entstehenden Kosten in Rechnung.<\/li>\n<li>Auf dem Lkw-Parkplatz gelten dieselben Verhaltens- und Verkehrsregeln wie im \u00f6ffentlichen Bereich. Verkehrszeichen und Signale haben dieselbe Bedeutung.<\/li>\n<li>Ihr Verhalten auf dem Lkw-Parkplatz darf keine Gefahr oder St\u00f6rung f\u00fcr Sie selbst, die Mitarbeiter von Parkeer Beheer, die von Parkeer Beheer beauftragten Hilfspersonen oder andere Benutzer des Lkw-Parkplatzes darstellen. Die in den Niederlanden geltenden Regeln f\u00fcr Anstand und H\u00f6flichkeit sind einzuhalten. Es wird angenommen, dass Sie diese kennen.<\/li>\n<li>Die Fahrzeug- und Anh\u00e4ngerausr\u00fcstung sowie andere Verkehrsmittel m\u00fcssen den gesetzlichen Bestimmungen entsprechen.<\/li>\n<li>Stehende Lkw oder Anh\u00e4nger ohne Zugfahrzeug m\u00fcssen stets mit angezogener Feststellbremse abgestellt werden oder auf sonstige Weise gesichert sein, so dass das Fahrzeug keine Gefahr f\u00fcr den \u00fcbrigen Verkehr darstellen kann. Nur die Anh\u00e4nger von Abonnenten d\u00fcrfen ohne Zugfahrzeug abgestellt werden, sofern ein Unterlegkeil verwendet wird. Der Unterlegkeil ist so anzubringen, dass der Anh\u00e4nger nicht nach vorne kippen und den Asphalt besch\u00e4digen kann.<\/li>\n<li>Ein- und Ausfahren vom Lkw-Parkplatz sowie Vorw\u00e4rts- und R\u00fcckw\u00e4rtsfahren auf dem Lkw-Parkplatz ist nur zul\u00e4ssig, nachdem sich der Fahrer vergewissert hat, dass keine Gefahr oder Behinderung des \u00fcbrigen Verkehrs besteht.<\/li>\n<li>Fahrzeuge d\u00fcrfen auf dem Lkw-Parkplatz nicht ohne g\u00fcltige Fahrerlaubnis gelenkt werden. Zulassungspapiere und F\u00fchrerschein m\u00fcssen nach Aufforderung durch die Mitarbeiter von Parkeer Beheer oder die von Parkeer Beheer beauftragten Hilfspersonen vorgezeigt werden.<\/li>\n<li>Die zul\u00e4ssige H\u00f6chstgeschwindigkeit ist auf Hinweistafeln angegeben. Die H\u00f6chstgeschwindigkeit auf dem Lkw-Parkplatz betr\u00e4gt 10 km\/h.<\/li>\n<li>Es ist verboten, auf dem Lkw-Parkplatz alkoholische Getr\u00e4nke und\/oder Drogen zu konsumieren und\/oder bei sich zu haben.<\/li>\n<li>Es ist verboten, Feuer zu machen.<\/li>\n<li>Es ist verboten, \u00fcberm\u00e4\u00dfigen L\u00e4rm zu machen.<\/li>\n<li>Es ist verboten, auf dem Lkw-Parkplatz Reparaturen und Wartungsarbeiten an Lkw\/Nutzfahrzeugen durchzuf\u00fchren (dazu geh\u00f6ren auch \u00d6lwechsel usw.).<\/li>\n<li>Kleine Haushaltsabf\u00e4lle sind in den auf unserem Lkw-Parkplatz zur Verf\u00fcgung stehenden Abfallbeh\u00e4ltern zu entsorgen. Die Entsorgung von gro\u00dfem Abfall (Reifen, Paletten usw.) und chemischem Abfall (Batterien) ist nicht gestattet.<\/li>\n<li>Ohne vorherige Genehmigung der Sicherheitsfirma und\/oder Parkeer Beheer d\u00fcrfen keine Gegenst\u00e4nde, Hindernisse und\/oder Sperren auf die Stra\u00dfe gestellt werden.<\/li>\n<li>Pkw und Service-Fahrzeuge d\u00fcrfen nur an den daf\u00fcr vorgesehenen Pl\u00e4tzen auf dem Lkw-Parkplatz abgestellt werden.<\/li>\n<li>Fahrzeugen, die Gefahrstoffe oder -g\u00fcter (ADR) transportieren, ist die Zufahrt zum Lkw-Parkplatz nicht gestattet.<\/li>\n<li>Minderj\u00e4hrige d\u00fcrfen sich nur in Begleitung von Erwachsenen auf dem Lkw-Parkplatz bewegen oder die Waschr\u00e4ume aufsuchen.<\/li>\n<\/ol>\n<p><strong>Verf\u00fcgbare Dienste<\/strong><\/p>\n<p>Der Lkw-Parkplatz ist 365 Tage im Jahr, 24 Stunden am Tag ge\u00f6ffnet.<\/p>\n<p>Folgende Einrichtungen stehen auf dem Lkw-Parkplatz zur Verf\u00fcgung:<\/p>\n<ul>\n<li>In der N\u00e4he der Sanit\u00e4rr\u00e4ume befindet sich ein Defibrillator.<\/li>\n<li>WC<\/li>\n<li>Duschen<\/li>\n<li>Wachmaschine\/Trockner<\/li>\n<li>WLAN<\/li>\n<li>Lounge<\/li>\n<li>Restaurants<\/li>\n<li>Lkw-Waschanlage<\/li>\n<li>Lkw-Service f\u00fcr verschiedene Marken<\/li>\n<\/ul>\n<p><strong>Zugangsbestimmungen<\/strong><\/p>\n<ol>\n<li>Der Zutritt zum Lkw-Parkplatz ist nur mit g\u00fcltiger Zugangskarte gestattet. Es ist verboten, Ihre Zugangskarte anderen Personen zu \u00fcberlassen, um auf den Lkw-Parkplatz zu gelangen.<\/li>\n<li>Parkeer Beheer und die von Parkeer Beheer beauftragten Hilfspersonen\/Mitarbeiter sind verantwortlich f\u00fcr die Kontrolle der Umsetzung und Befolgung dieser Bestimmungen. Parkeer Beheer und die von Parkeer Beheer beauftragten Hilfspersonen sind berechtigt, vor\u00fcbergehend von den in diesen Bestimmungen enthaltenen Anweisungen abzuweichen.<\/li>\n<li>Unbeschadet aller Ma\u00dfnahmen, die gegen Personen wegen Nichteinhaltung oder Versto\u00df gegen die Bestimmungen dieser Vorschriften ergriffen werden k\u00f6nnen, ist es au\u00dferdem m\u00f6glich, diesen Personen die Einfahrt zum Lkw-Parkplatz auch mit einem anderen Fahrzeug zu untersagen.<\/li>\n<\/ol>\n<p><strong>Parken von Containerchassis (davon ausgenommen Abonnenten)<\/strong><\/p>\n<ol>\n<li>Containerchassis d\u00fcrfen nur geparkt werden, wenn sie an ein Fahrzeug gekuppelt sind.<\/li>\n<li>Containerchassis ohne Zugfahrzeug sind wegen Besch\u00e4digung des Asphalts nicht zugelassen.<\/li>\n<\/ol>\n<p><strong>Schlussbestimmungen<\/strong><\/p>\n<ol>\n<li>In F\u00e4llen, die in diesen Parkvorschriften nicht vorgesehen sind, ist das Urteil unserer Mitarbeiter oder des Personals der Sicherheitsfirma bindend.<\/li>\n<li>Durch die Ung\u00fcltigkeit einer Bestimmung dieser Parkvorschriften f\u00fcr den Lkw-Parkplatz bleibt die G\u00fcltigkeit der \u00fcbrigen Bestimmungen unber\u00fchrt.<\/li>\n<li>Wir w\u00fcnschen Ihnen einen angenehmen Aufenthalt auf unserem Lkw-Parkplatz und gehen davon aus, dass die Parkvorschriften dazu beitragen werden.<\/li>\n<\/ol>\n<p><strong>Notrufnummer: + 31 (0) 165-560275<\/strong><\/p>\n<p><strong>\u00a0<\/strong><\/p>\n<p><strong>\u00a0<\/strong><\/p>\n<p>[\/vc_column_text][\/vc_column][vc_column width=&#8220;5\/12&#8243; el_class=&#8220;vc_col-sm-pull-7&#8243;]\n<div class=\"wpcf7 no-js\" id=\"wpcf7-f508-o1\" lang=\"de-DE\" dir=\"ltr\" data-wpcf7-id=\"508\">\n<div class=\"screen-reader-response\"><p role=\"status\" aria-live=\"polite\" aria-atomic=\"true\"><\/p> <ul><\/ul><\/div>\n<form action=\"\/de\/wp-json\/wp\/v2\/pages\/883#wpcf7-f508-o1\" method=\"post\" class=\"wpcf7-form init default wpcf7-acceptance-as-validation\" aria-label=\"Kontaktformular\" novalidate=\"novalidate\" data-status=\"init\">\n<fieldset class=\"hidden-fields-container\"><input type=\"hidden\" name=\"_wpcf7\" value=\"508\" \/><input type=\"hidden\" name=\"_wpcf7_version\" value=\"6.1.5\" \/><input type=\"hidden\" name=\"_wpcf7_locale\" value=\"de_DE\" \/><input type=\"hidden\" name=\"_wpcf7_unit_tag\" value=\"wpcf7-f508-o1\" \/><input type=\"hidden\" name=\"_wpcf7_container_post\" value=\"0\" \/><input type=\"hidden\" name=\"_wpcf7_posted_data_hash\" value=\"\" \/><input type=\"hidden\" name=\"_wpcf7_recaptcha_response\" value=\"\" \/>\n<\/fieldset>\n<div class=\"tph-form-container\">\n<div class=\"wpcf7-response-output\" aria-hidden=\"true\"><\/div>\n\t<h4>Direktreservierung\n\t<\/h4>\n\t<p>Buchen Sie jetzt einen sicheren Parkplatz f\u00fcr Ihren LKW.\n\t<\/p>\n\t<div>\n\t\t<p><span class=\"wpcf7-form-control-wrap\" data-name=\"naam-transportbedrijf\"><input size=\"40\" maxlength=\"400\" class=\"wpcf7-form-control wpcf7-text wpcf7-validates-as-required\" aria-required=\"true\" aria-invalid=\"false\" placeholder=\"Name des Transportunternehmens\" value=\"\" type=\"text\" name=\"naam-transportbedrijf\" \/><\/span>\n\t\t<\/p>\n\t<\/div>\n\t<div>\n\t\t<p><span class=\"wpcf7-form-control-wrap\" data-name=\"naam-chauffeur\"><input size=\"40\" maxlength=\"400\" class=\"wpcf7-form-control wpcf7-text wpcf7-validates-as-required\" aria-required=\"true\" aria-invalid=\"false\" placeholder=\"Name des Fahrers\" value=\"\" type=\"text\" name=\"naam-chauffeur\" \/><\/span>\n\t\t<\/p>\n\t<\/div>\n\t<div>\n\t\t<p><span class=\"wpcf7-form-control-wrap\" data-name=\"kenteken\"><input size=\"40\" maxlength=\"400\" class=\"wpcf7-form-control wpcf7-text wpcf7-validates-as-required\" aria-required=\"true\" aria-invalid=\"false\" placeholder=\"Kennzeichen des Fahrzeugs\" value=\"\" type=\"text\" name=\"kenteken\" \/><\/span>\n\t\t<\/p>\n\t<\/div>\n\t<div>\n\t\t<p><span class=\"wpcf7-form-control-wrap\" data-name=\"e-mailadres\"><input size=\"40\" maxlength=\"400\" class=\"wpcf7-form-control wpcf7-email wpcf7-validates-as-required wpcf7-text wpcf7-validates-as-email\" aria-required=\"true\" aria-invalid=\"false\" placeholder=\"E-mail\" value=\"\" type=\"email\" name=\"e-mailadres\" \/><\/span>\n\t\t<\/p>\n\t<\/div>\n\t<div class=\"form-two-col\">\n\t\t<div>\n\t\t\t<p><label> Check in <span class=\"wpcf7-form-control-wrap\" data-name=\"check-in\"><input class=\"wpcf7-form-control wpcf7-date wpcf7-validates-as-required wpcf7-validates-as-date\" aria-required=\"true\" aria-invalid=\"false\" placeholder=\"Check in\" value=\"\" type=\"date\" name=\"check-in\" \/><\/span><\/label>\n\t\t\t<\/p>\n\t\t<\/div>\n\t\t<div>\n\t\t\t<p><label> Check out <span class=\"wpcf7-form-control-wrap\" data-name=\"check-out\"><input class=\"wpcf7-form-control wpcf7-date wpcf7-validates-as-required wpcf7-validates-as-date\" aria-required=\"true\" aria-invalid=\"false\" placeholder=\"Check out\" value=\"\" type=\"date\" name=\"check-out\" \/><\/span><\/label>\n\t\t\t<\/p>\n\t\t<\/div>\n\t<\/div>\n\t<p><label> W\u00e4hlen Sie Ihr Land<br \/>\n<span class=\"wpcf7-form-control-wrap\" data-name=\"landselectie\"><select class=\"wpcf7-form-control wpcf7-select wpcf7-validates-as-required\" aria-required=\"true\" aria-invalid=\"false\" name=\"landselectie\"><option value=\"\">&#8211; Bitte ausw\u00e4hlen &#8211;<\/option><option value=\"Albania\">Albania<\/option><option value=\"Andorra\">Andorra<\/option><option value=\"Austria\">Austria<\/option><option value=\"Belarus\">Belarus<\/option><option value=\"Belgium\">Belgium<\/option><option value=\"Bosnia and Herzegovina\">Bosnia and Herzegovina<\/option><option value=\"Bulgaria\">Bulgaria<\/option><option value=\"Croatia\">Croatia<\/option><option value=\"Czech Republic\">Czech Republic<\/option><option value=\"Denmark\">Denmark<\/option><option value=\"Estonia\">Estonia<\/option><option value=\"Faroe Islands (Denmark)\">Faroe Islands (Denmark)<\/option><option value=\"Finland\">Finland<\/option><option value=\"France\">France<\/option><option value=\"Germany\">Germany<\/option><option value=\"Greece\">Greece<\/option><option value=\"Guernsey (UK)\">Guernsey (UK)<\/option><option value=\"Hungary\">Hungary<\/option><option value=\"Iceland\">Iceland<\/option><option value=\"Ireland\">Ireland<\/option><option value=\"Isle of Man (UK)\">Isle of Man (UK)<\/option><option value=\"Italy\">Italy<\/option><option value=\"Jersey (UK)\">Jersey (UK)<\/option><option value=\"Kosovo\">Kosovo<\/option><option value=\"Latvia\">Latvia<\/option><option value=\"Liechtenstein\">Liechtenstein<\/option><option value=\"Lithuania\">Lithuania<\/option><option value=\"Luxembourg\">Luxembourg<\/option><option value=\"Macedonia\">Macedonia<\/option><option value=\"Malta\">Malta<\/option><option value=\"Moldova\">Moldova<\/option><option value=\"Monaco\">Monaco<\/option><option value=\"Montenegro\">Montenegro<\/option><option value=\"Netherlands\">Netherlands<\/option><option value=\"Norway\">Norway<\/option><option value=\"Poland\">Poland<\/option><option value=\"Portugal\">Portugal<\/option><option value=\"Romania\">Romania<\/option><option value=\"Russia\">Russia<\/option><option value=\"San Marino\">San Marino<\/option><option value=\"Serbia\">Serbia<\/option><option value=\"Slovakia\">Slovakia<\/option><option value=\"Slovenia\">Slovenia<\/option><option value=\"Spain\">Spain<\/option><option value=\"Sweden\">Sweden<\/option><option value=\"Switzerland\">Switzerland<\/option><option value=\"Ukraine\">Ukraine<\/option><option value=\"United Kingdom\">United Kingdom<\/option><\/select><\/span><\/label>\n\t<\/p>\n\t<div>\n\t\t<p><span class=\"wpcf7-form-control-wrap\" data-name=\"privacyverklaring\"><span class=\"wpcf7-form-control wpcf7-acceptance\"><span class=\"wpcf7-list-item\"><label><input type=\"checkbox\" name=\"privacyverklaring\" value=\"1\" aria-invalid=\"false\" \/><span class=\"wpcf7-list-item-label\">Ich stimme der <a href=\"https:\/\/truckparkingholland.com\/wp-content\/uploads\/2021\/06\/1Privacybeleid.pdf\" target=\"_blank\">Datenschutzerkl\u00e4rung<\/a>.<\/span><\/label><\/span><\/span><\/span>\n\t\t<\/p>\n\t<\/div>\n\t<div>\n\t\t<p><input class=\"wpcf7-form-control wpcf7-submit has-spinner\" type=\"submit\" value=\"Senden\" \/>\n\t\t<\/p>\n\t<\/div>\n<\/div><input type='hidden' class='wpcf7-pum' value='{\"closepopup\":false,\"closedelay\":0,\"openpopup\":false,\"openpopup_id\":0}' \/>\n<\/form>\n<\/div>\n[\/vc_column][\/vc_row]<\/p>\n<\/div>","protected":false},"excerpt":{"rendered":"<p>[vc_row css_animation=&#8220;&#8220; row_type=&#8220;row&#8220; use_row_as_full_screen_section=&#8220;no&#8220; type=&#8220;grid&#8220; angled_section=&#8220;no&#8220; text_align=&#8220;left&#8220; background_image_as_pattern=&#8220;without_pattern&#8220; z_index=&#8220;&#8220;][vc_column width=&#8220;7\/12&#8243; css=&#8220;.vc_custom_1615391332765{padding-top: 3em !important;padding-bottom: 5em !important;padding-left: 2vw !important;}&#8220; el_class=&#8220;vc_col-sm-push-5&#8243;][vc_column_text] Park regulations Auf dem Gel\u00e4nde gelten Vorschriften, die von Ihnen als Benutzer einzuhalten sind. Allgemeine Bestimmungen Das Betreten des Lkw-Parkplatzes Borchwerf (Lkw-Parkplatz) erfolgt ausschlie\u00dflich auf eigene Gefahr&#8230;.<\/p>\n","protected":false},"author":1,"featured_media":0,"parent":0,"menu_order":0,"comment_status":"closed","ping_status":"closed","template":"full_width.php","meta":{"footnotes":""},"class_list":["post-883","page","type-page","status-publish","hentry"],"yoast_head":"<!-- This site is optimized with the Yoast SEO plugin v27.4 - https:\/\/yoast.com\/product\/yoast-seo-wordpress\/ -->\n<title>Parkvorschriften - Truckparking Holland<\/title>\n<meta name=\"robots\" content=\"index, follow, max-snippet:-1, max-image-preview:large, max-video-preview:-1\" \/>\n<meta property=\"og:locale\" content=\"de_DE\" \/>\n<meta property=\"og:type\" content=\"article\" \/>\n<meta property=\"og:title\" content=\"Parkvorschriften - Truckparking Holland\" \/>\n<meta property=\"og:description\" content=\"[vc_row css_animation=&#8220;&#8220; row_type=&#8220;row&#8220; use_row_as_full_screen_section=&#8220;no&#8220; type=&#8220;grid&#8220; angled_section=&#8220;no&#8220; text_align=&#8220;left&#8220; background_image_as_pattern=&#8220;without_pattern&#8220; z_index=&#8220;&#8220;][vc_column width=&#8220;7\/12&#8243; css=&#8220;.vc_custom_1615391332765{padding-top: 3em !important;padding-bottom: 5em !important;padding-left: 2vw !important;}&#8220; el_class=&#8220;vc_col-sm-push-5&#8243;][vc_column_text] Park regulations Auf dem Gel\u00e4nde gelten Vorschriften, die von Ihnen als Benutzer einzuhalten sind. Allgemeine Bestimmungen Das Betreten des Lkw-Parkplatzes Borchwerf (Lkw-Parkplatz) erfolgt ausschlie\u00dflich auf eigene Gefahr....\" \/>\n<meta property=\"og:url\" content=\"https:\/\/www.truckparkingholland.com\/de\/park-regulations\/\" \/>\n<meta property=\"og:site_name\" content=\"Truckparking Holland\" \/>\n<meta property=\"article:modified_time\" content=\"2021-07-30T17:58:37+00:00\" \/>\n<meta name=\"twitter:card\" content=\"summary_large_image\" \/>\n<meta name=\"twitter:label1\" content=\"Gesch\u00e4tzte Lesezeit\" \/>\n\t<meta name=\"twitter:data1\" content=\"5\u00a0Minuten\" \/>\n<script type=\"application\/ld+json\" class=\"yoast-schema-graph\">{\"@context\":\"https:\\\/\\\/schema.org\",\"@graph\":[{\"@type\":\"WebPage\",\"@id\":\"https:\\\/\\\/www.truckparkingholland.com\\\/de\\\/park-regulations\\\/\",\"url\":\"https:\\\/\\\/www.truckparkingholland.com\\\/de\\\/park-regulations\\\/\",\"name\":\"Parkvorschriften - Truckparking Holland\",\"isPartOf\":{\"@id\":\"https:\\\/\\\/www.truckparkingholland.com\\\/de\\\/#website\"},\"datePublished\":\"2021-03-22T13:48:31+00:00\",\"dateModified\":\"2021-07-30T17:58:37+00:00\",\"breadcrumb\":{\"@id\":\"https:\\\/\\\/www.truckparkingholland.com\\\/de\\\/park-regulations\\\/#breadcrumb\"},\"inLanguage\":\"de\",\"potentialAction\":[{\"@type\":\"ReadAction\",\"target\":[\"https:\\\/\\\/www.truckparkingholland.com\\\/de\\\/park-regulations\\\/\"]}]},{\"@type\":\"BreadcrumbList\",\"@id\":\"https:\\\/\\\/www.truckparkingholland.com\\\/de\\\/park-regulations\\\/#breadcrumb\",\"itemListElement\":[{\"@type\":\"ListItem\",\"position\":1,\"name\":\"Home\",\"item\":\"https:\\\/\\\/www.truckparkingholland.com\\\/de\\\/\"},{\"@type\":\"ListItem\",\"position\":2,\"name\":\"Parkvorschriften\"}]},{\"@type\":\"WebSite\",\"@id\":\"https:\\\/\\\/www.truckparkingholland.com\\\/de\\\/#website\",\"url\":\"https:\\\/\\\/www.truckparkingholland.com\\\/de\\\/\",\"name\":\"Truckparking Holland\",\"description\":\"Veilig parkeren voor uw transport\",\"publisher\":{\"@id\":\"https:\\\/\\\/www.truckparkingholland.com\\\/de\\\/#organization\"},\"potentialAction\":[{\"@type\":\"SearchAction\",\"target\":{\"@type\":\"EntryPoint\",\"urlTemplate\":\"https:\\\/\\\/www.truckparkingholland.com\\\/de\\\/?s={search_term_string}\"},\"query-input\":{\"@type\":\"PropertyValueSpecification\",\"valueRequired\":true,\"valueName\":\"search_term_string\"}}],\"inLanguage\":\"de\"},{\"@type\":\"Organization\",\"@id\":\"https:\\\/\\\/www.truckparkingholland.com\\\/de\\\/#organization\",\"name\":\"Truckparking Holland\",\"url\":\"https:\\\/\\\/www.truckparkingholland.com\\\/de\\\/\",\"logo\":{\"@type\":\"ImageObject\",\"inLanguage\":\"de\",\"@id\":\"https:\\\/\\\/www.truckparkingholland.com\\\/de\\\/#\\\/schema\\\/logo\\\/image\\\/\",\"url\":\"https:\\\/\\\/truckparkingholland.com\\\/wp-content\\\/uploads\\\/2021\\\/09\\\/logo-truckparking-holland-1.png\",\"contentUrl\":\"https:\\\/\\\/truckparkingholland.com\\\/wp-content\\\/uploads\\\/2021\\\/09\\\/logo-truckparking-holland-1.png\",\"width\":275,\"height\":79,\"caption\":\"Truckparking Holland\"},\"image\":{\"@id\":\"https:\\\/\\\/www.truckparkingholland.com\\\/de\\\/#\\\/schema\\\/logo\\\/image\\\/\"}}]}<\/script>\n<!-- \/ Yoast SEO plugin. -->","yoast_head_json":{"title":"Parkvorschriften - Truckparking Holland","robots":{"index":"index","follow":"follow","max-snippet":"max-snippet:-1","max-image-preview":"max-image-preview:large","max-video-preview":"max-video-preview:-1"},"og_locale":"de_DE","og_type":"article","og_title":"Parkvorschriften - Truckparking Holland","og_description":"[vc_row css_animation=&#8220;&#8220; row_type=&#8220;row&#8220; use_row_as_full_screen_section=&#8220;no&#8220; type=&#8220;grid&#8220; angled_section=&#8220;no&#8220; text_align=&#8220;left&#8220; background_image_as_pattern=&#8220;without_pattern&#8220; z_index=&#8220;&#8220;][vc_column width=&#8220;7\/12&#8243; css=&#8220;.vc_custom_1615391332765{padding-top: 3em !important;padding-bottom: 5em !important;padding-left: 2vw !important;}&#8220; el_class=&#8220;vc_col-sm-push-5&#8243;][vc_column_text] Park regulations Auf dem Gel\u00e4nde gelten Vorschriften, die von Ihnen als Benutzer einzuhalten sind. Allgemeine Bestimmungen Das Betreten des Lkw-Parkplatzes Borchwerf (Lkw-Parkplatz) erfolgt ausschlie\u00dflich auf eigene Gefahr....","og_url":"https:\/\/www.truckparkingholland.com\/de\/park-regulations\/","og_site_name":"Truckparking Holland","article_modified_time":"2021-07-30T17:58:37+00:00","twitter_card":"summary_large_image","twitter_misc":{"Gesch\u00e4tzte Lesezeit":"5\u00a0Minuten"},"schema":{"@context":"https:\/\/schema.org","@graph":[{"@type":"WebPage","@id":"https:\/\/www.truckparkingholland.com\/de\/park-regulations\/","url":"https:\/\/www.truckparkingholland.com\/de\/park-regulations\/","name":"Parkvorschriften - Truckparking Holland","isPartOf":{"@id":"https:\/\/www.truckparkingholland.com\/de\/#website"},"datePublished":"2021-03-22T13:48:31+00:00","dateModified":"2021-07-30T17:58:37+00:00","breadcrumb":{"@id":"https:\/\/www.truckparkingholland.com\/de\/park-regulations\/#breadcrumb"},"inLanguage":"de","potentialAction":[{"@type":"ReadAction","target":["https:\/\/www.truckparkingholland.com\/de\/park-regulations\/"]}]},{"@type":"BreadcrumbList","@id":"https:\/\/www.truckparkingholland.com\/de\/park-regulations\/#breadcrumb","itemListElement":[{"@type":"ListItem","position":1,"name":"Home","item":"https:\/\/www.truckparkingholland.com\/de\/"},{"@type":"ListItem","position":2,"name":"Parkvorschriften"}]},{"@type":"WebSite","@id":"https:\/\/www.truckparkingholland.com\/de\/#website","url":"https:\/\/www.truckparkingholland.com\/de\/","name":"Truckparking Holland","description":"Veilig parkeren voor uw transport","publisher":{"@id":"https:\/\/www.truckparkingholland.com\/de\/#organization"},"potentialAction":[{"@type":"SearchAction","target":{"@type":"EntryPoint","urlTemplate":"https:\/\/www.truckparkingholland.com\/de\/?s={search_term_string}"},"query-input":{"@type":"PropertyValueSpecification","valueRequired":true,"valueName":"search_term_string"}}],"inLanguage":"de"},{"@type":"Organization","@id":"https:\/\/www.truckparkingholland.com\/de\/#organization","name":"Truckparking Holland","url":"https:\/\/www.truckparkingholland.com\/de\/","logo":{"@type":"ImageObject","inLanguage":"de","@id":"https:\/\/www.truckparkingholland.com\/de\/#\/schema\/logo\/image\/","url":"https:\/\/truckparkingholland.com\/wp-content\/uploads\/2021\/09\/logo-truckparking-holland-1.png","contentUrl":"https:\/\/truckparkingholland.com\/wp-content\/uploads\/2021\/09\/logo-truckparking-holland-1.png","width":275,"height":79,"caption":"Truckparking Holland"},"image":{"@id":"https:\/\/www.truckparkingholland.com\/de\/#\/schema\/logo\/image\/"}}]}},"_links":{"self":[{"href":"https:\/\/www.truckparkingholland.com\/de\/wp-json\/wp\/v2\/pages\/883","targetHints":{"allow":["GET"]}}],"collection":[{"href":"https:\/\/www.truckparkingholland.com\/de\/wp-json\/wp\/v2\/pages"}],"about":[{"href":"https:\/\/www.truckparkingholland.com\/de\/wp-json\/wp\/v2\/types\/page"}],"author":[{"embeddable":true,"href":"https:\/\/www.truckparkingholland.com\/de\/wp-json\/wp\/v2\/users\/1"}],"replies":[{"embeddable":true,"href":"https:\/\/www.truckparkingholland.com\/de\/wp-json\/wp\/v2\/comments?post=883"}],"version-history":[{"count":3,"href":"https:\/\/www.truckparkingholland.com\/de\/wp-json\/wp\/v2\/pages\/883\/revisions"}],"predecessor-version":[{"id":2997,"href":"https:\/\/www.truckparkingholland.com\/de\/wp-json\/wp\/v2\/pages\/883\/revisions\/2997"}],"wp:attachment":[{"href":"https:\/\/www.truckparkingholland.com\/de\/wp-json\/wp\/v2\/media?parent=883"}],"curies":[{"name":"wp","href":"https:\/\/api.w.org\/{rel}","templated":true}]}}